{"id":825,"date":"2014-07-26T22:32:45","date_gmt":"2014-07-26T19:32:45","guid":{"rendered":"http:\/\/www.iosonocirneco.com\/fi\/?page_id=825"},"modified":"2021-05-27T11:37:51","modified_gmt":"2021-05-27T08:37:51","slug":"iosono-mea-della-mea","status":"publish","type":"page","link":"https:\/\/www.iosonocirneco.com\/fi\/cirneco-dell-etna\/cirnecomme\/iosono-mea-della-mea\/","title":{"rendered":"Iosono Mea della Mea"},"content":{"rendered":"\n<h3 class=\"has-text-align-center wp-block-heading\"><strong>Iosono Mea della Mea \u201cMea\u201d \u2640<\/strong><\/h3>\n\n\n\n<p class=\"has-text-align-center\"><em>KANS &amp; POHJ &amp; FI &amp; SE &amp; NO MVA MittelosteuropaSG-04 PMV-05<\/em><\/p>\n\n\n\n<p class=\"has-text-align-center\"><strong>RIP 27.7.2001 \u2013 18.10.2012<\/strong><\/p>\n\n\n\n<div class=\"wp-block-image is-style-default\"><figure class=\"aligncenter\"><img loading=\"lazy\" decoding=\"async\" width=\"550\" height=\"367\" src=\"http:\/\/www.iosonocirneco.com\/fi\/wp-content\/uploads\/2014\/07\/mea.jpg\" alt=\"mea\" class=\"wp-image-467\" srcset=\"https:\/\/www.iosonocirneco.com\/fi\/wp-content\/uploads\/2014\/07\/mea.jpg 550w, https:\/\/www.iosonocirneco.com\/fi\/wp-content\/uploads\/2014\/07\/mea-300x200.jpg 300w\" sizes=\"auto, (max-width: 550px) 100vw, 550px\" \/><\/figure><\/div>\n\n\n\n<p><strong>Synt:<\/strong> 27.07.2001<br><strong>Terveys: <\/strong>terveet silm\u00e4t ja polvet 0\/0 (2006). Puuttui 2 v\u00e4lihammasta. Lopetettiin 11-vuotiaana (vanhuus).<br><strong>Tulokset:<\/strong> N\u00e4yttelyist\u00e4 kansainv\u00e4linen muotovalio, BIS-2 Club Show 2005, Pohjoismaiden Voittaja 2005 ROP<br><strong>Pentueet:<\/strong> Iosono D-pentue (2007)<\/p>\n\n\n\n<p><a rel=\"noopener\" href=\"http:\/\/jalostus.kennelliitto.fi\/frmKoira.aspx?RekNo=FIN37325\/01&amp;R=199\" target=\"_blank\"><strong>Mea KoiraNetiss\u00e4<\/strong><\/a> | <strong><a href=\"https:\/\/cirneco.breedarchive.com\/animal\/view\/iosono-mea-della-mea-b096c4ee-2860-47ad-a9da-08307d4f5136\" target=\"_blank\" rel=\"noreferrer noopener\">Mea Cirneco Breed Archivessa<\/a><\/strong><\/p>\n\n\n\n<p>Mea kiinnitti huomiomme ylv\u00e4\u00e4ll\u00e4 olemuksellaan jo pentulaatikossa. Mean ollessa nuorempi harrastimme sen kanssa n\u00e4yttelyit\u00e4, parhaimpana menestyksen\u00e4 erikoisn\u00e4yttelyn Club Shown BIS2-voitto ja rotunsa paras Pohjoismaiden voittaja -n\u00e4yttelyss\u00e4 vuonna 2005. Luonteeltaan Mea oli yst\u00e4v\u00e4llinen, iloinen ja avoin h\u00e4nn\u00e4nheiluttaja ihmisille sek\u00e4 sosiaalinen muille koirille. Mea asui pennusta pit\u00e4en Helsingiss\u00e4 Erjan siskon luona. Mea oli menestyksekk\u00e4\u00e4n D-pentueemme em\u00e4.<\/p>\n\n\n\n<div class=\"wp-block-image is-style-default\"><figure class=\"aligncenter\"><img loading=\"lazy\" decoding=\"async\" width=\"550\" height=\"375\" src=\"http:\/\/www.iosonocirneco.com\/fi\/wp-content\/uploads\/2014\/07\/mea5vee2.jpg\" alt=\"mea5vee2\" class=\"wp-image-828\" srcset=\"https:\/\/www.iosonocirneco.com\/fi\/wp-content\/uploads\/2014\/07\/mea5vee2.jpg 550w, https:\/\/www.iosonocirneco.com\/fi\/wp-content\/uploads\/2014\/07\/mea5vee2-300x204.jpg 300w\" sizes=\"auto, (max-width: 550px) 100vw, 550px\" \/><\/figure><\/div>\n\n\n\n<div class=\"wp-block-image is-style-default\"><figure class=\"aligncenter\"><img loading=\"lazy\" decoding=\"async\" width=\"1212\" height=\"931\" src=\"http:\/\/www.iosonocirneco.com\/fi\/wp-content\/uploads\/2014\/07\/mea_eipantaa.jpg\" alt=\"mea_eipantaa\" class=\"wp-image-826\" srcset=\"https:\/\/www.iosonocirneco.com\/fi\/wp-content\/uploads\/2014\/07\/mea_eipantaa.jpg 1212w, https:\/\/www.iosonocirneco.com\/fi\/wp-content\/uploads\/2014\/07\/mea_eipantaa-300x230.jpg 300w, https:\/\/www.iosonocirneco.com\/fi\/wp-content\/uploads\/2014\/07\/mea_eipantaa-1024x786.jpg 1024w\" sizes=\"auto, (max-width: 1212px) 100vw, 1212px\" \/><\/figure><\/div>\n\n\n\n<div class=\"wp-block-image is-style-default\"><figure class=\"aligncenter\"><img loading=\"lazy\" decoding=\"async\" width=\"550\" height=\"444\" src=\"http:\/\/www.iosonocirneco.com\/fi\/wp-content\/uploads\/2014\/07\/mea21.jpg\" alt=\"MINOLTA DIGITAL CAMERA\" class=\"wp-image-827\" srcset=\"https:\/\/www.iosonocirneco.com\/fi\/wp-content\/uploads\/2014\/07\/mea21.jpg 550w, https:\/\/www.iosonocirneco.com\/fi\/wp-content\/uploads\/2014\/07\/mea21-300x242.jpg 300w\" sizes=\"auto, (max-width: 550px) 100vw, 550px\" \/><\/figure><\/div>\n\n\n\n<div class=\"wp-block-image is-style-default\"><figure class=\"aligncenter\"><img loading=\"lazy\" decoding=\"async\" width=\"550\" height=\"402\" src=\"http:\/\/www.iosonocirneco.com\/fi\/wp-content\/uploads\/2014\/07\/mealugano2.jpg\" alt=\"mealugano2\" class=\"wp-image-830\" srcset=\"https:\/\/www.iosonocirneco.com\/fi\/wp-content\/uploads\/2014\/07\/mealugano2.jpg 550w, https:\/\/www.iosonocirneco.com\/fi\/wp-content\/uploads\/2014\/07\/mealugano2-300x219.jpg 300w\" sizes=\"auto, (max-width: 550px) 100vw, 550px\" \/><\/figure><\/div>\n\n\n\n<div class=\"wp-block-image is-style-default\"><figure class=\"aligncenter\"><img loading=\"lazy\" decoding=\"async\" width=\"533\" height=\"800\" src=\"http:\/\/www.iosonocirneco.com\/fi\/wp-content\/uploads\/2014\/07\/mea7v.jpg\" alt=\"mea7v\" class=\"wp-image-829\" srcset=\"https:\/\/www.iosonocirneco.com\/fi\/wp-content\/uploads\/2014\/07\/mea7v.jpg 533w, https:\/\/www.iosonocirneco.com\/fi\/wp-content\/uploads\/2014\/07\/mea7v-199x300.jpg 199w\" sizes=\"auto, (max-width: 533px) 100vw, 533px\" \/><\/figure><\/div>\n","protected":false},"excerpt":{"rendered":"<p>Iosono Mea della Mea \u201cMea\u201d \u2640 KANS &amp; POHJ &amp; FI &amp; SE &amp; NO MVA MittelosteuropaSG-04 PMV-05 RIP 27.7.2001 \u2013 18.10.2012 Synt: 27.07.2001Terveys: terveet silm\u00e4t ja polvet 0\/0 (2006). Puuttui 2 v\u00e4lihammasta. Lopetettiin 11-vuotiaana (vanhuus).Tulokset: N\u00e4yttelyist\u00e4 kansainv\u00e4linen muotovalio, BIS-2 Club Show 2005, Pohjoismaiden Voittaja 2005 ROPPentueet: Iosono D-pentue (2007) Mea KoiraNetiss\u00e4 | Mea Cirneco&#8230;<\/p>\n","protected":false},"author":1,"featured_media":0,"parent":114,"menu_order":0,"comment_status":"closed","ping_status":"closed","template":"","meta":{"_kad_post_transparent":"","_kad_post_title":"","_kad_post_layout":"","_kad_post_sidebar_id":"","_kad_post_content_style":"","_kad_post_vertical_padding":"","_kad_post_feature":"","_kad_post_feature_position":"","_kad_post_header":false,"_kad_post_footer":false,"_kad_post_classname":"","footnotes":""},"class_list":["post-825","page","type-page","status-publish","hentry"],"_links":{"self":[{"href":"https:\/\/www.iosonocirneco.com\/fi\/wp-json\/wp\/v2\/pages\/825","targetHints":{"allow":["GET"]}}],"collection":[{"href":"https:\/\/www.iosonocirneco.com\/fi\/wp-json\/wp\/v2\/pages"}],"about":[{"href":"https:\/\/www.iosonocirneco.com\/fi\/wp-json\/wp\/v2\/types\/page"}],"author":[{"embeddable":true,"href":"https:\/\/www.iosonocirneco.com\/fi\/wp-json\/wp\/v2\/users\/1"}],"replies":[{"embeddable":true,"href":"https:\/\/www.iosonocirneco.com\/fi\/wp-json\/wp\/v2\/comments?post=825"}],"version-history":[{"count":4,"href":"https:\/\/www.iosonocirneco.com\/fi\/wp-json\/wp\/v2\/pages\/825\/revisions"}],"predecessor-version":[{"id":12920,"href":"https:\/\/www.iosonocirneco.com\/fi\/wp-json\/wp\/v2\/pages\/825\/revisions\/12920"}],"up":[{"embeddable":true,"href":"https:\/\/www.iosonocirneco.com\/fi\/wp-json\/wp\/v2\/pages\/114"}],"wp:attachment":[{"href":"https:\/\/www.iosonocirneco.com\/fi\/wp-json\/wp\/v2\/media?parent=825"}],"curies":[{"name":"wp","href":"https:\/\/api.w.org\/{rel}","templated":true}]}}