{"id":821,"date":"2014-07-26T22:27:38","date_gmt":"2014-07-26T19:27:38","guid":{"rendered":"http:\/\/www.iosonocirneco.com\/fi\/?page_id=821"},"modified":"2022-09-13T11:07:49","modified_gmt":"2022-09-13T08:07:49","slug":"iosono-michelangelo","status":"publish","type":"page","link":"https:\/\/www.iosonocirneco.com\/fi\/cirneco-dell-etna\/cirnecomme\/iosono-michelangelo\/","title":{"rendered":"Iosono Michelangelo"},"content":{"rendered":"\n<h3 class=\"has-text-align-center wp-block-heading\"><strong>Iosono Michelangelo \u201cMiki\u201d \u2642<\/strong><\/h3>\n\n\n\n<p class=\"has-text-align-center\"><em>KANS &amp; POHJ &amp; FIN &amp; S &amp; N &amp; PL &amp; LV &amp; EST MVA FIN KVA-m SVKLMM-03 CVM-04 Mittelosteuropa Sieger-04 It\u00e4vallan Voittaja 2006<\/em><\/p>\n\n\n\n<p class=\"has-text-align-center\"><strong>RIP 27.7.2001 \u2013 4.10.2010<\/strong><\/p>\n\n\n\n<figure class=\"wp-block-image size-full is-style-default\"><a href=\"https:\/\/www.iosonocirneco.com\/fi\/wp-content\/uploads\/2021\/05\/mikbiitsiloma.jpg\"><img loading=\"lazy\" decoding=\"async\" width=\"2048\" height=\"1365\" src=\"https:\/\/www.iosonocirneco.com\/fi\/wp-content\/uploads\/2021\/05\/mikbiitsiloma.jpg\" alt=\"\" class=\"wp-image-12565\" srcset=\"https:\/\/www.iosonocirneco.com\/fi\/wp-content\/uploads\/2021\/05\/mikbiitsiloma.jpg 2048w, https:\/\/www.iosonocirneco.com\/fi\/wp-content\/uploads\/2021\/05\/mikbiitsiloma-768x511.jpg 768w\" sizes=\"auto, (max-width: 2048px) 100vw, 2048px\" \/><\/a><\/figure>\n\n\n\n<p><strong>Synt:<\/strong> 27.7.2001<br><strong>Terveys:<\/strong> kaikki hampaat, silm\u00e4t ok ja polvet 0\/0 (2006). Kastroitu (kivekset ennen ok). Lopetettu 9-vuotiaana (renaalinen amyloidoosi)<br><strong>Tulokset: <\/strong>Kansainv\u00e4linen muotovalio, k\u00e4ytt\u00f6valio maastojuoksusta<br><strong>Pentueet:<\/strong> Iosono R-pentue (2005), Vespinja\u2019s B-pentue (2005), Bresar\u2019s C-pentue (2007) ja Colisto\u2019s B-pentue (2008)<br><\/p>\n\n\n\n<p><a rel=\"noopener\" href=\"http:\/\/jalostus.kennelliitto.fi\/frmKoira.aspx?RekNo=FIN37323\/01&amp;R=199\" target=\"_blank\"><strong>Miki KoiraNetiss\u00e4<\/strong><\/a> | <strong><a href=\"https:\/\/cirneco.breedarchive.com\/animal\/view\/iosono-michelangelo-7b4349b1-f5b0-41bd-a7bf-db8588210c91\" target=\"_blank\" rel=\"noreferrer noopener\">Miki Cirneco Breed Archivessa<\/a><\/strong><\/p>\n\n\n\n<p>Mikist\u00e4 tuli Inkan koira, vaikka Erja sen halusikin kotiin j\u00e4tt\u00e4\u00e4. Miki oli kaikenkaikkiaan upea koira ja varmastikin aikansa yksi parhaimmista pr-cirnecoista Suomessa. Todenn\u00e4k\u00f6isesti juuri Mikin ansiosta kymmenist\u00e4 ihmisist\u00e4 tuli cirnecon omistajia. Luonteeltaan Miki oli hyvin helppo, iloinen ja vaivaton koira, ja h\u00e4nt\u00e4 oli jatkuvalla heilurivaihteella. <\/p>\n\n\n\n<p>Miki oli harrastuskoirana eritt\u00e4in monipuolinen \u2013 se p\u00e4rj\u00e4si upeasti n\u00e4yttelyiss\u00e4 ymp\u00e4ri Eurooppaa sek\u00e4 maastojuoksukilpailuissa Suomessa. Se j\u00e4tti my\u00f6s nelj\u00e4 pentuetta j\u00e4lkeens\u00e4 Suomeen, Ven\u00e4j\u00e4lle ja Latviaan. Miki kulki Inkan mukana Inkan aikuistuessa ymp\u00e4ri Eurooppaa, sill\u00e4 Miki asui mm. It\u00e4vallassa ja Italiassa Inkan mukana. Valitettavasti suureksi suruksemme Miki aivan odottamattomasti siirtyi sateenkaarisillalle 9-vuotiaana. Kuolinsyyksi paljastui avauksessa munuaissairaus renaalinen amyloidoosi.<\/p>\n\n\n\n<figure class=\"wp-block-image size-full is-style-default\"><a href=\"https:\/\/www.iosonocirneco.com\/fi\/wp-content\/uploads\/2021\/05\/miki6yearsis3.jpg\"><img loading=\"lazy\" decoding=\"async\" width=\"2048\" height=\"1365\" src=\"https:\/\/www.iosonocirneco.com\/fi\/wp-content\/uploads\/2021\/05\/miki6yearsis3.jpg\" alt=\"\" class=\"wp-image-12561\" srcset=\"https:\/\/www.iosonocirneco.com\/fi\/wp-content\/uploads\/2021\/05\/miki6yearsis3.jpg 2048w, https:\/\/www.iosonocirneco.com\/fi\/wp-content\/uploads\/2021\/05\/miki6yearsis3-768x511.jpg 768w\" sizes=\"auto, (max-width: 2048px) 100vw, 2048px\" \/><\/a><\/figure>\n\n\n\n<figure class=\"wp-block-image size-full is-style-default\"><a href=\"https:\/\/www.iosonocirneco.com\/fi\/wp-content\/uploads\/2021\/05\/miki6yearsis.jpg\"><img loading=\"lazy\" decoding=\"async\" width=\"2048\" height=\"1365\" src=\"https:\/\/www.iosonocirneco.com\/fi\/wp-content\/uploads\/2021\/05\/miki6yearsis.jpg\" alt=\"\" class=\"wp-image-12563\" srcset=\"https:\/\/www.iosonocirneco.com\/fi\/wp-content\/uploads\/2021\/05\/miki6yearsis.jpg 2048w, https:\/\/www.iosonocirneco.com\/fi\/wp-content\/uploads\/2021\/05\/miki6yearsis-768x511.jpg 768w\" sizes=\"auto, (max-width: 2048px) 100vw, 2048px\" \/><\/a><figcaption><a href=\"https:\/\/www.iosonocirneco.com\/fi\/wp-content\/uploads\/2021\/05\/miki-italiassa2003.jpg\"><\/a><\/figcaption><\/figure>\n\n\n\n<figure class=\"wp-block-image size-full is-style-default\"><a href=\"https:\/\/www.iosonocirneco.com\/fi\/wp-content\/uploads\/2021\/05\/miki-italiassa2003.jpg\"><img loading=\"lazy\" decoding=\"async\" width=\"2048\" height=\"1396\" src=\"https:\/\/www.iosonocirneco.com\/fi\/wp-content\/uploads\/2021\/05\/miki-italiassa2003.jpg\" alt=\"\" class=\"wp-image-12564\" srcset=\"https:\/\/www.iosonocirneco.com\/fi\/wp-content\/uploads\/2021\/05\/miki-italiassa2003.jpg 2048w, https:\/\/www.iosonocirneco.com\/fi\/wp-content\/uploads\/2021\/05\/miki-italiassa2003-768x523.jpg 768w\" sizes=\"auto, (max-width: 2048px) 100vw, 2048px\" \/><\/a><\/figure>\n\n\n\n<figure class=\"wp-block-image size-full is-style-default\"><a href=\"https:\/\/www.iosonocirneco.com\/fi\/wp-content\/uploads\/2021\/05\/mikistack-2048px.jpg\"><img loading=\"lazy\" decoding=\"async\" width=\"2048\" height=\"1427\" src=\"https:\/\/www.iosonocirneco.com\/fi\/wp-content\/uploads\/2021\/05\/mikistack-2048px.jpg\" alt=\"\" class=\"wp-image-12566\" srcset=\"https:\/\/www.iosonocirneco.com\/fi\/wp-content\/uploads\/2021\/05\/mikistack-2048px.jpg 2048w, https:\/\/www.iosonocirneco.com\/fi\/wp-content\/uploads\/2021\/05\/mikistack-2048px-768x535.jpg 768w\" sizes=\"auto, (max-width: 2048px) 100vw, 2048px\" \/><\/a><\/figure>\n","protected":false},"excerpt":{"rendered":"<p>Iosono Michelangelo \u201cMiki\u201d \u2642 KANS &amp; POHJ &amp; FIN &amp; S &amp; N &amp; PL &amp; LV &amp; EST MVA FIN KVA-m SVKLMM-03 CVM-04 Mittelosteuropa Sieger-04 It\u00e4vallan Voittaja 2006 RIP 27.7.2001 \u2013 4.10.2010 Synt: 27.7.2001Terveys: kaikki hampaat, silm\u00e4t ok ja polvet 0\/0 (2006). Kastroitu (kivekset ennen ok). Lopetettu 9-vuotiaana (renaalinen amyloidoosi)Tulokset: Kansainv\u00e4linen muotovalio, k\u00e4ytt\u00f6valio maastojuoksustaPentueet:&#8230;<\/p>\n","protected":false},"author":1,"featured_media":0,"parent":114,"menu_order":0,"comment_status":"closed","ping_status":"closed","template":"","meta":{"_kad_post_transparent":"","_kad_post_title":"","_kad_post_layout":"","_kad_post_sidebar_id":"","_kad_post_content_style":"","_kad_post_vertical_padding":"","_kad_post_feature":"","_kad_post_feature_position":"","_kad_post_header":false,"_kad_post_footer":false,"_kad_post_classname":"","footnotes":""},"class_list":["post-821","page","type-page","status-publish","hentry"],"_links":{"self":[{"href":"https:\/\/www.iosonocirneco.com\/fi\/wp-json\/wp\/v2\/pages\/821","targetHints":{"allow":["GET"]}}],"collection":[{"href":"https:\/\/www.iosonocirneco.com\/fi\/wp-json\/wp\/v2\/pages"}],"about":[{"href":"https:\/\/www.iosonocirneco.com\/fi\/wp-json\/wp\/v2\/types\/page"}],"author":[{"embeddable":true,"href":"https:\/\/www.iosonocirneco.com\/fi\/wp-json\/wp\/v2\/users\/1"}],"replies":[{"embeddable":true,"href":"https:\/\/www.iosonocirneco.com\/fi\/wp-json\/wp\/v2\/comments?post=821"}],"version-history":[{"count":7,"href":"https:\/\/www.iosonocirneco.com\/fi\/wp-json\/wp\/v2\/pages\/821\/revisions"}],"predecessor-version":[{"id":13490,"href":"https:\/\/www.iosonocirneco.com\/fi\/wp-json\/wp\/v2\/pages\/821\/revisions\/13490"}],"up":[{"embeddable":true,"href":"https:\/\/www.iosonocirneco.com\/fi\/wp-json\/wp\/v2\/pages\/114"}],"wp:attachment":[{"href":"https:\/\/www.iosonocirneco.com\/fi\/wp-json\/wp\/v2\/media?parent=821"}],"curies":[{"name":"wp","href":"https:\/\/api.w.org\/{rel}","templated":true}]}}