{"id":809,"date":"2014-07-26T22:19:58","date_gmt":"2014-07-26T19:19:58","guid":{"rendered":"http:\/\/www.iosonocirneco.com\/fi\/?page_id=809"},"modified":"2021-05-27T11:31:10","modified_gmt":"2021-05-27T08:31:10","slug":"bambi","status":"publish","type":"page","link":"https:\/\/www.iosonocirneco.com\/fi\/cirneco-dell-etna\/cirnecomme\/bambi\/","title":{"rendered":"Bambi"},"content":{"rendered":"\n<h3 class=\"has-text-align-center wp-block-heading\">Bambi \u201cJazi\u201d \u2640<\/h3>\n\n\n\n<p class=\"has-text-align-center\"><em>KANS &amp; FI &amp; SE &amp; EE MVA FI KVA-m FI KVA-r JMV-98 EUJV-98 EEV-00 VMM-03 VMR-04<\/em><\/p>\n\n\n\n<p class=\"has-text-align-center\"><strong>RIP 1997 \u2013 2012<\/strong><\/p>\n\n\n\n<p class=\"has-text-align-center\"><br><img loading=\"lazy\" decoding=\"async\" class=\"alignnone size-full wp-image-810\" src=\"http:\/\/www.iosonocirneco.com\/fi\/wp-content\/uploads\/2014\/07\/jazi-easter3.jpg\" alt=\"jazi-easter3\" width=\"800\" height=\"533\" srcset=\"https:\/\/www.iosonocirneco.com\/fi\/wp-content\/uploads\/2014\/07\/jazi-easter3.jpg 800w, https:\/\/www.iosonocirneco.com\/fi\/wp-content\/uploads\/2014\/07\/jazi-easter3-300x199.jpg 300w\" sizes=\"auto, (max-width: 800px) 100vw, 800px\" \/><\/p>\n\n\n\n<p><strong>Syntynyt:<\/strong> 15.06.1997<br><strong>Terveys:<\/strong> silm\u00e4t ok (2007), lopetettu miltei 15-vuotiaana (vanhuus)<br><strong>Tulokset: <\/strong>Kansainv\u00e4linen muotovalio, kolmoisvalio (muotovalio, k\u00e4ytt\u00f6valio rata- ja maastojuoksusta)<br><strong>Pentueet:<\/strong> Iosono A-pentue (2000), M-pentue (2001)<br><strong>Kasvattaja:<\/strong> Domenico Tricomi, Italia<\/p>\n\n\n\n<p><strong><a rel=\"noopener\" href=\"http:\/\/jalostus.kennelliitto.fi\/frmKoira.aspx?RekNo=FIN23313\/99&amp;R=199\" target=\"_blank\">Jazi KoiraNetiss\u00e4<\/a><\/strong> | <strong><a href=\"https:\/\/cirneco.breedarchive.com\/animal\/view\/bambi-lo991748-1f1ab9a7-d6ec-4757-82ca-16b8a8723478\" target=\"_blank\" rel=\"noreferrer noopener\">Jazi Cirneco Breed Archivessa<\/a><\/strong><\/p>\n\n\n\n<p>Jazi oli ensimm\u00e4inen cirnecomme. Se tuli Suomeen Italiasta syksyll\u00e4 1997 tarkoituksena sammuttaa Inkan koirakuume. Jazi tutustutti meid\u00e4t erilaisiin koiraharrastuksiin ja harrastimme sen kanssa erinomaisella menestyksell\u00e4 n\u00e4yttelyit\u00e4 sek\u00e4 vinttikoirien rata- ja maastojuoksukilpailuja. Jazi oli maailman ensimm\u00e4inen cirneconarttu, joka oli ratajuoksuvalio (FIN KVA-r) sek\u00e4 kolmoisvalio (muotovalio, ratajuoksuvalio ja maastojuoksuvalio).<\/p>\n\n\n\n<p>Jazi oli my\u00f6s ensimm\u00e4isen ja toisen pentueemme em\u00e4. Jazi on yksi Suomen cirnecokannan perustajakoiria. Sen toisen, kolmannen ja nelj\u00e4nnen polven j\u00e4lkel\u00e4isi\u00e4 l\u00f6ytyy Suomen lis\u00e4ksi ymp\u00e4ri maailmaa. Olimme onnekkaita saadessamme Jazin kaltaisen koiran kantanartuksemme. Kiitos Jazin kasvattajat <strong>Domenico Tricomi<\/strong> ja <strong>Jane Moore<\/strong> (kennel Hadranensis).<\/p>\n\n\n\n<p>Luonteeltaan Jazi oli todella \u00e4lyk\u00e4s ja se osasi kietoa ihmiset tassunsa ymp\u00e4rille viattomalla katseellaan. Ykk\u00f6sasia el\u00e4m\u00e4ss\u00e4 oli kuitenkin ruoka, seuraavana sitten rapsutus ja peiton alla nukkuminen. Suureksi suruksemme Jazi nukkui ikiuneen l\u00e4hes 15 vuoden i\u00e4ss\u00e4, mutta taakse sille j\u00e4i pitk\u00e4 ja terve el\u00e4m\u00e4. Meille j\u00e4i my\u00f6s ihanat muistot Jazistamme.<\/p>\n\n\n\n<div class=\"wp-block-image is-style-default\"><figure class=\"aligncenter\"><img loading=\"lazy\" decoding=\"async\" width=\"550\" height=\"367\" src=\"http:\/\/www.iosonocirneco.com\/fi\/wp-content\/uploads\/2014\/07\/jazikuva3.jpg\" alt=\"jazikuva3\" class=\"wp-image-811\" srcset=\"https:\/\/www.iosonocirneco.com\/fi\/wp-content\/uploads\/2014\/07\/jazikuva3.jpg 550w, https:\/\/www.iosonocirneco.com\/fi\/wp-content\/uploads\/2014\/07\/jazikuva3-300x200.jpg 300w\" sizes=\"auto, (max-width: 550px) 100vw, 550px\" \/><\/figure><\/div>\n\n\n\n<div class=\"wp-block-image is-style-default\"><figure class=\"aligncenter\"><img loading=\"lazy\" decoding=\"async\" width=\"750\" height=\"500\" src=\"http:\/\/www.iosonocirneco.com\/fi\/wp-content\/uploads\/2014\/07\/jazi2v5.jpg\" alt=\"jazi2v5\" class=\"wp-image-812\" srcset=\"https:\/\/www.iosonocirneco.com\/fi\/wp-content\/uploads\/2014\/07\/jazi2v5.jpg 750w, https:\/\/www.iosonocirneco.com\/fi\/wp-content\/uploads\/2014\/07\/jazi2v5-300x200.jpg 300w\" sizes=\"auto, (max-width: 750px) 100vw, 750px\" \/><\/figure><\/div>\n\n\n\n<div class=\"wp-block-image is-style-default\"><figure class=\"aligncenter\"><img loading=\"lazy\" decoding=\"async\" width=\"640\" height=\"497\" src=\"http:\/\/www.iosonocirneco.com\/fi\/wp-content\/uploads\/2014\/07\/jazi-clubshow.jpg\" alt=\"jazi-clubshow\" class=\"wp-image-814\" srcset=\"https:\/\/www.iosonocirneco.com\/fi\/wp-content\/uploads\/2014\/07\/jazi-clubshow.jpg 640w, https:\/\/www.iosonocirneco.com\/fi\/wp-content\/uploads\/2014\/07\/jazi-clubshow-300x232.jpg 300w\" sizes=\"auto, (max-width: 640px) 100vw, 640px\" \/><\/figure><\/div>\n\n\n\n<figure class=\"wp-block-image size-full is-style-default\"><a href=\"https:\/\/www.iosonocirneco.com\/fi\/wp-content\/uploads\/2021\/05\/jazi1999b-scaled.jpg\"><img loading=\"lazy\" decoding=\"async\" width=\"2048\" height=\"2700\" src=\"https:\/\/www.iosonocirneco.com\/fi\/wp-content\/uploads\/2021\/05\/jazi1999b-scaled.jpg\" alt=\"\" class=\"wp-image-12545\" srcset=\"https:\/\/www.iosonocirneco.com\/fi\/wp-content\/uploads\/2021\/05\/jazi1999b-scaled.jpg 2048w, https:\/\/www.iosonocirneco.com\/fi\/wp-content\/uploads\/2021\/05\/jazi1999b-768x1012.jpg 768w\" sizes=\"auto, (max-width: 2048px) 100vw, 2048px\" \/><\/a><\/figure>\n","protected":false},"excerpt":{"rendered":"<p>Bambi \u201cJazi\u201d \u2640 KANS &amp; FI &amp; SE &amp; EE MVA FI KVA-m FI KVA-r JMV-98 EUJV-98 EEV-00 VMM-03 VMR-04 RIP 1997 \u2013 2012 Syntynyt: 15.06.1997Terveys: silm\u00e4t ok (2007), lopetettu miltei 15-vuotiaana (vanhuus)Tulokset: Kansainv\u00e4linen muotovalio, kolmoisvalio (muotovalio, k\u00e4ytt\u00f6valio rata- ja maastojuoksusta)Pentueet: Iosono A-pentue (2000), M-pentue (2001)Kasvattaja: Domenico Tricomi, Italia Jazi KoiraNetiss\u00e4 | Jazi Cirneco Breed&#8230;<\/p>\n","protected":false},"author":1,"featured_media":0,"parent":114,"menu_order":0,"comment_status":"closed","ping_status":"closed","template":"","meta":{"_kad_post_transparent":"","_kad_post_title":"","_kad_post_layout":"","_kad_post_sidebar_id":"","_kad_post_content_style":"","_kad_post_vertical_padding":"","_kad_post_feature":"","_kad_post_feature_position":"","_kad_post_header":false,"_kad_post_footer":false,"_kad_post_classname":"","footnotes":""},"class_list":["post-809","page","type-page","status-publish","hentry"],"_links":{"self":[{"href":"https:\/\/www.iosonocirneco.com\/fi\/wp-json\/wp\/v2\/pages\/809","targetHints":{"allow":["GET"]}}],"collection":[{"href":"https:\/\/www.iosonocirneco.com\/fi\/wp-json\/wp\/v2\/pages"}],"about":[{"href":"https:\/\/www.iosonocirneco.com\/fi\/wp-json\/wp\/v2\/types\/page"}],"author":[{"embeddable":true,"href":"https:\/\/www.iosonocirneco.com\/fi\/wp-json\/wp\/v2\/users\/1"}],"replies":[{"embeddable":true,"href":"https:\/\/www.iosonocirneco.com\/fi\/wp-json\/wp\/v2\/comments?post=809"}],"version-history":[{"count":4,"href":"https:\/\/www.iosonocirneco.com\/fi\/wp-json\/wp\/v2\/pages\/809\/revisions"}],"predecessor-version":[{"id":12910,"href":"https:\/\/www.iosonocirneco.com\/fi\/wp-json\/wp\/v2\/pages\/809\/revisions\/12910"}],"up":[{"embeddable":true,"href":"https:\/\/www.iosonocirneco.com\/fi\/wp-json\/wp\/v2\/pages\/114"}],"wp:attachment":[{"href":"https:\/\/www.iosonocirneco.com\/fi\/wp-json\/wp\/v2\/media?parent=809"}],"curies":[{"name":"wp","href":"https:\/\/api.w.org\/{rel}","templated":true}]}}