{"id":735,"date":"2014-07-26T18:35:57","date_gmt":"2014-07-26T15:35:57","guid":{"rendered":"http:\/\/www.iosonocirneco.com\/fi\/?page_id=735"},"modified":"2021-06-02T10:51:46","modified_gmt":"2021-06-02T07:51:46","slug":"o-pentue","status":"publish","type":"page","link":"https:\/\/www.iosonocirneco.com\/fi\/italianvinttikoira\/italiaanopentueet\/o-pentue\/","title":{"rendered":"O-pentue"},"content":{"rendered":"\n<h3 class=\"has-text-align-center wp-block-heading\">Iosono O-pentue<\/h3>\n\n\n\n<p class=\"has-text-align-center\"><strong>s. 23.4.2010, 2 urosta ja 1 narttu<\/strong><\/p>\n\n\n\n<div class=\"wp-block-image is-style-default\"><figure class=\"aligncenter size-large\"><a href=\"https:\/\/www.iosonocirneco.com\/fi\/wp-content\/uploads\/2021\/06\/o-pentuekuva.jpg\"><img loading=\"lazy\" decoding=\"async\" width=\"600\" height=\"400\" src=\"https:\/\/www.iosonocirneco.com\/fi\/wp-content\/uploads\/2021\/06\/o-pentuekuva.jpg\" alt=\"\" class=\"wp-image-13111\" srcset=\"https:\/\/www.iosonocirneco.com\/fi\/wp-content\/uploads\/2021\/06\/o-pentuekuva.jpg 600w, https:\/\/www.iosonocirneco.com\/fi\/wp-content\/uploads\/2021\/06\/o-pentuekuva-300x200.jpg 300w\" sizes=\"auto, (max-width: 600px) 100vw, 600px\" \/><\/a><\/figure><\/div>\n\n\n\n<h4 class=\"has-text-align-center wp-block-heading\">Vanhemmat<\/h4>\n\n\n\n<p class=\"has-text-align-center\">is\u00e4: <strong>Dervisch Papavero <\/strong><em>FI &amp; NO MVA<\/em> (tuonti Ruotsi)<br>em\u00e4:<strong> Iosono Fiamma<\/strong><em> FI MVA<\/em><\/p>\n\n\n\n<figure class=\"wp-block-gallery columns-2 is-cropped wp-block-gallery-1 is-layout-flex wp-block-gallery-is-layout-flex\"><ul class=\"blocks-gallery-grid\"><li class=\"blocks-gallery-item\"><figure><a href=\"https:\/\/www.iosonocirneco.com\/fi\/wp-content\/uploads\/2014\/07\/dario1.jpg\"><img loading=\"lazy\" decoding=\"async\" width=\"600\" height=\"400\" src=\"https:\/\/www.iosonocirneco.com\/fi\/wp-content\/uploads\/2014\/07\/dario1.jpg\" alt=\"\" data-id=\"737\" data-full-url=\"https:\/\/www.iosonocirneco.com\/fi\/wp-content\/uploads\/2014\/07\/dario1.jpg\" data-link=\"https:\/\/www.iosonocirneco.com\/fi\/italianvinttikoira\/italiaanopentueet\/o-pentue\/dario1\/\" class=\"wp-image-737\" srcset=\"https:\/\/www.iosonocirneco.com\/fi\/wp-content\/uploads\/2014\/07\/dario1.jpg 600w, https:\/\/www.iosonocirneco.com\/fi\/wp-content\/uploads\/2014\/07\/dario1-300x200.jpg 300w\" sizes=\"auto, (max-width: 600px) 100vw, 600px\" \/><\/a><\/figure><\/li><li class=\"blocks-gallery-item\"><figure><a href=\"https:\/\/www.iosonocirneco.com\/fi\/wp-content\/uploads\/2014\/09\/jemmaseisoa.jpg\"><img loading=\"lazy\" decoding=\"async\" width=\"960\" height=\"711\" src=\"https:\/\/www.iosonocirneco.com\/fi\/wp-content\/uploads\/2014\/09\/jemmaseisoa.jpg\" alt=\"\" data-id=\"1393\" data-full-url=\"https:\/\/www.iosonocirneco.com\/fi\/wp-content\/uploads\/2014\/09\/jemmaseisoa.jpg\" data-link=\"https:\/\/www.iosonocirneco.com\/fi\/italianvinttikoira\/italiaanomme\/iosono-fiamma\/jemmaseisoa\/\" class=\"wp-image-1393\" srcset=\"https:\/\/www.iosonocirneco.com\/fi\/wp-content\/uploads\/2014\/09\/jemmaseisoa.jpg 960w, https:\/\/www.iosonocirneco.com\/fi\/wp-content\/uploads\/2014\/09\/jemmaseisoa-300x222.jpg 300w\" sizes=\"auto, (max-width: 960px) 100vw, 960px\" \/><\/a><\/figure><\/li><\/ul><\/figure>\n\n\n\n<h4 class=\"has-text-align-center wp-block-heading\">O-pentueen pennut<\/h4>\n\n\n\n<p><\/p>\n\n\n\n<h3 class=\"has-text-align-center wp-block-heading\">Iosono Odysseus \u2642<\/h3>\n\n\n\n<p class=\"has-text-align-center\"><strong>&#8221;Lucas&#8221;<\/strong><\/p>\n\n\n\n<div class=\"wp-block-image is-style-default\"><figure class=\"aligncenter size-large\"><img loading=\"lazy\" decoding=\"async\" width=\"320\" height=\"480\" src=\"https:\/\/www.iosonocirneco.com\/fi\/wp-content\/uploads\/2014\/07\/lucas1.jpg\" alt=\"\" class=\"wp-image-380\" srcset=\"https:\/\/www.iosonocirneco.com\/fi\/wp-content\/uploads\/2014\/07\/lucas1.jpg 320w, https:\/\/www.iosonocirneco.com\/fi\/wp-content\/uploads\/2014\/07\/lucas1-200x300.jpg 200w\" sizes=\"auto, (max-width: 320px) 100vw, 320px\" \/><\/figure><\/div>\n\n\n\n<p class=\"has-text-align-center\"><strong>Tulokset:<\/strong> N\u00e4yttelyist\u00e4 2 x sert, 1 CACIB<\/p>\n\n\n\n<p class=\"has-text-align-center\"><strong>Terveys: <\/strong>syd\u00e4n ultrattu terveeksi (10\/2011), silmiss\u00e4 lasiaisenrappeuma (2013), polvet 0\/0, kastroitu (kivekset ennen ok), hyvin lievi\u00e4 t\u00e4rin\u00e4kohtauksia<\/p>\n\n\n\n<p class=\"has-text-align-center\"><strong><a href=\"https:\/\/jalostus.kennelliitto.fi\/frmKoira.aspx?RekNo=FI33010%2F10&amp;R=200\" target=\"_blank\" rel=\"noreferrer noopener\">Lucas KoiraNetiss\u00e4<\/a><\/strong> | <strong><a href=\"https:\/\/italiangreyhound.breedarchive.com\/animal\/view\/iosono-odysseus-016cfe13-5624-4c49-959e-faae17419443\" target=\"_blank\" rel=\"noreferrer noopener\">Lucas Italian Greyhound Breed Archivessa<\/a><\/strong><\/p>\n\n\n\n<hr class=\"wp-block-separator\"\/>\n\n\n\n<h3 class=\"has-text-align-center wp-block-heading\">Iosono Orion \u2642<\/h3>\n\n\n\n<p class=\"has-text-align-center\"><strong>&#8221;Nemo&#8221;<\/strong><\/p>\n\n\n\n<div class=\"wp-block-image is-style-default\"><figure class=\"aligncenter size-large\"><img loading=\"lazy\" decoding=\"async\" width=\"512\" height=\"341\" src=\"https:\/\/www.iosonocirneco.com\/fi\/wp-content\/uploads\/2021\/05\/iosono-orion.jpg\" alt=\"\" class=\"wp-image-12946\" srcset=\"https:\/\/www.iosonocirneco.com\/fi\/wp-content\/uploads\/2021\/05\/iosono-orion.jpg 512w, https:\/\/www.iosonocirneco.com\/fi\/wp-content\/uploads\/2021\/05\/iosono-orion-300x200.jpg 300w\" sizes=\"auto, (max-width: 512px) 100vw, 512px\" \/><\/figure><\/div>\n\n\n\n<p class=\"has-text-align-center\"><strong>Tulokset:<\/strong> N\u00e4yttelyist\u00e4 EH<\/p>\n\n\n\n<p class=\"has-text-align-center\"><strong>Terveys: <\/strong>kivekset ok, kuollut \u00e4killlisesti syd\u00e4menpys\u00e4hdykseen 1,5-vuotiaana (ruumiinavaus: hypertrofinen kardiomyopatia)<\/p>\n\n\n\n<p class=\"has-text-align-center\"><strong><a href=\"https:\/\/jalostus.kennelliitto.fi\/frmKoira.aspx?RekNo=FI33009%2F10&amp;R=200\" target=\"_blank\" rel=\"noreferrer noopener\">Nemo KoiraNetiss\u00e4<\/a><\/strong> | <strong><a href=\"https:\/\/italiangreyhound.breedarchive.com\/animal\/view\/iosono-orion-007d559d-605e-45f8-b1ed-bdf0b826fa71\" target=\"_blank\" rel=\"noreferrer noopener\">Nemo Italian Greyhound Breed Archivessa<\/a><\/strong><\/p>\n\n\n\n<hr class=\"wp-block-separator\"\/>\n\n\n\n<h3 class=\"has-text-align-center wp-block-heading\">Iosono Olympia \u2640<\/h3>\n\n\n\n<p class=\"has-text-align-center\"><strong>&#8221;Uma&#8221;<\/strong><\/p>\n\n\n\n<div class=\"wp-block-image is-style-default\"><figure class=\"aligncenter size-large\"><img loading=\"lazy\" decoding=\"async\" width=\"640\" height=\"427\" src=\"https:\/\/www.iosonocirneco.com\/fi\/wp-content\/uploads\/2014\/07\/umaseisoo.jpg\" alt=\"\" class=\"wp-image-382\" srcset=\"https:\/\/www.iosonocirneco.com\/fi\/wp-content\/uploads\/2014\/07\/umaseisoo.jpg 640w, https:\/\/www.iosonocirneco.com\/fi\/wp-content\/uploads\/2014\/07\/umaseisoo-300x200.jpg 300w\" sizes=\"auto, (max-width: 640px) 100vw, 640px\" \/><\/figure><\/div>\n\n\n\n<p class=\"has-text-align-center\"><strong>Tulokset: <\/strong>N\u00e4yttelyist\u00e4 EH<\/p>\n\n\n\n<p class=\"has-text-align-center\"><strong>Terveys: <\/strong>syd\u00e4n ultrattu terveeksi<\/p>\n\n\n\n<p class=\"has-text-align-center\"><strong><a href=\"https:\/\/jalostus.kennelliitto.fi\/frmKoira.aspx?RekNo=FI33011%2F10&amp;R=200\" target=\"_blank\" rel=\"noreferrer noopener\">Uma KoiraNetiss\u00e4<\/a><\/strong> | <strong><strong><a href=\"https:\/\/italiangreyhound.breedarchive.com\/animal\/view\/iosono-olympia-933a311d-23fb-49d2-9fc4-59abf268c3be\" target=\"_blank\" rel=\"noreferrer noopener\">Uma Italian Greyhound Breed Archivessa<\/a><\/strong><\/strong><\/p>\n\n\n\n<p><\/p>\n","protected":false},"excerpt":{"rendered":"<p>Iosono O-pentue s. 23.4.2010, 2 urosta ja 1 narttu Vanhemmat is\u00e4: Dervisch Papavero FI &amp; NO MVA (tuonti Ruotsi)em\u00e4: Iosono Fiamma FI MVA O-pentueen pennut Iosono Odysseus \u2642 &#8221;Lucas&#8221; Tulokset: N\u00e4yttelyist\u00e4 2 x sert, 1 CACIB Terveys: syd\u00e4n ultrattu terveeksi (10\/2011), silmiss\u00e4 lasiaisenrappeuma (2013), polvet 0\/0, kastroitu (kivekset ennen ok), hyvin lievi\u00e4 t\u00e4rin\u00e4kohtauksia Lucas KoiraNetiss\u00e4&#8230;<\/p>\n","protected":false},"author":1,"featured_media":0,"parent":195,"menu_order":0,"comment_status":"closed","ping_status":"closed","template":"","meta":{"_kad_post_transparent":"","_kad_post_title":"","_kad_post_layout":"","_kad_post_sidebar_id":"","_kad_post_content_style":"","_kad_post_vertical_padding":"","_kad_post_feature":"","_kad_post_feature_position":"","_kad_post_header":false,"_kad_post_footer":false,"_kad_post_classname":"","footnotes":""},"class_list":["post-735","page","type-page","status-publish","hentry"],"_links":{"self":[{"href":"https:\/\/www.iosonocirneco.com\/fi\/wp-json\/wp\/v2\/pages\/735","targetHints":{"allow":["GET"]}}],"collection":[{"href":"https:\/\/www.iosonocirneco.com\/fi\/wp-json\/wp\/v2\/pages"}],"about":[{"href":"https:\/\/www.iosonocirneco.com\/fi\/wp-json\/wp\/v2\/types\/page"}],"author":[{"embeddable":true,"href":"https:\/\/www.iosonocirneco.com\/fi\/wp-json\/wp\/v2\/users\/1"}],"replies":[{"embeddable":true,"href":"https:\/\/www.iosonocirneco.com\/fi\/wp-json\/wp\/v2\/comments?post=735"}],"version-history":[{"count":10,"href":"https:\/\/www.iosonocirneco.com\/fi\/wp-json\/wp\/v2\/pages\/735\/revisions"}],"predecessor-version":[{"id":13112,"href":"https:\/\/www.iosonocirneco.com\/fi\/wp-json\/wp\/v2\/pages\/735\/revisions\/13112"}],"up":[{"embeddable":true,"href":"https:\/\/www.iosonocirneco.com\/fi\/wp-json\/wp\/v2\/pages\/195"}],"wp:attachment":[{"href":"https:\/\/www.iosonocirneco.com\/fi\/wp-json\/wp\/v2\/media?parent=735"}],"curies":[{"name":"wp","href":"https:\/\/api.w.org\/{rel}","templated":true}]}}