{"id":658,"date":"2014-07-26T17:24:25","date_gmt":"2014-07-26T14:24:25","guid":{"rendered":"http:\/\/www.iosonocirneco.com\/fi\/?page_id=658"},"modified":"2021-05-26T16:07:32","modified_gmt":"2021-05-26T13:07:32","slug":"c-pentue","status":"publish","type":"page","link":"https:\/\/www.iosonocirneco.com\/fi\/cirneco-dell-etna\/cirnecopentueet\/c-pentue\/","title":{"rendered":"C-pentue"},"content":{"rendered":"\n<h2 class=\"has-text-align-center wp-block-heading\">Iosono<strong> C-pentue<\/strong><\/h2>\n\n\n\n<p class=\"has-text-align-center\"><strong>s. 25.7.2011, 4 urosta ja 3 narttua<\/strong><\/p>\n\n\n\n<figure class=\"wp-block-image size-full is-style-default\"><a href=\"https:\/\/www.iosonocirneco.com\/fi\/wp-content\/uploads\/2021\/05\/c-pentue.jpg\"><img loading=\"lazy\" decoding=\"async\" width=\"1600\" height=\"1067\" src=\"https:\/\/www.iosonocirneco.com\/fi\/wp-content\/uploads\/2021\/05\/c-pentue.jpg\" alt=\"\" class=\"wp-image-12384\" srcset=\"https:\/\/www.iosonocirneco.com\/fi\/wp-content\/uploads\/2021\/05\/c-pentue.jpg 1600w, https:\/\/www.iosonocirneco.com\/fi\/wp-content\/uploads\/2021\/05\/c-pentue-768x512.jpg 768w\" sizes=\"auto, (max-width: 1600px) 100vw, 1600px\" \/><\/a><\/figure>\n\n\n\n<h4 class=\"has-text-align-center wp-block-heading\"><strong>Vanhemmat:<\/strong><\/h4>\n\n\n\n<p>is\u00e4: <strong>Lucky del Borgo di Pratica Anharbn<\/strong> (tuonti Italia) <em>C.I.B. NORD &amp; FI &amp; EE &amp; SE &amp; LV &amp; NO MVA, BALT &amp; EE &amp; LV &amp; LT VMVA, HeW-11 HeW-12 FiV-12 LVV-13 BALTVV-15 EUVV-15, HEW-16, HeVW-16 FIVV-16 LTVV-17 Vuoden cirneco 2011 &amp; 2012, vuoden cirnecouros 2013<\/em><\/p>\n\n\n\n<p>em\u00e4: <strong>Iosono Deja Vu<\/strong> <em>C.I.B. FI &amp; EE &amp; LV MVA V-09 V-11 HeW-11 LVV-13, Vuoden cirneco 2009<\/em>, vuoden cirneconarttu 2011<\/p>\n\n\n\n<figure class=\"wp-block-gallery columns-2 is-cropped wp-block-gallery-1 is-layout-flex wp-block-gallery-is-layout-flex\"><ul class=\"blocks-gallery-grid\"><li class=\"blocks-gallery-item\"><figure><a href=\"https:\/\/www.iosonocirneco.com\/fi\/wp-content\/uploads\/2014\/07\/luckylaiturilla.jpg\"><img loading=\"lazy\" decoding=\"async\" width=\"800\" height=\"533\" src=\"https:\/\/www.iosonocirneco.com\/fi\/wp-content\/uploads\/2014\/07\/luckylaiturilla.jpg\" alt=\"\" data-id=\"514\" data-full-url=\"https:\/\/www.iosonocirneco.com\/fi\/wp-content\/uploads\/2014\/07\/luckylaiturilla.jpg\" data-link=\"https:\/\/www.iosonocirneco.com\/fi\/cirneco-dell-etna\/cirnecomme\/lucky-del-borgo-di-pratica\/luckylaiturilla\/\" class=\"wp-image-514\" srcset=\"https:\/\/www.iosonocirneco.com\/fi\/wp-content\/uploads\/2014\/07\/luckylaiturilla.jpg 800w, https:\/\/www.iosonocirneco.com\/fi\/wp-content\/uploads\/2014\/07\/luckylaiturilla-300x199.jpg 300w\" sizes=\"auto, (max-width: 800px) 100vw, 800px\" \/><\/a><\/figure><\/li><li class=\"blocks-gallery-item\"><figure><a href=\"https:\/\/www.iosonocirneco.com\/fi\/wp-content\/uploads\/2014\/07\/peppitouko11b.jpg\"><img loading=\"lazy\" decoding=\"async\" width=\"1024\" height=\"716\" src=\"https:\/\/www.iosonocirneco.com\/fi\/wp-content\/uploads\/2014\/07\/peppitouko11b-1024x716.jpg\" alt=\"\" data-id=\"2657\" data-full-url=\"https:\/\/www.iosonocirneco.com\/fi\/wp-content\/uploads\/2014\/07\/peppitouko11b.jpg\" data-link=\"https:\/\/www.iosonocirneco.com\/fi\/cirneco-dell-etna\/cirnecomme\/iosono-deja-vu\/peppitouko11b\/\" class=\"wp-image-2657\" srcset=\"https:\/\/www.iosonocirneco.com\/fi\/wp-content\/uploads\/2014\/07\/peppitouko11b-1024x716.jpg 1024w, https:\/\/www.iosonocirneco.com\/fi\/wp-content\/uploads\/2014\/07\/peppitouko11b-300x210.jpg 300w, https:\/\/www.iosonocirneco.com\/fi\/wp-content\/uploads\/2014\/07\/peppitouko11b-768x537.jpg 768w, https:\/\/www.iosonocirneco.com\/fi\/wp-content\/uploads\/2014\/07\/peppitouko11b.jpg 2048w\" sizes=\"auto, (max-width: 1024px) 100vw, 1024px\" \/><\/a><\/figure><\/li><\/ul><\/figure>\n\n\n\n<hr class=\"wp-block-separator\"\/>\n\n\n\n<h4 class=\"has-text-align-center wp-block-heading\">C-pentueen koirat:<\/h4>\n\n\n\n<p><\/p>\n\n\n\n<h3 class=\"has-text-align-center wp-block-heading\">Iosono Cherubino \u2642<\/h3>\n\n\n\n<p class=\"has-text-align-center\"><strong>&#8221;Aatos&#8221;<\/strong><\/p>\n\n\n\n<p class=\"has-text-align-center\"><em>C.I.E. BALT &amp; FI &amp; LV &amp; EE &amp; LT MVA HeJW-12 EEV-14<\/em><\/p>\n\n\n\n<div class=\"wp-block-image is-style-default\"><figure class=\"aligncenter size-full\"><img loading=\"lazy\" decoding=\"async\" width=\"2048\" height=\"1366\" src=\"https:\/\/www.iosonocirneco.com\/fi\/wp-content\/uploads\/2014\/05\/aatos-rop.jpg\" alt=\"\" class=\"wp-image-293\" srcset=\"https:\/\/www.iosonocirneco.com\/fi\/wp-content\/uploads\/2014\/05\/aatos-rop.jpg 2048w, https:\/\/www.iosonocirneco.com\/fi\/wp-content\/uploads\/2014\/05\/aatos-rop-300x200.jpg 300w, https:\/\/www.iosonocirneco.com\/fi\/wp-content\/uploads\/2014\/05\/aatos-rop-1024x683.jpg 1024w\" sizes=\"auto, (max-width: 2048px) 100vw, 2048px\" \/><\/figure><\/div>\n\n\n\n<p class=\"has-text-align-center\"><strong>Tulokset: <\/strong>Kansainv\u00e4linen n\u00e4yttelyvalio, BALT &amp; FI &amp; LV &amp; &amp; LTU &amp; EE MVA, useita RYP-sijoituksia<\/p>\n\n\n\n<p class=\"has-text-align-center\"><strong>Terveys: <\/strong>silm\u00e4t ok (2013), polvet 0\/0 (2013) ja syd\u00e4nkuuntelu ok (2013), korkeat maksa-arvot<\/p>\n\n\n\n<p class=\"has-text-align-center\"><strong><a href=\"https:\/\/jalostus.kennelliitto.fi\/frmKoira.aspx?RekNo=FI51548%2F11&amp;R=199\" target=\"_blank\" rel=\"noreferrer noopener\">Aatos KoiraNetiss\u00e4<\/a><\/strong> | <strong><a href=\"https:\/\/cirneco.breedarchive.com\/animal\/view\/iosono-cherubino-ce54493d-d00b-4837-9edc-7435172a544e\" target=\"_blank\" rel=\"noreferrer noopener\">Aatos Cirneco Breed Archivessa<\/a><\/strong><\/p>\n\n\n\n<hr class=\"wp-block-separator\"\/>\n\n\n\n<h3 class=\"has-text-align-center wp-block-heading\">Iosono Ciccio \u2642<\/h3>\n\n\n\n<p class=\"has-text-align-center\"><strong>&#8221;Tino&#8221;<\/strong><\/p>\n\n\n\n<p class=\"has-text-align-center\"><em>FI MVA<\/em><\/p>\n\n\n\n<div class=\"wp-block-image is-style-default\"><figure class=\"aligncenter size-full\"><img loading=\"lazy\" decoding=\"async\" width=\"960\" height=\"640\" src=\"https:\/\/www.iosonocirneco.com\/fi\/wp-content\/uploads\/2021\/05\/iosono-ciccio.jpg\" alt=\"\" class=\"wp-image-12842\" srcset=\"https:\/\/www.iosonocirneco.com\/fi\/wp-content\/uploads\/2021\/05\/iosono-ciccio.jpg 960w, https:\/\/www.iosonocirneco.com\/fi\/wp-content\/uploads\/2021\/05\/iosono-ciccio-300x200.jpg 300w, https:\/\/www.iosonocirneco.com\/fi\/wp-content\/uploads\/2021\/05\/iosono-ciccio-768x512.jpg 768w\" sizes=\"auto, (max-width: 960px) 100vw, 960px\" \/><\/figure><\/div>\n\n\n\n<p class=\"has-text-align-center\"><strong>Tulokset: <\/strong>Suomen muotovalio<\/p>\n\n\n\n<p class=\"has-text-align-center\"><strong>Terveys: <\/strong>silm\u00e4t ok (4\/2014) ja polvet 0\/0 (4\/2014), liev\u00e4 sivu\u00e4\u00e4ni syd\u00e4mess\u00e4 (todettu veteraani-ik\u00e4isen\u00e4)<\/p>\n\n\n\n<p class=\"has-text-align-center\"><strong><a href=\"https:\/\/jalostus.kennelliitto.fi\/frmKoira.aspx?RekNo=FI51545%2F11&amp;R=199\" target=\"_blank\" rel=\"noreferrer noopener\">Tino KoiraNetiss\u00e4<\/a><\/strong> | <strong><a href=\"https:\/\/cirneco.breedarchive.com\/animal\/view\/iosono-ciccio-4287616f-4137-4897-a4d2-a99d93077e60\" target=\"_blank\" rel=\"noreferrer noopener\">Tino Cirneco Breed Archivessa<\/a><\/strong><\/p>\n\n\n\n<hr class=\"wp-block-separator\"\/>\n\n\n\n<h3 class=\"has-text-align-center wp-block-heading\">Iosono Classico \u2642<\/h3>\n\n\n\n<p class=\"has-text-align-center\"><strong>&#8221;Indi&#8221;<\/strong><\/p>\n\n\n\n<p class=\"has-text-align-center\"><em>FI MVA<\/em><\/p>\n\n\n\n<div class=\"wp-block-image is-style-default\"><figure class=\"aligncenter size-full\"><img loading=\"lazy\" decoding=\"async\" width=\"960\" height=\"639\" src=\"https:\/\/www.iosonocirneco.com\/fi\/wp-content\/uploads\/2014\/07\/indi3.jpg\" alt=\"\" class=\"wp-image-1247\" srcset=\"https:\/\/www.iosonocirneco.com\/fi\/wp-content\/uploads\/2014\/07\/indi3.jpg 960w, https:\/\/www.iosonocirneco.com\/fi\/wp-content\/uploads\/2014\/07\/indi3-300x199.jpg 300w\" sizes=\"auto, (max-width: 960px) 100vw, 960px\" \/><\/figure><\/div>\n\n\n\n<p class=\"has-text-align-center\"><strong>Tulokset: <\/strong>Luonnetesti 123 pistett\u00e4, Suomen muotovalio<\/p>\n\n\n\n<p class=\"has-text-align-center\"><strong>Terveys: <\/strong>silm\u00e4t ok (2014), polvet 0\/0 (2015), lonkat A\/A, kyyn\u00e4r\u00e4t 0\/0, selk\u00e4 terve: SP0 LTV0, kastroitu (kivekset ennen ok), syd\u00e4mess\u00e4 liev\u00e4 l\u00e4pp\u00e4vuoto (todettu veteraani-ik\u00e4isen\u00e4)<\/p>\n\n\n\n<p class=\"has-text-align-center\"><strong><a href=\"https:\/\/jalostus.kennelliitto.fi\/frmKoira.aspx?RekNo=FI51547%2F11&amp;R=199\" target=\"_blank\" rel=\"noreferrer noopener\">Indi KoiraNetiss\u00e4<\/a><\/strong> | <strong><a href=\"https:\/\/cirneco.breedarchive.com\/animal\/view\/iosono-classico-f1e3e946-32a7-40f8-a92f-3b10b31a6e5c\" target=\"_blank\" rel=\"noreferrer noopener\">Indi Cirneco Breed Archivessa<\/a><\/strong><\/p>\n\n\n\n<hr class=\"wp-block-separator\"\/>\n\n\n\n<h3 class=\"has-text-align-center wp-block-heading\">Iosono Cosmos \u2642<\/h3>\n\n\n\n<p class=\"has-text-align-center\"><strong>&#8221;Cosmo&#8221;<\/strong><\/p>\n\n\n\n<div class=\"wp-block-image is-style-default\"><figure class=\"aligncenter size-full\"><img loading=\"lazy\" decoding=\"async\" width=\"2040\" height=\"1530\" src=\"https:\/\/www.iosonocirneco.com\/fi\/wp-content\/uploads\/2021\/05\/cosmo2018.jpg\" alt=\"\" class=\"wp-image-12843\" srcset=\"https:\/\/www.iosonocirneco.com\/fi\/wp-content\/uploads\/2021\/05\/cosmo2018.jpg 2040w, https:\/\/www.iosonocirneco.com\/fi\/wp-content\/uploads\/2021\/05\/cosmo2018-300x225.jpg 300w, https:\/\/www.iosonocirneco.com\/fi\/wp-content\/uploads\/2021\/05\/cosmo2018-1024x768.jpg 1024w, https:\/\/www.iosonocirneco.com\/fi\/wp-content\/uploads\/2021\/05\/cosmo2018-768x576.jpg 768w, https:\/\/www.iosonocirneco.com\/fi\/wp-content\/uploads\/2021\/05\/cosmo2018-1536x1152.jpg 1536w\" sizes=\"auto, (max-width: 2040px) 100vw, 2040px\" \/><\/figure><\/div>\n\n\n\n<p class=\"has-text-align-center\"><strong>Terveys: <\/strong>kivesvika (kastroitu), liev\u00e4 syd\u00e4men sivu\u00e4\u00e4ni todettu nuorena (edelleen veteraanina liev\u00e4)<\/p>\n\n\n\n<p class=\"has-text-align-center\"><strong><a href=\"https:\/\/jalostus.kennelliitto.fi\/frmKoira.aspx?RekNo=FI51546%2F11&amp;R=199\" target=\"_blank\" rel=\"noreferrer noopener\">Cosmo KoiraNetiss\u00e4<\/a><\/strong> | <strong><a href=\"https:\/\/cirneco.breedarchive.com\/animal\/view\/iosono-cosmos-cc2f5d70-b174-4367-b3f6-b67826bb5a7c\" target=\"_blank\" rel=\"noreferrer noopener\">Cosmo Cirneco Breed Archivessa<\/a><\/strong><\/p>\n\n\n\n<hr class=\"wp-block-separator\"\/>\n\n\n\n<h3 class=\"has-text-align-center wp-block-heading\">Iosono Calathea \u2640<\/h3>\n\n\n\n<p class=\"has-text-align-center\"><strong>&#8221;Lila&#8221;<\/strong><\/p>\n\n\n\n<p class=\"has-text-align-center\"><em>FI MVA<\/em><\/p>\n\n\n\n<div class=\"wp-block-image is-style-default\"><figure class=\"aligncenter size-full\"><img loading=\"lazy\" decoding=\"async\" width=\"800\" height=\"533\" src=\"https:\/\/www.iosonocirneco.com\/fi\/wp-content\/uploads\/2014\/07\/lila1.jpg\" alt=\"\" class=\"wp-image-668\" srcset=\"https:\/\/www.iosonocirneco.com\/fi\/wp-content\/uploads\/2014\/07\/lila1.jpg 800w, https:\/\/www.iosonocirneco.com\/fi\/wp-content\/uploads\/2014\/07\/lila1-300x199.jpg 300w\" sizes=\"auto, (max-width: 800px) 100vw, 800px\" \/><\/figure><\/div>\n\n\n\n<p class=\"has-text-align-center\"><strong>Tulokset: <\/strong>Suomen muotovalio<\/p>\n\n\n\n<p class=\"has-text-align-center\"><strong>Terveys: <\/strong>silm\u00e4t ok (2014), polvet 0\/0 (2015), lonkat A\/A, kyyn\u00e4r\u00e4t 0\/0, selk\u00e4 terve: VA0, SP0 LTV0, korkeat maksa-arvot, liev\u00e4 l\u00e4pp\u00e4vuoto 2018 alkaen (ultrattu 2021, pysynyt liev\u00e4n\u00e4), atopia<\/p>\n\n\n\n<p class=\"has-text-align-center\"><strong><a href=\"https:\/\/jalostus.kennelliitto.fi\/frmKoira.aspx?RekNo=FI51551%2F11&amp;R=199\" target=\"_blank\" rel=\"noreferrer noopener\">Lila KoiraNetiss\u00e4<\/a><\/strong> | <strong><a href=\"https:\/\/cirneco.breedarchive.com\/animal\/view\/iosono-calathea-3f67609e-4265-470e-96f1-5b9b2780fdc7\" target=\"_blank\" rel=\"noreferrer noopener\">Lila Cirneco Breed Archivessa<\/a><\/strong><\/p>\n\n\n\n<hr class=\"wp-block-separator\"\/>\n\n\n\n<h3 class=\"has-text-align-center wp-block-heading\">Iosono Celeste \u2640<\/h3>\n\n\n\n<p class=\"has-text-align-center\"><strong>&#8221;Nene&#8221;<\/strong><\/p>\n\n\n\n<div class=\"wp-block-image is-style-default\"><figure class=\"aligncenter size-full\"><img loading=\"lazy\" decoding=\"async\" width=\"500\" height=\"750\" src=\"https:\/\/www.iosonocirneco.com\/fi\/wp-content\/uploads\/2014\/07\/nene3.jpg\" alt=\"\" class=\"wp-image-674\" srcset=\"https:\/\/www.iosonocirneco.com\/fi\/wp-content\/uploads\/2014\/07\/nene3.jpg 500w, https:\/\/www.iosonocirneco.com\/fi\/wp-content\/uploads\/2014\/07\/nene3-200x300.jpg 200w\" sizes=\"auto, (max-width: 500px) 100vw, 500px\" \/><\/figure><\/div>\n\n\n\n<p class=\"has-text-align-center\"><strong>Tulokset: <\/strong>2 x SERT, maastojuoksusta SERT<\/p>\n\n\n\n<p class=\"has-text-align-center\"><strong>Terveys: <\/strong>silm\u00e4t ok (2014), polvet 0\/0 (2014)<\/p>\n\n\n\n<p class=\"has-text-align-center\"><strong><a href=\"https:\/\/jalostus.kennelliitto.fi\/frmKoira.aspx?RekNo=FI51549%2F11&amp;R=199\" target=\"_blank\" rel=\"noreferrer noopener\">Nene KoiraNetiss\u00e4<\/a><\/strong> | <strong><a href=\"https:\/\/cirneco.breedarchive.com\/animal\/view\/iosono-celeste-8ff1c90d-e294-4082-9eaf-ca88182737c6\" target=\"_blank\" rel=\"noreferrer noopener\">Nene Cirneco Breed Archivessa<\/a><\/strong><\/p>\n\n\n\n<hr class=\"wp-block-separator\"\/>\n\n\n\n<h3 class=\"has-text-align-center wp-block-heading\">Iosono Champagne \u2640<\/h3>\n\n\n\n<p class=\"has-text-align-center\"><strong>&#8221;Sienna&#8221;<\/strong><\/p>\n\n\n\n<p class=\"has-text-align-center\"><em>C.I.B. C.I.E. NORD &amp; FI &amp; NO &amp; SE &amp; BALT &amp; EE &amp; LV &amp; LT MVA, FI &amp; SE &amp; EE &amp; LV KVA-m, FI KVA-r, HeW-13, DVM-14, EEV-14, SICMM-15, EUV-15, V-15 BALTV-16, LTV-17, Vuoden cirneco 2013, Vuoden cirneconarttu 2015, Vuoden cirneco 2016, agility maksi1<\/em><\/p>\n\n\n\n<div class=\"wp-block-image is-style-default\"><figure class=\"aligncenter size-full\"><img loading=\"lazy\" decoding=\"async\" width=\"960\" height=\"667\" src=\"https:\/\/www.iosonocirneco.com\/fi\/wp-content\/uploads\/2014\/07\/sienna-viro.jpg\" alt=\"\" class=\"wp-image-182\" srcset=\"https:\/\/www.iosonocirneco.com\/fi\/wp-content\/uploads\/2014\/07\/sienna-viro.jpg 960w, https:\/\/www.iosonocirneco.com\/fi\/wp-content\/uploads\/2014\/07\/sienna-viro-300x208.jpg 300w\" sizes=\"auto, (max-width: 960px) 100vw, 960px\" \/><\/figure><\/div>\n\n\n\n<p class=\"has-text-align-center\"><strong>Tulokset: <\/strong>Kansainv\u00e4linen valio, Euroopan Voittaja, Club Showssa\/erikoisn\u00e4yttelyss\u00e4 useita ROP\/paras -narttu voittoja useana vuonna, Suomen menestynein cirneco n\u00e4yttelyiss\u00e4 2013 ja 2016, menestynein narttu 2015. Kolmoisvalio (muotovalio, k\u00e4ytt\u00f6valio ratajuoksusta ja maastojuoksusta). Suomen vinttikoiraliiton menestynein cirneco maastojuoksussa 2013. Kilpaillut agilityss\u00e4 maksi1-luokassa. <\/p>\n\n\n\n<p class=\"has-text-align-center\"><strong>Terveys: <\/strong>polvet 0\/op (trauma, 9\/2014, ortopedi Pauli Ker\u00e4nen), silm\u00e4t terveet (1\/2017, Aija Leinonen), lonkat A\/A ja kyyn\u00e4r\u00e4t 0\/0 (2\/2017), MyDogDNA-passi, syd\u00e4nkuuntelussa terve 2019, havaittu syd\u00e4men sivu\u00e4\u00e4ni 6\/2020, syd\u00e4nultra 6\/2020 -> liev\u00e4 l\u00e4pp\u00e4vuoto<\/p>\n\n\n\n<p class=\"has-text-align-center\"><strong><a rel=\"noreferrer noopener\" href=\"https:\/\/jalostus.kennelliitto.fi\/frmKoira.aspx?RekNo=FI51550\/11&amp;R=199\" target=\"_blank\">Sienna KoiraNetiss\u00e4<\/a><\/strong> | <strong><a rel=\"noreferrer noopener\" href=\"https:\/\/cirneco.breedarchive.com\/animal\/view\/iosono-champagne-455b351e-8eb9-43d7-8a2e-f16ef245a50a\" target=\"_blank\">Sienna Cirneco Breed Archivessa<\/a><\/strong> | <strong><a href=\"https:\/\/www.iosonocirneco.com\/fi\/cirneco-dell-etna\/cirnecomme\/iosono-champagne\/\" data-type=\"page\" data-id=\"506\" target=\"_blank\" rel=\"noreferrer noopener\">Siennan oma sivu<\/a><\/strong><\/p>\n\n\n\n<hr class=\"wp-block-separator\"\/>\n\n\n\n<p><\/p>\n\n\n\n<p><\/p>\n","protected":false},"excerpt":{"rendered":"<p>Iosono C-pentue s. 25.7.2011, 4 urosta ja 3 narttua Vanhemmat: is\u00e4: Lucky del Borgo di Pratica Anharbn (tuonti Italia) C.I.B. NORD &amp; FI &amp; EE &amp; SE &amp; LV &amp; NO MVA, BALT &amp; EE &amp; LV &amp; LT VMVA, HeW-11 HeW-12 FiV-12 LVV-13 BALTVV-15 EUVV-15, HEW-16, HeVW-16 FIVV-16 LTVV-17 Vuoden cirneco 2011 &amp; 2012,&#8230;<\/p>\n","protected":false},"author":1,"featured_media":0,"parent":135,"menu_order":0,"comment_status":"closed","ping_status":"closed","template":"","meta":{"_kad_post_transparent":"","_kad_post_title":"","_kad_post_layout":"","_kad_post_sidebar_id":"","_kad_post_content_style":"","_kad_post_vertical_padding":"","_kad_post_feature":"","_kad_post_feature_position":"","_kad_post_header":false,"_kad_post_footer":false,"_kad_post_classname":"","footnotes":""},"class_list":["post-658","page","type-page","status-publish","hentry"],"_links":{"self":[{"href":"https:\/\/www.iosonocirneco.com\/fi\/wp-json\/wp\/v2\/pages\/658","targetHints":{"allow":["GET"]}}],"collection":[{"href":"https:\/\/www.iosonocirneco.com\/fi\/wp-json\/wp\/v2\/pages"}],"about":[{"href":"https:\/\/www.iosonocirneco.com\/fi\/wp-json\/wp\/v2\/types\/page"}],"author":[{"embeddable":true,"href":"https:\/\/www.iosonocirneco.com\/fi\/wp-json\/wp\/v2\/users\/1"}],"replies":[{"embeddable":true,"href":"https:\/\/www.iosonocirneco.com\/fi\/wp-json\/wp\/v2\/comments?post=658"}],"version-history":[{"count":17,"href":"https:\/\/www.iosonocirneco.com\/fi\/wp-json\/wp\/v2\/pages\/658\/revisions"}],"predecessor-version":[{"id":12846,"href":"https:\/\/www.iosonocirneco.com\/fi\/wp-json\/wp\/v2\/pages\/658\/revisions\/12846"}],"up":[{"embeddable":true,"href":"https:\/\/www.iosonocirneco.com\/fi\/wp-json\/wp\/v2\/pages\/135"}],"wp:attachment":[{"href":"https:\/\/www.iosonocirneco.com\/fi\/wp-json\/wp\/v2\/media?parent=658"}],"curies":[{"name":"wp","href":"https:\/\/api.w.org\/{rel}","templated":true}]}}