{"id":618,"date":"2014-07-26T16:29:03","date_gmt":"2014-07-26T13:29:03","guid":{"rendered":"http:\/\/www.iosonocirneco.com\/fi\/?page_id=618"},"modified":"2021-05-26T19:33:49","modified_gmt":"2021-05-26T16:33:49","slug":"g-pentue-3","status":"publish","type":"page","link":"https:\/\/www.iosonocirneco.com\/fi\/cirneco-dell-etna\/cirnecopentueet\/g-pentue-3\/","title":{"rendered":"G-pentue"},"content":{"rendered":"\n<h2 class=\"has-text-align-center wp-block-heading\">Iosono G-pentue<\/h2>\n\n\n\n<p class=\"has-text-align-center\"><strong>s. 24.03.2009 4 urosta ja 1 narttu<\/strong><\/p>\n\n\n\n<div class=\"wp-block-image is-style-default\"><figure class=\"aligncenter size-full\"><img loading=\"lazy\" decoding=\"async\" width=\"1500\" height=\"1000\" src=\"https:\/\/www.iosonocirneco.com\/fi\/wp-content\/uploads\/2021\/05\/g-pentue.jpg\" alt=\"\" class=\"wp-image-12381\" srcset=\"https:\/\/www.iosonocirneco.com\/fi\/wp-content\/uploads\/2021\/05\/g-pentue.jpg 1500w, https:\/\/www.iosonocirneco.com\/fi\/wp-content\/uploads\/2021\/05\/g-pentue-768x512.jpg 768w\" sizes=\"auto, (max-width: 1500px) 100vw, 1500px\" \/><\/figure><\/div>\n\n\n\n<p class=\"has-text-align-center\">is\u00e4: <strong>Fiorino (dell\u2019Ovo)<\/strong> <em>C.I.B. &amp; SM &amp; SI MVA<\/em> (Italia)<\/p>\n\n\n\n<p class=\"has-text-align-center\">em\u00e4: <strong>Vespinja\u2019s Cara Mia Iosono<\/strong> <em>FI MVA DVM-09<\/em><\/p>\n\n\n\n<figure class=\"wp-block-gallery columns-2 is-cropped wp-block-gallery-1 is-layout-flex wp-block-gallery-is-layout-flex\"><ul class=\"blocks-gallery-grid\"><li class=\"blocks-gallery-item\"><figure><a href=\"https:\/\/www.iosonocirneco.com\/fi\/wp-content\/uploads\/2021\/05\/fiorino.jpg\"><img loading=\"lazy\" decoding=\"async\" width=\"400\" height=\"600\" src=\"https:\/\/www.iosonocirneco.com\/fi\/wp-content\/uploads\/2021\/05\/fiorino.jpg\" alt=\"\" data-id=\"12865\" data-full-url=\"https:\/\/www.iosonocirneco.com\/fi\/wp-content\/uploads\/2021\/05\/fiorino.jpg\" data-link=\"https:\/\/www.iosonocirneco.com\/fi\/cirneco-dell-etna\/cirnecopentueet\/g-pentue\/fiorino-2\/\" class=\"wp-image-12865\" srcset=\"https:\/\/www.iosonocirneco.com\/fi\/wp-content\/uploads\/2021\/05\/fiorino.jpg 400w, https:\/\/www.iosonocirneco.com\/fi\/wp-content\/uploads\/2021\/05\/fiorino-200x300.jpg 200w\" sizes=\"auto, (max-width: 400px) 100vw, 400px\" \/><\/a><\/figure><\/li><li class=\"blocks-gallery-item\"><figure><a href=\"https:\/\/www.iosonocirneco.com\/fi\/wp-content\/uploads\/2014\/07\/ninja1.jpg\"><img loading=\"lazy\" decoding=\"async\" width=\"540\" height=\"720\" src=\"https:\/\/www.iosonocirneco.com\/fi\/wp-content\/uploads\/2014\/07\/ninja1.jpg\" alt=\"\" data-id=\"842\" data-full-url=\"https:\/\/www.iosonocirneco.com\/fi\/wp-content\/uploads\/2014\/07\/ninja1.jpg\" data-link=\"https:\/\/www.iosonocirneco.com\/fi\/cirneco-dell-etna\/cirnecomme\/vespinjas-cara-mia-iosono\/ninja1\/\" class=\"wp-image-842\" srcset=\"https:\/\/www.iosonocirneco.com\/fi\/wp-content\/uploads\/2014\/07\/ninja1.jpg 540w, https:\/\/www.iosonocirneco.com\/fi\/wp-content\/uploads\/2014\/07\/ninja1-225x300.jpg 225w\" sizes=\"auto, (max-width: 540px) 100vw, 540px\" \/><\/a><\/figure><\/li><\/ul><\/figure>\n\n\n\n<hr class=\"wp-block-separator\"\/>\n\n\n\n<h4 class=\"has-text-align-center wp-block-heading\">G-pentueen koirat:<\/h4>\n\n\n\n<p><\/p>\n\n\n\n<h3 class=\"has-text-align-center wp-block-heading\">Iosono Galileo Galilei \u2642<\/h3>\n\n\n\n<p class=\"has-text-align-center\"><strong>&#8221;Martin&#8221;<\/strong><\/p>\n\n\n\n<p class=\"has-text-align-center\"><em>C.I.B. RU &amp; RKF &amp; BY &amp; PL &amp; LV &amp; EE &amp; ME &amp; BG &amp; MC &amp; MD &amp; RO &amp; UE &amp; NO MVA, RU &amp; MD &amp; LUX JMVA BALTV-10<\/em><\/p>\n\n\n\n<div class=\"wp-block-image is-style-default\"><figure class=\"aligncenter size-large\"><img loading=\"lazy\" decoding=\"async\" width=\"640\" height=\"452\" src=\"https:\/\/www.iosonocirneco.com\/fi\/wp-content\/uploads\/2014\/07\/martin1.jpg\" alt=\"\" class=\"wp-image-627\" srcset=\"https:\/\/www.iosonocirneco.com\/fi\/wp-content\/uploads\/2014\/07\/martin1.jpg 640w, https:\/\/www.iosonocirneco.com\/fi\/wp-content\/uploads\/2014\/07\/martin1-300x211.jpg 300w\" sizes=\"auto, (max-width: 640px) 100vw, 640px\" \/><\/figure><\/div>\n\n\n\n<p class=\"has-text-align-center\">Vienti Ven\u00e4j\u00e4lle, josta muutti 3v ik\u00e4isen\u00e4 Norjaan<\/p>\n\n\n\n<p class=\"has-text-align-center\"><strong>Tulokset: <\/strong>Kansainv\u00e4linen muotovalio, maastojuoksusta SERTK<\/p>\n\n\n\n<p class=\"has-text-align-center\"><strong>Terveys:<\/strong> silm\u00e4t terveet, polvet 0\/0, lonkat A\/A, kyyn\u00e4r\u00e4t 0\/0, atopia puhjennut viimeisen pentueensa j\u00e4lkeen<\/p>\n\n\n\n<p class=\"has-text-align-center\"><strong>Pentueet: <\/strong>Ballantavi\u2019s B-pentue 2011 (RU), House of Hounds A-pentue 2012 (RU), Biscotti C-pentue 2012 (NO), Biscotti D-pentue 2013 (NO)<\/p>\n\n\n\n<p class=\"has-text-align-center\"><strong><a href=\"https:\/\/jalostus.kennelliitto.fi\/frmKoira.aspx?RekNo=FI26026%2F09&amp;R=199\" target=\"_blank\" rel=\"noreferrer noopener\">Martin KoiraNetiss\u00e4<\/a><\/strong> | <strong><a href=\"https:\/\/cirneco.breedarchive.com\/animal\/view\/iosono-galileo-galilei-69a3020d-bd3e-4838-a5a0-84ddd130f8e8\" target=\"_blank\" rel=\"noreferrer noopener\">Martin Cirneco Breed Archivessa<\/a><\/strong><\/p>\n\n\n\n<hr class=\"wp-block-separator\"\/>\n\n\n\n<h3 class=\"has-text-align-center wp-block-heading\">Iosono Ganimede \u2642<\/h3>\n\n\n\n<p class=\"has-text-align-center\"><strong>&#8221;Rocco&#8221;<\/strong><\/p>\n\n\n\n<div class=\"wp-block-image is-style-default\"><figure class=\"aligncenter size-full\"><img loading=\"lazy\" decoding=\"async\" width=\"750\" height=\"500\" src=\"https:\/\/www.iosonocirneco.com\/fi\/wp-content\/uploads\/2014\/07\/roccoseisoo1.jpg\" alt=\"\" class=\"wp-image-626\" srcset=\"https:\/\/www.iosonocirneco.com\/fi\/wp-content\/uploads\/2014\/07\/roccoseisoo1.jpg 750w, https:\/\/www.iosonocirneco.com\/fi\/wp-content\/uploads\/2014\/07\/roccoseisoo1-300x200.jpg 300w\" sizes=\"auto, (max-width: 750px) 100vw, 750px\" \/><\/figure><\/div>\n\n\n\n<p class=\"has-text-align-center\"><strong>Terveys: <\/strong>silm\u00e4t ok ja polvet 0\/0 (2011)<\/p>\n\n\n\n<p class=\"has-text-align-center\"><strong><a href=\"https:\/\/jalostus.kennelliitto.fi\/frmKoira.aspx?RekNo=FI26025%2F09&amp;R=199\" target=\"_blank\" rel=\"noreferrer noopener\">Rocco KoiraNetiss\u00e4<\/a><\/strong> | <strong><a href=\"https:\/\/cirneco.breedarchive.com\/animal\/view\/iosono-ganimede-d9ca0940-9e46-4ed5-9034-40775118721f\" target=\"_blank\" rel=\"noreferrer noopener\">Rocco Cirneco Breed Archivessa<\/a><\/strong><\/p>\n\n\n\n<hr class=\"wp-block-separator\"\/>\n\n\n\n<hr class=\"wp-block-separator\"\/>\n\n\n\n<h3 class=\"has-text-align-center wp-block-heading\">Iosono Generoso e Grandioso \u2642<\/h3>\n\n\n\n<p class=\"has-text-align-center\"><strong>&#8221;Yoda&#8221;<\/strong><\/p>\n\n\n\n<div class=\"wp-block-image is-style-default\"><figure class=\"aligncenter size-large\"><a href=\"https:\/\/www.iosonocirneco.com\/fi\/wp-content\/uploads\/2014\/07\/yoda6.jpg\"><img loading=\"lazy\" decoding=\"async\" width=\"800\" height=\"533\" src=\"https:\/\/www.iosonocirneco.com\/fi\/wp-content\/uploads\/2014\/07\/yoda6.jpg\" alt=\"\" class=\"wp-image-623\" srcset=\"https:\/\/www.iosonocirneco.com\/fi\/wp-content\/uploads\/2014\/07\/yoda6.jpg 800w, https:\/\/www.iosonocirneco.com\/fi\/wp-content\/uploads\/2014\/07\/yoda6-300x199.jpg 300w\" sizes=\"auto, (max-width: 800px) 100vw, 800px\" \/><\/a><\/figure><\/div>\n\n\n\n<p class=\"has-text-align-center\"><strong>Tulokset: <\/strong>n\u00e4yttelyist\u00e4 ERI, PU3<\/p>\n\n\n\n<p class=\"has-text-align-center\"><strong>Terveys: <\/strong>silm\u00e4t terveet (7\/2013) ja polvet 0\/0 (7\/2013), syd\u00e4men sivu\u00e4\u00e4ni<\/p>\n\n\n\n<p class=\"has-text-align-center\"><strong><a href=\"https:\/\/jalostus.kennelliitto.fi\/frmKoira.aspx?RekNo=FI26024%2F09&amp;R=199\" target=\"_blank\" rel=\"noreferrer noopener\">Yoda KoiraNetiss\u00e4<\/a><\/strong> | <strong><a href=\"https:\/\/cirneco.breedarchive.com\/animal\/view\/iosono-generoso-e-grandioso-027acdf9-a015-4163-bc44-e0a12199daa3\" target=\"_blank\" rel=\"noreferrer noopener\">Yoda Cirneco Breed Archivessa<\/a><\/strong><\/p>\n\n\n\n<hr class=\"wp-block-separator\"\/>\n\n\n\n<h3 class=\"has-text-align-center wp-block-heading\">Iosono Geppetto  \u2642<\/h3>\n\n\n\n<p class=\"has-text-align-center\"><strong>&#8221;Jedi&#8221;<\/strong><\/p>\n\n\n\n<div class=\"wp-block-image is-style-default\"><figure class=\"aligncenter size-large\"><a href=\"https:\/\/www.iosonocirneco.com\/fi\/wp-content\/uploads\/2014\/07\/jedi2.jpg\"><img loading=\"lazy\" decoding=\"async\" width=\"600\" height=\"400\" src=\"https:\/\/www.iosonocirneco.com\/fi\/wp-content\/uploads\/2014\/07\/jedi2.jpg\" alt=\"\" class=\"wp-image-622\" srcset=\"https:\/\/www.iosonocirneco.com\/fi\/wp-content\/uploads\/2014\/07\/jedi2.jpg 600w, https:\/\/www.iosonocirneco.com\/fi\/wp-content\/uploads\/2014\/07\/jedi2-300x200.jpg 300w\" sizes=\"auto, (max-width: 600px) 100vw, 600px\" \/><\/a><\/figure><\/div>\n\n\n\n<p class=\"has-text-align-center\"><strong>Terveys: <\/strong>kivesvika (kastroitu), alapurenta, silm\u00e4t lasiaisenrappeuma, distichiasis (2014), polvet 0\/0 (2014)<\/p>\n\n\n\n<p class=\"has-text-align-center\"><strong><a href=\"https:\/\/jalostus.kennelliitto.fi\/frmKoira.aspx?RekNo=FI26027%2F09&amp;R=199\" target=\"_blank\" rel=\"noreferrer noopener\">Jedi KoiraNetiss\u00e4<\/a><\/strong> | <strong><a href=\"https:\/\/cirneco.breedarchive.com\/animal\/view\/iosono-geppetto-04629b2e-254d-4af0-a5b4-14a1a62dd930\" target=\"_blank\" rel=\"noreferrer noopener\">Jedi Cirneco Breed Archivessa<\/a><\/strong><\/p>\n\n\n\n<hr class=\"wp-block-separator\"\/>\n\n\n\n<h3 class=\"has-text-align-center wp-block-heading\">Iosono Galassia \u2640<\/h3>\n\n\n\n<p class=\"has-text-align-center\"><strong>&#8221;Ceres&#8221;<\/strong><\/p>\n\n\n\n<div class=\"wp-block-image is-style-default\"><figure class=\"aligncenter size-large\"><img loading=\"lazy\" decoding=\"async\" width=\"500\" height=\"750\" src=\"https:\/\/www.iosonocirneco.com\/fi\/wp-content\/uploads\/2014\/07\/ceres-sert.jpg\" alt=\"\" class=\"wp-image-620\" srcset=\"https:\/\/www.iosonocirneco.com\/fi\/wp-content\/uploads\/2014\/07\/ceres-sert.jpg 500w, https:\/\/www.iosonocirneco.com\/fi\/wp-content\/uploads\/2014\/07\/ceres-sert-200x300.jpg 200w\" sizes=\"auto, (max-width: 500px) 100vw, 500px\" \/><\/figure><\/div>\n\n\n\n<p class=\"has-text-align-center\">Vienti Ruotsiin<\/p>\n\n\n\n<p class=\"has-text-align-center\"><strong>Tulokset: <\/strong>1 x SERT<\/p>\n\n\n\n<p class=\"has-text-align-center\"><strong>Terveys:<\/strong> silm\u00e4t ok, polvet 0\/0<\/p>\n\n\n\n<p class=\"has-text-align-center\"><strong><a href=\"https:\/\/jalostus.kennelliitto.fi\/frmKoira.aspx?RekNo=FI26023%2F09&amp;R=199\" target=\"_blank\" rel=\"noreferrer noopener\">Ceres KoiraNetiss\u00e4<\/a><\/strong> | <strong><a href=\"https:\/\/cirneco.breedarchive.com\/animal\/view\/iosono-galassia-f794d669-3743-403c-afc8-801139ede241\" target=\"_blank\" rel=\"noreferrer noopener\">Ceres Cirneco Breed Archivessa<\/a><\/strong><\/p>\n","protected":false},"excerpt":{"rendered":"<p>Iosono G-pentue s. 24.03.2009 4 urosta ja 1 narttu is\u00e4: Fiorino (dell\u2019Ovo) C.I.B. &amp; SM &amp; SI MVA (Italia) em\u00e4: Vespinja\u2019s Cara Mia Iosono FI MVA DVM-09 G-pentueen koirat: Iosono Galileo Galilei \u2642 &#8221;Martin&#8221; C.I.B. RU &amp; RKF &amp; BY &amp; PL &amp; LV &amp; EE &amp; ME &amp; BG &amp; MC &amp; MD &amp;&#8230;<\/p>\n","protected":false},"author":1,"featured_media":0,"parent":135,"menu_order":0,"comment_status":"closed","ping_status":"closed","template":"","meta":{"_kad_post_transparent":"","_kad_post_title":"","_kad_post_layout":"","_kad_post_sidebar_id":"","_kad_post_content_style":"","_kad_post_vertical_padding":"","_kad_post_feature":"","_kad_post_feature_position":"","_kad_post_header":false,"_kad_post_footer":false,"_kad_post_classname":"","footnotes":""},"class_list":["post-618","page","type-page","status-publish","hentry"],"_links":{"self":[{"href":"https:\/\/www.iosonocirneco.com\/fi\/wp-json\/wp\/v2\/pages\/618","targetHints":{"allow":["GET"]}}],"collection":[{"href":"https:\/\/www.iosonocirneco.com\/fi\/wp-json\/wp\/v2\/pages"}],"about":[{"href":"https:\/\/www.iosonocirneco.com\/fi\/wp-json\/wp\/v2\/types\/page"}],"author":[{"embeddable":true,"href":"https:\/\/www.iosonocirneco.com\/fi\/wp-json\/wp\/v2\/users\/1"}],"replies":[{"embeddable":true,"href":"https:\/\/www.iosonocirneco.com\/fi\/wp-json\/wp\/v2\/comments?post=618"}],"version-history":[{"count":8,"href":"https:\/\/www.iosonocirneco.com\/fi\/wp-json\/wp\/v2\/pages\/618\/revisions"}],"predecessor-version":[{"id":12871,"href":"https:\/\/www.iosonocirneco.com\/fi\/wp-json\/wp\/v2\/pages\/618\/revisions\/12871"}],"up":[{"embeddable":true,"href":"https:\/\/www.iosonocirneco.com\/fi\/wp-json\/wp\/v2\/pages\/135"}],"wp:attachment":[{"href":"https:\/\/www.iosonocirneco.com\/fi\/wp-json\/wp\/v2\/media?parent=618"}],"curies":[{"name":"wp","href":"https:\/\/api.w.org\/{rel}","templated":true}]}}