{"id":601,"date":"2014-07-26T16:08:31","date_gmt":"2014-07-26T13:08:31","guid":{"rendered":"http:\/\/www.iosonocirneco.com\/fi\/?page_id=601"},"modified":"2021-05-27T13:32:19","modified_gmt":"2021-05-27T10:32:19","slug":"s-pentue","status":"publish","type":"page","link":"https:\/\/www.iosonocirneco.com\/fi\/cirneco-dell-etna\/cirnecopentueet\/s-pentue\/","title":{"rendered":"S-pentue"},"content":{"rendered":"\n<h3 class=\"has-text-align-center wp-block-heading\">Iosono S-pentue<\/h3>\n\n\n\n<p class=\"has-text-align-center\"><strong>s.15.1.2009, 1 uros ja 3 narttua<\/strong><\/p>\n\n\n\n<div class=\"wp-block-image is-style-default\"><figure class=\"aligncenter size-full\"><img loading=\"lazy\" decoding=\"async\" width=\"1500\" height=\"959\" src=\"https:\/\/www.iosonocirneco.com\/fi\/wp-content\/uploads\/2021\/05\/s-pentue.jpg\" alt=\"\" class=\"wp-image-12382\" srcset=\"https:\/\/www.iosonocirneco.com\/fi\/wp-content\/uploads\/2021\/05\/s-pentue.jpg 1500w, https:\/\/www.iosonocirneco.com\/fi\/wp-content\/uploads\/2021\/05\/s-pentue-768x491.jpg 768w\" sizes=\"auto, (max-width: 1500px) 100vw, 1500px\" \/><\/figure><\/div>\n\n\n\n<h4 class=\"has-text-align-center wp-block-heading\">Pentueen vanhemmat<\/h4>\n\n\n\n<p class=\"has-text-align-center\">is\u00e4: <strong>Pablo del Gelso Bianco <\/strong><em>RU &amp; FI &amp; HU MVA EUV-08 MV-09 V-09 <\/em>(Italia, viety Ven\u00e4j\u00e4lle)<br>em\u00e4: <strong>Iosono Incredibile<\/strong><em> FI &amp; LV MVA PJMV-05 Vuoden cirneco 2006<\/em><\/p>\n\n\n\n<figure class=\"wp-block-gallery columns-2 is-cropped wp-block-gallery-1 is-layout-flex wp-block-gallery-is-layout-flex\"><ul class=\"blocks-gallery-grid\"><li class=\"blocks-gallery-item\"><figure><a href=\"https:\/\/www.iosonocirneco.com\/fi\/wp-content\/uploads\/2014\/07\/alex.jpg\"><img loading=\"lazy\" decoding=\"async\" width=\"550\" height=\"367\" src=\"https:\/\/www.iosonocirneco.com\/fi\/wp-content\/uploads\/2014\/07\/alex.jpg\" alt=\"\" data-id=\"612\" data-full-url=\"https:\/\/www.iosonocirneco.com\/fi\/wp-content\/uploads\/2014\/07\/alex.jpg\" data-link=\"https:\/\/www.iosonocirneco.com\/fi\/cirneco-dell-etna\/cirnecopentueet\/s-pentue\/alex\/\" class=\"wp-image-612\" srcset=\"https:\/\/www.iosonocirneco.com\/fi\/wp-content\/uploads\/2014\/07\/alex.jpg 550w, https:\/\/www.iosonocirneco.com\/fi\/wp-content\/uploads\/2014\/07\/alex-300x200.jpg 300w\" sizes=\"auto, (max-width: 550px) 100vw, 550px\" \/><\/a><\/figure><\/li><li class=\"blocks-gallery-item\"><figure><a href=\"https:\/\/www.iosonocirneco.com\/fi\/wp-content\/uploads\/2014\/07\/siri2.jpg\"><img loading=\"lazy\" decoding=\"async\" width=\"550\" height=\"394\" src=\"https:\/\/www.iosonocirneco.com\/fi\/wp-content\/uploads\/2014\/07\/siri2.jpg\" alt=\"\" data-id=\"537\" data-full-url=\"https:\/\/www.iosonocirneco.com\/fi\/wp-content\/uploads\/2014\/07\/siri2.jpg\" data-link=\"https:\/\/www.iosonocirneco.com\/fi\/cirneco-dell-etna\/cirnecopentueet\/i-pentue\/siri2\/\" class=\"wp-image-537\" srcset=\"https:\/\/www.iosonocirneco.com\/fi\/wp-content\/uploads\/2014\/07\/siri2.jpg 550w, https:\/\/www.iosonocirneco.com\/fi\/wp-content\/uploads\/2014\/07\/siri2-300x214.jpg 300w\" sizes=\"auto, (max-width: 550px) 100vw, 550px\" \/><\/a><\/figure><\/li><\/ul><\/figure>\n\n\n\n<hr class=\"wp-block-separator\"\/>\n\n\n\n<h4 class=\"has-text-align-center wp-block-heading\">S-pentueen koirat<\/h4>\n\n\n\n<p><\/p>\n\n\n\n<h3 class=\"has-text-align-center wp-block-heading\">Iosono Siciliano \u2642<\/h3>\n\n\n\n<p class=\"has-text-align-center\"><strong>&#8221;Capo&#8221;<\/strong><\/p>\n\n\n\n<p class=\"has-text-align-center\"><em>FI MVA<\/em><\/p>\n\n\n\n<div class=\"wp-block-image is-style-default\"><figure class=\"aligncenter size-full\"><img loading=\"lazy\" decoding=\"async\" width=\"750\" height=\"500\" src=\"https:\/\/www.iosonocirneco.com\/fi\/wp-content\/uploads\/2014\/07\/capo.jpg\" alt=\"\" class=\"wp-image-605\" srcset=\"https:\/\/www.iosonocirneco.com\/fi\/wp-content\/uploads\/2014\/07\/capo.jpg 750w, https:\/\/www.iosonocirneco.com\/fi\/wp-content\/uploads\/2014\/07\/capo-300x200.jpg 300w\" sizes=\"auto, (max-width: 750px) 100vw, 750px\" \/><\/figure><\/div>\n\n\n\n<p class=\"has-text-align-center\"><strong>Tulokset: <\/strong>Suomen muotovalio, maastojuoksusta 2 serti\u00e4<\/p>\n\n\n\n<p class=\"has-text-align-center\"><strong>Terveys:<\/strong> kaikki hampaat, silm\u00e4t ok ja polvet 0\/0 (2010), kastroitu (ennen normaalit kivekset), todettu diabetes 11-vuotiaana<\/p>\n\n\n\n<p class=\"has-text-align-center\"><strong>Pentueet: <\/strong>Bresar\u2019s D-pentue (2010) ja Iosono P-pentue (2010)<\/p>\n\n\n\n<p class=\"has-text-align-center\"><strong><a href=\"https:\/\/jalostus.kennelliitto.fi\/frmKoira.aspx?RekNo=FI15805%2F09&amp;R=199\" target=\"_blank\" rel=\"noreferrer noopener\">Capo KoiraNetiss\u00e4<\/a><\/strong> | <strong><a href=\"https:\/\/cirneco.breedarchive.com\/animal\/view\/iosono-siciliano-75a0894d-3d1c-49d8-a4f3-64081c9f1200\" target=\"_blank\" rel=\"noreferrer noopener\">Capo Cirneco Breed Archivessa<\/a><\/strong><\/p>\n\n\n\n<hr class=\"wp-block-separator\"\/>\n\n\n\n<h3 class=\"has-text-align-center wp-block-heading\">Iosono Serafina \u2640<\/h3>\n\n\n\n<p class=\"has-text-align-center\"><strong>&#8221;Cara&#8221;<\/strong><\/p>\n\n\n\n<p class=\"has-text-align-center\"><em>FI MVA<\/em><\/p>\n\n\n\n<div class=\"wp-block-image is-style-default\"><figure class=\"aligncenter size-full\"><img loading=\"lazy\" decoding=\"async\" width=\"960\" height=\"640\" src=\"https:\/\/www.iosonocirneco.com\/fi\/wp-content\/uploads\/2014\/07\/caraseisoo.jpg\" alt=\"\" class=\"wp-image-607\" srcset=\"https:\/\/www.iosonocirneco.com\/fi\/wp-content\/uploads\/2014\/07\/caraseisoo.jpg 960w, https:\/\/www.iosonocirneco.com\/fi\/wp-content\/uploads\/2014\/07\/caraseisoo-300x200.jpg 300w\" sizes=\"auto, (max-width: 960px) 100vw, 960px\" \/><\/figure><\/div>\n\n\n\n<p class=\"has-text-align-center\"><strong>Tulokset:<\/strong> Suomen muotovalio<\/p>\n\n\n\n<p class=\"has-text-align-center\"><strong>Terveys: <\/strong>kaikki hampaat, silm\u00e4t ok ja polvet 0\/0 (2011), moniniveltulehdus todettu 9-vuotiaana, hieman kohonneet maksa-arvot, hepatiitti todettu 10-vuotiaana. Lopetettu 12-vuotiaana.<\/p>\n\n\n\n<p class=\"has-text-align-center\"><strong><a href=\"https:\/\/jalostus.kennelliitto.fi\/frmKoira.aspx?RekNo=FI15807%2F09&amp;R=199\" target=\"_blank\" rel=\"noreferrer noopener\">Cara KoiraNetiss\u00e4<\/a><\/strong> | <strong><a href=\"https:\/\/cirneco.breedarchive.com\/animal\/view\/iosono-serafina-27630710-39ab-4de0-8210-1730926608e6\" target=\"_blank\" rel=\"noreferrer noopener\">Cara Cirneco Breed Archivessa<\/a><\/strong><\/p>\n\n\n\n<hr class=\"wp-block-separator\"\/>\n\n\n\n<h3 class=\"has-text-align-center wp-block-heading\">Iosono Signorina \u2640<\/h3>\n\n\n\n<p class=\"has-text-align-center\"><strong>&#8221;Maiko&#8221;<\/strong><\/p>\n\n\n\n<div class=\"wp-block-image is-style-default\"><figure class=\"aligncenter size-full\"><img loading=\"lazy\" decoding=\"async\" width=\"600\" height=\"400\" src=\"https:\/\/www.iosonocirneco.com\/fi\/wp-content\/uploads\/2014\/07\/maiko2.jpg\" alt=\"\" class=\"wp-image-609\" srcset=\"https:\/\/www.iosonocirneco.com\/fi\/wp-content\/uploads\/2014\/07\/maiko2.jpg 600w, https:\/\/www.iosonocirneco.com\/fi\/wp-content\/uploads\/2014\/07\/maiko2-300x200.jpg 300w\" sizes=\"auto, (max-width: 600px) 100vw, 600px\" \/><\/figure><\/div>\n\n\n\n<p class=\"has-text-align-center\"><strong>Tulokset: <\/strong>Kilpaili ratajuoksussa<\/p>\n\n\n\n<p class=\"has-text-align-center\"><strong>Terveys:<\/strong> alaleuan kehitysh\u00e4iri\u00f6, silm\u00e4t ok ja polvet 0\/0 (2011)<\/p>\n\n\n\n<p class=\"has-text-align-center\"><strong><a href=\"https:\/\/jalostus.kennelliitto.fi\/frmKoira.aspx?RekNo=FI15808%2F09&amp;R=199\" target=\"_blank\" rel=\"noreferrer noopener\">Maiko KoiraNetiss\u00e4<\/a><\/strong> | <strong><a href=\"https:\/\/cirneco.breedarchive.com\/animal\/view\/iosono-serafina-27630710-39ab-4de0-8210-1730926608e6\" target=\"_blank\" rel=\"noreferrer noopener\">Maiko Cirneco Breed Archivessa<\/a><\/strong><\/p>\n\n\n\n<hr class=\"wp-block-separator\"\/>\n\n\n\n<h3 class=\"has-text-align-center wp-block-heading\">Iosono Superiore \u2640<\/h3>\n\n\n\n<p class=\"has-text-align-center\"><strong>&#8221;Noia&#8221;<\/strong><\/p>\n\n\n\n<p class=\"has-text-align-center\"><em>CVM-14<\/em><\/p>\n\n\n\n<div class=\"wp-block-image is-style-default\"><figure class=\"aligncenter size-full\"><img loading=\"lazy\" decoding=\"async\" width=\"640\" height=\"554\" src=\"https:\/\/www.iosonocirneco.com\/fi\/wp-content\/uploads\/2014\/07\/noia.jpg\" alt=\"\" class=\"wp-image-602\" srcset=\"https:\/\/www.iosonocirneco.com\/fi\/wp-content\/uploads\/2014\/07\/noia.jpg 640w, https:\/\/www.iosonocirneco.com\/fi\/wp-content\/uploads\/2014\/07\/noia-300x259.jpg 300w\" sizes=\"auto, (max-width: 640px) 100vw, 640px\" \/><\/figure><\/div>\n\n\n\n<p class=\"has-text-align-center\"><strong>Tulokset: <\/strong>ROP-pentu, junioriluokasta EH, 1 SERTK ratajuoksusta, 4 SERTK maastojuoksusta<\/p>\n\n\n\n<p class=\"has-text-align-center\"><strong>Terveys: <\/strong>1 v\u00e4lihammaspuutos, polvet 0\/1 (3\/2011), allergiaep\u00e4ily nuorena (aikuisena ei allergiaa)<\/p>\n\n\n\n<p class=\"has-text-align-center\"><strong><a href=\"https:\/\/jalostus.kennelliitto.fi\/frmKoira.aspx?RekNo=FI15806%2F09&amp;R=199\" target=\"_blank\" rel=\"noreferrer noopener\">Noia KoiraNetiss\u00e4<\/a><\/strong> | <strong><a href=\"https:\/\/cirneco.breedarchive.com\/animal\/view\/iosono-superiore-71bd23d8-3048-42d7-8935-b3002fdb9d78\" target=\"_blank\" rel=\"noreferrer noopener\">Noia Cirneco Breed Archivessa<\/a><\/strong><\/p>\n","protected":false},"excerpt":{"rendered":"<p>Iosono S-pentue s.15.1.2009, 1 uros ja 3 narttua Pentueen vanhemmat is\u00e4: Pablo del Gelso Bianco RU &amp; FI &amp; HU MVA EUV-08 MV-09 V-09 (Italia, viety Ven\u00e4j\u00e4lle)em\u00e4: Iosono Incredibile FI &amp; LV MVA PJMV-05 Vuoden cirneco 2006 S-pentueen koirat Iosono Siciliano \u2642 &#8221;Capo&#8221; FI MVA Tulokset: Suomen muotovalio, maastojuoksusta 2 serti\u00e4 Terveys: kaikki hampaat, silm\u00e4t&#8230;<\/p>\n","protected":false},"author":1,"featured_media":0,"parent":135,"menu_order":0,"comment_status":"closed","ping_status":"closed","template":"","meta":{"_kad_post_transparent":"","_kad_post_title":"","_kad_post_layout":"","_kad_post_sidebar_id":"","_kad_post_content_style":"","_kad_post_vertical_padding":"","_kad_post_feature":"","_kad_post_feature_position":"","_kad_post_header":false,"_kad_post_footer":false,"_kad_post_classname":"","footnotes":""},"class_list":["post-601","page","type-page","status-publish","hentry"],"_links":{"self":[{"href":"https:\/\/www.iosonocirneco.com\/fi\/wp-json\/wp\/v2\/pages\/601","targetHints":{"allow":["GET"]}}],"collection":[{"href":"https:\/\/www.iosonocirneco.com\/fi\/wp-json\/wp\/v2\/pages"}],"about":[{"href":"https:\/\/www.iosonocirneco.com\/fi\/wp-json\/wp\/v2\/types\/page"}],"author":[{"embeddable":true,"href":"https:\/\/www.iosonocirneco.com\/fi\/wp-json\/wp\/v2\/users\/1"}],"replies":[{"embeddable":true,"href":"https:\/\/www.iosonocirneco.com\/fi\/wp-json\/wp\/v2\/comments?post=601"}],"version-history":[{"count":6,"href":"https:\/\/www.iosonocirneco.com\/fi\/wp-json\/wp\/v2\/pages\/601\/revisions"}],"predecessor-version":[{"id":12930,"href":"https:\/\/www.iosonocirneco.com\/fi\/wp-json\/wp\/v2\/pages\/601\/revisions\/12930"}],"up":[{"embeddable":true,"href":"https:\/\/www.iosonocirneco.com\/fi\/wp-json\/wp\/v2\/pages\/135"}],"wp:attachment":[{"href":"https:\/\/www.iosonocirneco.com\/fi\/wp-json\/wp\/v2\/media?parent=601"}],"curies":[{"name":"wp","href":"https:\/\/api.w.org\/{rel}","templated":true}]}}