{"id":567,"date":"2014-07-26T15:39:29","date_gmt":"2014-07-26T12:39:29","guid":{"rendered":"http:\/\/www.iosonocirneco.com\/fi\/?page_id=567"},"modified":"2021-05-27T11:21:03","modified_gmt":"2021-05-27T08:21:03","slug":"q-pentue","status":"publish","type":"page","link":"https:\/\/www.iosonocirneco.com\/fi\/cirneco-dell-etna\/cirnecopentueet\/q-pentue\/","title":{"rendered":"Q-pentue"},"content":{"rendered":"\n<h3 class=\"has-text-align-center wp-block-heading\">Iosono Q-pentue<\/h3>\n\n\n\n<p class=\"has-text-align-center\"><strong>s. 14.2.2007, 1 uros ja 2 narttua<\/strong><\/p>\n\n\n\n<div class=\"wp-block-image is-style-default\"><figure class=\"aligncenter size-full\"><img loading=\"lazy\" decoding=\"async\" width=\"1500\" height=\"931\" src=\"https:\/\/www.iosonocirneco.com\/fi\/wp-content\/uploads\/2021\/05\/q-pentue.jpg\" alt=\"\" class=\"wp-image-12379\" srcset=\"https:\/\/www.iosonocirneco.com\/fi\/wp-content\/uploads\/2021\/05\/q-pentue.jpg 1500w, https:\/\/www.iosonocirneco.com\/fi\/wp-content\/uploads\/2021\/05\/q-pentue-768x476.jpg 768w\" sizes=\"auto, (max-width: 1500px) 100vw, 1500px\" \/><\/figure><\/div>\n\n\n\n<p>is\u00e4: <strong>Vespinja\u2019s Bronte<\/strong><br>em\u00e4: <strong>Iosono Aida di Verdi<\/strong> <em>C.I.B. &amp; FI &amp; LT &amp; EE MVA V-01 JV-01 LTV-03 EUV-06<\/em><\/p>\n\n\n\n<figure class=\"wp-block-gallery columns-2 is-cropped wp-block-gallery-1 is-layout-flex wp-block-gallery-is-layout-flex\"><ul class=\"blocks-gallery-grid\"><li class=\"blocks-gallery-item\"><figure><a href=\"https:\/\/www.iosonocirneco.com\/fi\/wp-content\/uploads\/2014\/07\/ronttiseisoo.jpg\"><img loading=\"lazy\" decoding=\"async\" width=\"750\" height=\"500\" src=\"https:\/\/www.iosonocirneco.com\/fi\/wp-content\/uploads\/2014\/07\/ronttiseisoo.jpg\" alt=\"\" data-id=\"568\" data-full-url=\"https:\/\/www.iosonocirneco.com\/fi\/wp-content\/uploads\/2014\/07\/ronttiseisoo.jpg\" data-link=\"https:\/\/www.iosonocirneco.com\/fi\/cirneco-dell-etna\/cirnecopentueet\/q-pentue\/ronttiseisoo\/\" class=\"wp-image-568\" srcset=\"https:\/\/www.iosonocirneco.com\/fi\/wp-content\/uploads\/2014\/07\/ronttiseisoo.jpg 750w, https:\/\/www.iosonocirneco.com\/fi\/wp-content\/uploads\/2014\/07\/ronttiseisoo-300x200.jpg 300w\" sizes=\"auto, (max-width: 750px) 100vw, 750px\" \/><\/a><\/figure><\/li><li class=\"blocks-gallery-item\"><figure><a href=\"https:\/\/www.iosonocirneco.com\/fi\/wp-content\/uploads\/2014\/07\/venlavaasa.jpg\"><img loading=\"lazy\" decoding=\"async\" width=\"933\" height=\"700\" src=\"https:\/\/www.iosonocirneco.com\/fi\/wp-content\/uploads\/2014\/07\/venlavaasa.jpg\" alt=\"\" data-id=\"446\" data-full-url=\"https:\/\/www.iosonocirneco.com\/fi\/wp-content\/uploads\/2014\/07\/venlavaasa.jpg\" data-link=\"https:\/\/www.iosonocirneco.com\/fi\/cirneco-dell-etna\/cirnecopentueet\/a-pentue\/venlavaasa\/\" class=\"wp-image-446\" srcset=\"https:\/\/www.iosonocirneco.com\/fi\/wp-content\/uploads\/2014\/07\/venlavaasa.jpg 933w, https:\/\/www.iosonocirneco.com\/fi\/wp-content\/uploads\/2014\/07\/venlavaasa-300x225.jpg 300w\" sizes=\"auto, (max-width: 933px) 100vw, 933px\" \/><\/a><\/figure><\/li><\/ul><\/figure>\n\n\n\n<h4 class=\"has-text-align-center wp-block-heading\">Q-pentueen koirat<\/h4>\n\n\n\n<p><\/p>\n\n\n\n<h3 class=\"has-text-align-center wp-block-heading\">Iosono Qualitativo \u2642<\/h3>\n\n\n\n<p class=\"has-text-align-center\"><strong>&#8221;Elmo&#8221;<\/strong><\/p>\n\n\n\n<div class=\"wp-block-image is-style-default\"><figure class=\"aligncenter size-full\"><img loading=\"lazy\" decoding=\"async\" width=\"600\" height=\"400\" src=\"https:\/\/www.iosonocirneco.com\/fi\/wp-content\/uploads\/2014\/07\/elmosyys09.jpg\" alt=\"\" class=\"wp-image-570\" srcset=\"https:\/\/www.iosonocirneco.com\/fi\/wp-content\/uploads\/2014\/07\/elmosyys09.jpg 600w, https:\/\/www.iosonocirneco.com\/fi\/wp-content\/uploads\/2014\/07\/elmosyys09-300x200.jpg 300w\" sizes=\"auto, (max-width: 600px) 100vw, 600px\" \/><\/figure><\/div>\n\n\n\n<p class=\"has-text-align-center\"><strong>Tulokset: <\/strong><em>CVM-10, 3xKVA-R SERT, 3xKVA-M SERT<\/em>, <em>kilpaili ratajuoksussa ja juoksi rataenn\u00e4tyksi\u00e4\/Suomen nopeimman ratajuoksu-ajan rodussaan, n\u00e4yttelyst\u00e4 vara-sert<\/em><\/p>\n\n\n\n<p class=\"has-text-align-center\"><strong>Terveys: <\/strong>kivekset ok, kaikki hampaat, lopetettiin 11-vuotiaana<\/p>\n\n\n\n<p class=\"has-text-align-center\"><strong><a href=\"https:\/\/jalostus.kennelliitto.fi\/frmKoira.aspx?RekNo=FIN27407%2F07&amp;R=199\" target=\"_blank\" rel=\"noreferrer noopener\">Elmo KoiraNetiss\u00e4<\/a><\/strong> | <strong><a href=\"https:\/\/cirneco.breedarchive.com\/animal\/view\/iosono-qualitativo-1669f3c5-d38e-456c-96d2-ce3c0bb73f02\" target=\"_blank\" rel=\"noreferrer noopener\">Elmo Cirneco Breed Archivessa<\/a><\/strong><\/p>\n\n\n\n<hr class=\"wp-block-separator\"\/>\n\n\n\n<h3 class=\"has-text-align-center wp-block-heading\">Iosono Questa Qua \u2640<\/h3>\n\n\n\n<p class=\"has-text-align-center\"><strong>&#8221;Saga&#8221;<\/strong><\/p>\n\n\n\n<p class=\"has-text-align-center\"><em>FI MVA<\/em><\/p>\n\n\n\n<div class=\"wp-block-image is-style-default\"><figure class=\"aligncenter size-large\"><img loading=\"lazy\" decoding=\"async\" width=\"600\" height=\"400\" src=\"https:\/\/www.iosonocirneco.com\/fi\/wp-content\/uploads\/2014\/07\/saga2puol2.jpg\" alt=\"\" class=\"wp-image-572\" srcset=\"https:\/\/www.iosonocirneco.com\/fi\/wp-content\/uploads\/2014\/07\/saga2puol2.jpg 600w, https:\/\/www.iosonocirneco.com\/fi\/wp-content\/uploads\/2014\/07\/saga2puol2-300x200.jpg 300w\" sizes=\"auto, (max-width: 600px) 100vw, 600px\" \/><\/figure><\/div>\n\n\n\n<p class=\"has-text-align-center\"><strong>Tulokset: <\/strong>Suomen muotovalio<\/p>\n\n\n\n<p class=\"has-text-align-center\"><strong>Terveys: <\/strong>puuttui v\u00e4lihampaita, ohut turkki, lopetettiin 7-vuotiaana (\u00e4killinen halvaus, ruumiinavauksessa ei l\u00f6ytynyt syyt\u00e4)<\/p>\n\n\n\n<p class=\"has-text-align-center\"><strong><a href=\"https:\/\/jalostus.kennelliitto.fi\/frmKoira.aspx?RekNo=FIN27408%2F07&amp;R=199\" target=\"_blank\" rel=\"noreferrer noopener\">Saga KoiraNetiss\u00e4<\/a><\/strong> | <strong><a href=\"https:\/\/cirneco.breedarchive.com\/animal\/view\/iosono-questa-qua-9217fa19-8385-4331-8f3c-d450da5367c1\" target=\"_blank\" rel=\"noreferrer noopener\">Saga Cirneco Breed Archivessa<\/a><\/strong><\/p>\n\n\n\n<hr class=\"wp-block-separator\"\/>\n\n\n\n<h3 class=\"has-text-align-center wp-block-heading\">Iosono Quintessenza \u2640<\/h3>\n\n\n\n<p class=\"has-text-align-center\"><strong>&#8221;Stella, Tella&#8221;<\/strong><\/p>\n\n\n\n<p class=\"has-text-align-center\"><em>FI MVA<\/em><\/p>\n\n\n\n<div class=\"wp-block-image is-style-default\"><figure class=\"aligncenter size-full\"><img loading=\"lazy\" decoding=\"async\" width=\"600\" height=\"400\" src=\"https:\/\/www.iosonocirneco.com\/fi\/wp-content\/uploads\/2014\/07\/tella2puol.jpg\" alt=\"\" class=\"wp-image-573\" srcset=\"https:\/\/www.iosonocirneco.com\/fi\/wp-content\/uploads\/2014\/07\/tella2puol.jpg 600w, https:\/\/www.iosonocirneco.com\/fi\/wp-content\/uploads\/2014\/07\/tella2puol-300x200.jpg 300w\" sizes=\"auto, (max-width: 600px) 100vw, 600px\" \/><\/figure><\/div>\n\n\n\n<p class=\"has-text-align-center\"><strong>Tulokset: <\/strong>Suomen muotovalio, 4 CACIB:ia<\/p>\n\n\n\n<p class=\"has-text-align-center\"><strong>Terveys: <\/strong>kaikki hampaat, silm\u00e4t ok (2010, 2011, 2012), polvet 0\/0 (2010), lonkat B\/B, kyyn\u00e4r\u00e4t 0\/0, lopetettiin 12,5-vuotiaana (kohtutulehdus)<\/p>\n\n\n\n<p class=\"has-text-align-center\"><strong>Pentueet: <\/strong>Laavakartanon G-pentue (2011), Laavakartanon A-pentue (2012)<\/p>\n\n\n\n<p class=\"has-text-align-center\"><strong><a href=\"https:\/\/jalostus.kennelliitto.fi\/frmKoira.aspx?RekNo=FIN27409\/07&amp;R=199\" target=\"_blank\" rel=\"noreferrer noopener\">Stella KoiraNetiss\u00e4<\/a><\/strong> | <strong><a href=\"https:\/\/cirneco.breedarchive.com\/animal\/view\/iosono-quintessenza-fab3b8a9-79bb-4d0f-9abe-45a97e35db90\" target=\"_blank\" rel=\"noreferrer noopener\">Stella Cirneco Breed Archivessa<\/a><\/strong><\/p>\n\n\n\n<hr class=\"wp-block-separator\"\/>\n","protected":false},"excerpt":{"rendered":"<p>Iosono Q-pentue s. 14.2.2007, 1 uros ja 2 narttua is\u00e4: Vespinja\u2019s Bronteem\u00e4: Iosono Aida di Verdi C.I.B. &amp; FI &amp; LT &amp; EE MVA V-01 JV-01 LTV-03 EUV-06 Q-pentueen koirat Iosono Qualitativo \u2642 &#8221;Elmo&#8221; Tulokset: CVM-10, 3xKVA-R SERT, 3xKVA-M SERT, kilpaili ratajuoksussa ja juoksi rataenn\u00e4tyksi\u00e4\/Suomen nopeimman ratajuoksu-ajan rodussaan, n\u00e4yttelyst\u00e4 vara-sert Terveys: kivekset ok, kaikki hampaat,&#8230;<\/p>\n","protected":false},"author":1,"featured_media":0,"parent":135,"menu_order":0,"comment_status":"closed","ping_status":"closed","template":"","meta":{"_kad_post_transparent":"","_kad_post_title":"","_kad_post_layout":"","_kad_post_sidebar_id":"","_kad_post_content_style":"","_kad_post_vertical_padding":"","_kad_post_feature":"","_kad_post_feature_position":"","_kad_post_header":false,"_kad_post_footer":false,"_kad_post_classname":"","footnotes":""},"class_list":["post-567","page","type-page","status-publish","hentry"],"_links":{"self":[{"href":"https:\/\/www.iosonocirneco.com\/fi\/wp-json\/wp\/v2\/pages\/567","targetHints":{"allow":["GET"]}}],"collection":[{"href":"https:\/\/www.iosonocirneco.com\/fi\/wp-json\/wp\/v2\/pages"}],"about":[{"href":"https:\/\/www.iosonocirneco.com\/fi\/wp-json\/wp\/v2\/types\/page"}],"author":[{"embeddable":true,"href":"https:\/\/www.iosonocirneco.com\/fi\/wp-json\/wp\/v2\/users\/1"}],"replies":[{"embeddable":true,"href":"https:\/\/www.iosonocirneco.com\/fi\/wp-json\/wp\/v2\/comments?post=567"}],"version-history":[{"count":6,"href":"https:\/\/www.iosonocirneco.com\/fi\/wp-json\/wp\/v2\/pages\/567\/revisions"}],"predecessor-version":[{"id":12902,"href":"https:\/\/www.iosonocirneco.com\/fi\/wp-json\/wp\/v2\/pages\/567\/revisions\/12902"}],"up":[{"embeddable":true,"href":"https:\/\/www.iosonocirneco.com\/fi\/wp-json\/wp\/v2\/pages\/135"}],"wp:attachment":[{"href":"https:\/\/www.iosonocirneco.com\/fi\/wp-json\/wp\/v2\/media?parent=567"}],"curies":[{"name":"wp","href":"https:\/\/api.w.org\/{rel}","templated":true}]}}