{"id":528,"date":"2014-07-26T15:03:17","date_gmt":"2014-07-26T12:03:17","guid":{"rendered":"http:\/\/www.iosonocirneco.com\/fi\/?page_id=528"},"modified":"2021-05-27T09:41:15","modified_gmt":"2021-05-27T06:41:15","slug":"i-pentue","status":"publish","type":"page","link":"https:\/\/www.iosonocirneco.com\/fi\/cirneco-dell-etna\/cirnecopentueet\/i-pentue\/","title":{"rendered":"I-pentue"},"content":{"rendered":"\n<h2 class=\"has-text-align-center wp-block-heading\">Iosono I-pentue<\/h2>\n\n\n\n<p class=\"has-text-align-center\"><strong>s. 19.12.2004, 1 uros ja 4 narttua<\/strong><\/p>\n\n\n\n<div class=\"wp-block-image is-style-default\"><figure class=\"aligncenter size-full\"><img loading=\"lazy\" decoding=\"async\" width=\"750\" height=\"422\" src=\"https:\/\/www.iosonocirneco.com\/fi\/wp-content\/uploads\/2014\/07\/i-pentue2.jpg\" alt=\"\" class=\"wp-image-225\" srcset=\"https:\/\/www.iosonocirneco.com\/fi\/wp-content\/uploads\/2014\/07\/i-pentue2.jpg 750w, https:\/\/www.iosonocirneco.com\/fi\/wp-content\/uploads\/2014\/07\/i-pentue2-300x168.jpg 300w\" sizes=\"auto, (max-width: 750px) 100vw, 750px\" \/><\/figure><\/div>\n\n\n\n<h4 class=\"has-text-align-center wp-block-heading\"><strong>Vanhemmat:<\/strong><\/h4>\n\n\n\n<p class=\"has-text-align-center\">is\u00e4: <strong>Aetneus Ciccio<\/strong> (Italia)<br>em\u00e4: C.I.B. &amp; FI &amp; LT &amp; EE MVA V-01 JV-01 LTV-03 EUV-06 <strong>Iosono Aida di Verdi<\/strong><\/p>\n\n\n\n<figure class=\"wp-block-gallery columns-2 is-cropped wp-block-gallery-1 is-layout-flex wp-block-gallery-is-layout-flex\"><ul class=\"blocks-gallery-grid\"><li class=\"blocks-gallery-item\"><figure><a href=\"https:\/\/www.iosonocirneco.com\/fi\/wp-content\/uploads\/2014\/07\/artu1.jpg\"><img loading=\"lazy\" decoding=\"async\" width=\"500\" height=\"386\" src=\"https:\/\/www.iosonocirneco.com\/fi\/wp-content\/uploads\/2014\/07\/artu1.jpg\" alt=\"\" data-id=\"530\" data-full-url=\"https:\/\/www.iosonocirneco.com\/fi\/wp-content\/uploads\/2014\/07\/artu1.jpg\" data-link=\"https:\/\/www.iosonocirneco.com\/fi\/cirneco-dell-etna\/cirnecopentueet\/i-pentue\/artu1\/\" class=\"wp-image-530\" srcset=\"https:\/\/www.iosonocirneco.com\/fi\/wp-content\/uploads\/2014\/07\/artu1.jpg 500w, https:\/\/www.iosonocirneco.com\/fi\/wp-content\/uploads\/2014\/07\/artu1-300x231.jpg 300w\" sizes=\"auto, (max-width: 500px) 100vw, 500px\" \/><\/a><\/figure><\/li><li class=\"blocks-gallery-item\"><figure><a href=\"https:\/\/www.iosonocirneco.com\/fi\/wp-content\/uploads\/2014\/07\/venlavaasa.jpg\"><img loading=\"lazy\" decoding=\"async\" width=\"933\" height=\"700\" src=\"https:\/\/www.iosonocirneco.com\/fi\/wp-content\/uploads\/2014\/07\/venlavaasa.jpg\" alt=\"\" data-id=\"446\" data-full-url=\"https:\/\/www.iosonocirneco.com\/fi\/wp-content\/uploads\/2014\/07\/venlavaasa.jpg\" data-link=\"https:\/\/www.iosonocirneco.com\/fi\/cirneco-dell-etna\/cirnecopentueet\/a-pentue\/venlavaasa\/\" class=\"wp-image-446\" srcset=\"https:\/\/www.iosonocirneco.com\/fi\/wp-content\/uploads\/2014\/07\/venlavaasa.jpg 933w, https:\/\/www.iosonocirneco.com\/fi\/wp-content\/uploads\/2014\/07\/venlavaasa-300x225.jpg 300w\" sizes=\"auto, (max-width: 933px) 100vw, 933px\" \/><\/a><\/figure><\/li><\/ul><\/figure>\n\n\n\n<hr class=\"wp-block-separator\"\/>\n\n\n\n<h3 class=\"has-text-align-center wp-block-heading\">I-pentueen koirat<\/h3>\n\n\n\n<h3 class=\"has-text-align-center wp-block-heading\"><br>Iosono Il Re &nbsp;\u2642<\/h3>\n\n\n\n<p class=\"has-text-align-center\"><strong>\u201cArttu\u201d<\/strong><\/p>\n\n\n\n<p class=\"has-text-align-center\"><em>JV-05<\/em><\/p>\n\n\n\n<div class=\"wp-block-image is-style-default\"><figure class=\"aligncenter\"><img loading=\"lazy\" decoding=\"async\" width=\"550\" height=\"413\" src=\"http:\/\/www.iosonocirneco.com\/fi\/wp-content\/uploads\/2014\/07\/arttu2.jpg\" alt=\"arttu2\" class=\"wp-image-532\" srcset=\"https:\/\/www.iosonocirneco.com\/fi\/wp-content\/uploads\/2014\/07\/arttu2.jpg 550w, https:\/\/www.iosonocirneco.com\/fi\/wp-content\/uploads\/2014\/07\/arttu2-300x225.jpg 300w\" sizes=\"auto, (max-width: 550px) 100vw, 550px\" \/><\/figure><\/div>\n\n\n\n<p class=\"has-text-align-center\"><strong>Tulokset:<\/strong> N\u00e4yttelyist\u00e4 3 SERT ja 2 CACIB<\/p>\n\n\n\n<p class=\"has-text-align-center\"><strong>Terveys:<\/strong> kaikki hampaat, kivekset ok. Lopetettu 8,5-vuotiaana (koira-aggressiivinen)<\/p>\n\n\n\n<p class=\"has-text-align-center\"><strong><a rel=\"noopener\" href=\"http:\/\/jalostus.kennelliitto.fi\/frmKoira.aspx?RekNo=FIN15337%2F05&amp;R=199\" target=\"_blank\">Arttu KoiraNetiss\u00e4<\/a><\/strong> | <strong><a rel=\"noreferrer noopener\" href=\"https:\/\/cirneco.breedarchive.com\/animal\/view\/iosono-il-re-dae795bd-1ad8-44f6-aa45-f7e61a65ca35\" target=\"_blank\">Arttu Cirneco Breed Archivessa<\/a><\/strong><\/p>\n\n\n\n<hr class=\"wp-block-separator\"\/>\n\n\n\n<h3 class=\"has-text-align-center wp-block-heading\">Iosono Ifigeneia \u2640<\/h3>\n\n\n\n<p class=\"has-text-align-center\"><strong>&#8221;Lara&#8221;<\/strong><\/p>\n\n\n\n<figure class=\"wp-block-image size-full is-style-default\"><img loading=\"lazy\" decoding=\"async\" width=\"1500\" height=\"1125\" src=\"https:\/\/www.iosonocirneco.com\/fi\/wp-content\/uploads\/2021\/05\/iosono-ifigeneia2.jpg\" alt=\"\" class=\"wp-image-12739\" srcset=\"https:\/\/www.iosonocirneco.com\/fi\/wp-content\/uploads\/2021\/05\/iosono-ifigeneia2.jpg 1500w, https:\/\/www.iosonocirneco.com\/fi\/wp-content\/uploads\/2021\/05\/iosono-ifigeneia2-768x576.jpg 768w\" sizes=\"auto, (max-width: 1500px) 100vw, 1500px\" \/><\/figure>\n\n\n\n<p class=\"has-text-align-center\"><strong>Terveys:<\/strong> kaikki hampaat, terveet silm\u00e4t ja polvet 0\/0 (2007), SARDS &amp; korkeat maksa-arvot (8-vuotiaana), lopetettu 9,3-vuotiaana (dementia)<\/p>\n\n\n\n<p class=\"has-text-align-center\"><strong><a rel=\"noopener\" href=\"http:\/\/jalostus.kennelliitto.fi\/frmKoira.aspx?RekNo=FIN15338%2F05&amp;R=199\" target=\"_blank\">Lara KoiraNetiss\u00e4<\/a><\/strong> | <strong><a href=\"https:\/\/cirneco.breedarchive.com\/animal\/view\/iosono-ifigeneia-3e7db13f-210e-4fb2-a667-b465e58d6317\" target=\"_blank\" rel=\"noreferrer noopener\">Lara Cirneco Breed Archivessa<\/a><\/strong><\/p>\n\n\n\n<hr class=\"wp-block-separator\"\/>\n\n\n\n<h3 class=\"has-text-align-center wp-block-heading\">Iosono Incredibile \u2640<\/h3>\n\n\n\n<p class=\"has-text-align-center\"><strong>\u201cSiri\u201d<\/strong><\/p>\n\n\n\n<p class=\"has-text-align-center\"><em>FI &amp; LV MVA PMJV-05<\/em><\/p>\n\n\n\n<div class=\"wp-block-image is-style-default\"><figure class=\"aligncenter\"><img loading=\"lazy\" decoding=\"async\" width=\"550\" height=\"394\" src=\"http:\/\/www.iosonocirneco.com\/fi\/wp-content\/uploads\/2014\/07\/siri2.jpg\" alt=\"siri2\" class=\"wp-image-537\" srcset=\"https:\/\/www.iosonocirneco.com\/fi\/wp-content\/uploads\/2014\/07\/siri2.jpg 550w, https:\/\/www.iosonocirneco.com\/fi\/wp-content\/uploads\/2014\/07\/siri2-300x214.jpg 300w\" sizes=\"auto, (max-width: 550px) 100vw, 550px\" \/><\/figure><\/div>\n\n\n\n<p class=\"has-text-align-center\"><strong>Tulokset:<\/strong> N\u00e4yttelyist\u00e4 muotovalio, useita sertej\u00e4 (FI, LV, PL), 5 CACIB, maastojuoksukilpailuista 3 sert<\/p>\n\n\n\n<p class=\"has-text-align-center\"><strong>Terveys:<\/strong> kaikki hampaat, terveet silm\u00e4t ja polvet 0\/0 (2008), SARDS &amp; korkeat maksa-arvot 9-vuotiaana, kilpirauhasen vajaatoiminta. Lopetettu 12-vuotiaana (vanhuus) <\/p>\n\n\n\n<p class=\"has-text-align-center\"><strong>Pentueet: <\/strong>Iosono S-pentue (2009), Cantabile B-pentue (2010)<\/p>\n\n\n\n<p class=\"has-text-align-center\"><strong><a rel=\"noopener\" href=\"http:\/\/jalostus.kennelliitto.fi\/frmKoira.aspx?RekNo=FIN15340\/05&amp;R=199\" target=\"_blank\">Siri KoiraNetiss\u00e4<\/a><\/strong> | <strong><a rel=\"noreferrer noopener\" href=\"https:\/\/cirneco.breedarchive.com\/animal\/view\/iosono-incredibile-17dd6635-21ad-469d-9991-7c1a1c0e9888\" target=\"_blank\">Siri Cirneco Breed Archivessa<\/a><\/strong> | <strong><a href=\"https:\/\/www.iosonocirneco.com\/fi\/cirneco-dell-etna\/cirnecomme\/iosono-incredibile\/\" data-type=\"page\" data-id=\"839\">Sirin oma sivu<\/a><\/strong><\/p>\n\n\n\n<hr class=\"wp-block-separator\"\/>\n\n\n\n<h3 class=\"has-text-align-center wp-block-heading\">Iosono Isidora \u2640<\/h3>\n\n\n\n<p class=\"has-text-align-center\"><strong>\u201cMinni\u201d<\/strong><\/p>\n\n\n\n<div class=\"wp-block-image is-style-default\"><figure class=\"aligncenter size-full\"><img loading=\"lazy\" decoding=\"async\" width=\"550\" height=\"367\" src=\"https:\/\/www.iosonocirneco.com\/fi\/wp-content\/uploads\/2014\/07\/minni2.jpg\" alt=\"\" class=\"wp-image-539\" srcset=\"https:\/\/www.iosonocirneco.com\/fi\/wp-content\/uploads\/2014\/07\/minni2.jpg 550w, https:\/\/www.iosonocirneco.com\/fi\/wp-content\/uploads\/2014\/07\/minni2-300x200.jpg 300w\" sizes=\"auto, (max-width: 550px) 100vw, 550px\" \/><\/figure><\/div>\n\n\n\n<p class=\"has-text-align-center\"><strong>Terveys:<\/strong> kaikki hampaat, terveet silm\u00e4t ja polvet 0\/0 (2007). Lopetettu 14,6-vuotiaana (vanhuus)<\/p>\n\n\n\n<p class=\"has-text-align-center\"><strong><a rel=\"noopener\" href=\"http:\/\/jalostus.kennelliitto.fi\/frmKoira.aspx?RekNo=FIN15339%2F05&amp;R=199\" target=\"_blank\">Minni KoiraNetiss\u00e4<\/a><\/strong> | <strong><a rel=\"noreferrer noopener\" href=\"https:\/\/cirneco.breedarchive.com\/animal\/view\/iosono-isidora-b2be337e-ccf4-43c0-9aa7-3e6e0ff67b46\" target=\"_blank\">Minni Cirneco Breed Archivessa<\/a><\/strong><\/p>\n\n\n\n<hr class=\"wp-block-separator\"\/>\n\n\n\n<h3 class=\"has-text-align-center wp-block-heading\">Iosono Isis \u2640<\/h3>\n\n\n\n<p class=\"has-text-align-center\"><strong>\u201cSara\u201d <\/strong><\/p>\n\n\n\n<p class=\"has-text-align-center\"><em>FI MVA<\/em><\/p>\n\n\n\n<div class=\"wp-block-image is-style-default\"><figure class=\"aligncenter size-large\"><img loading=\"lazy\" decoding=\"async\" width=\"559\" height=\"391\" src=\"https:\/\/www.iosonocirneco.com\/fi\/wp-content\/uploads\/2014\/07\/sara.jpg\" alt=\"\" class=\"wp-image-540\" srcset=\"https:\/\/www.iosonocirneco.com\/fi\/wp-content\/uploads\/2014\/07\/sara.jpg 559w, https:\/\/www.iosonocirneco.com\/fi\/wp-content\/uploads\/2014\/07\/sara-300x209.jpg 300w\" sizes=\"auto, (max-width: 559px) 100vw, 559px\" \/><\/figure><\/div>\n\n\n\n<p class=\"has-text-align-center\"><strong>Tulokset: <\/strong>N\u00e4yttelyist\u00e4 muotovalio<\/p>\n\n\n\n<p class=\"has-text-align-center\"><strong>Terveys: <\/strong>puuttui 4 v\u00e4lihammasta, terveet silm\u00e4t ja polvet 0\/0 (2007), lopetettu 4-vuotiaana (onnettomuus, s\u00f6i myrkky\u00e4)<\/p>\n\n\n\n<p class=\"has-text-align-center\"><strong><a rel=\"noopener\" href=\"http:\/\/jalostus.kennelliitto.fi\/frmKoira.aspx?RekNo=FIN15341%2F05&amp;R=199\" target=\"_blank\">Sara KoiraNetiss\u00e4<\/a><\/strong> |<strong><a href=\"https:\/\/cirneco.breedarchive.com\/animal\/view\/iosono-isis-28861470-c9e9-45e8-ae0e-1c55d6e9c3fd\" target=\"_blank\" rel=\"noreferrer noopener\"> Sara Cirneco Breed Archivessa<\/a><\/strong><\/p>\n","protected":false},"excerpt":{"rendered":"<p>Iosono I-pentue s. 19.12.2004, 1 uros ja 4 narttua Vanhemmat: is\u00e4: Aetneus Ciccio (Italia)em\u00e4: C.I.B. &amp; FI &amp; LT &amp; EE MVA V-01 JV-01 LTV-03 EUV-06 Iosono Aida di Verdi I-pentueen koirat Iosono Il Re &nbsp;\u2642 \u201cArttu\u201d JV-05 Tulokset: N\u00e4yttelyist\u00e4 3 SERT ja 2 CACIB Terveys: kaikki hampaat, kivekset ok. Lopetettu 8,5-vuotiaana (koira-aggressiivinen) Arttu KoiraNetiss\u00e4&#8230;<\/p>\n","protected":false},"author":1,"featured_media":0,"parent":135,"menu_order":0,"comment_status":"closed","ping_status":"closed","template":"","meta":{"_kad_post_transparent":"","_kad_post_title":"","_kad_post_layout":"","_kad_post_sidebar_id":"","_kad_post_content_style":"","_kad_post_vertical_padding":"","_kad_post_feature":"","_kad_post_feature_position":"","_kad_post_header":false,"_kad_post_footer":false,"_kad_post_classname":"","footnotes":""},"class_list":["post-528","page","type-page","status-publish","hentry"],"_links":{"self":[{"href":"https:\/\/www.iosonocirneco.com\/fi\/wp-json\/wp\/v2\/pages\/528","targetHints":{"allow":["GET"]}}],"collection":[{"href":"https:\/\/www.iosonocirneco.com\/fi\/wp-json\/wp\/v2\/pages"}],"about":[{"href":"https:\/\/www.iosonocirneco.com\/fi\/wp-json\/wp\/v2\/types\/page"}],"author":[{"embeddable":true,"href":"https:\/\/www.iosonocirneco.com\/fi\/wp-json\/wp\/v2\/users\/1"}],"replies":[{"embeddable":true,"href":"https:\/\/www.iosonocirneco.com\/fi\/wp-json\/wp\/v2\/comments?post=528"}],"version-history":[{"count":11,"href":"https:\/\/www.iosonocirneco.com\/fi\/wp-json\/wp\/v2\/pages\/528\/revisions"}],"predecessor-version":[{"id":12894,"href":"https:\/\/www.iosonocirneco.com\/fi\/wp-json\/wp\/v2\/pages\/528\/revisions\/12894"}],"up":[{"embeddable":true,"href":"https:\/\/www.iosonocirneco.com\/fi\/wp-json\/wp\/v2\/pages\/135"}],"wp:attachment":[{"href":"https:\/\/www.iosonocirneco.com\/fi\/wp-json\/wp\/v2\/media?parent=528"}],"curies":[{"name":"wp","href":"https:\/\/api.w.org\/{rel}","templated":true}]}}