{"id":506,"date":"2014-07-26T01:05:04","date_gmt":"2014-07-25T22:05:04","guid":{"rendered":"http:\/\/www.iosonocirneco.com\/fi\/?page_id=506"},"modified":"2022-09-13T11:01:56","modified_gmt":"2022-09-13T08:01:56","slug":"iosono-champagne","status":"publish","type":"page","link":"https:\/\/www.iosonocirneco.com\/fi\/cirneco-dell-etna\/cirnecomme\/iosono-champagne\/","title":{"rendered":"Iosono Champagne"},"content":{"rendered":"\n<h3 class=\"has-text-align-center wp-block-heading\">Iosono Champagne \u201cSienna\u201d&nbsp;\u2640<\/h3>\n\n\n\n<p class=\"has-text-align-center\"><em>C.I.B. &amp; C.I.E &amp; Pohjoismaiden, Suomen, Norjan, Ruotsin, Baltian, Viron, Latvian ja Liettuan muotovalio; Suomen, Ruotsin, Viron ja Latvian k\u00e4ytt\u00f6valio-maasto; Suomen k\u00e4ytt\u00f6valio-rata; Helsinki Winner 2013, Suomen menestynein cirneco 2013 (n\u00e4yttely, SVKL maasto), Derbymaastomestari 2014, Viron Voittaja 2014, SIC-maastomestari 2015, Euroopan Voittaja 2015, Suomen Voittaja 2015, Suomen menestynein cirneconarttu 2015 (n\u00e4yttely), Ruotsin menestynein maastojuoksija 2015, Baltian Voittaja 2016, Suomen menestynein cirneco 2016 (n\u00e4yttely) ja Liettuan Voittaja 2017<\/em><\/p>\n\n\n\n<figure class=\"wp-block-image is-style-default\"><img loading=\"lazy\" decoding=\"async\" width=\"960\" height=\"640\" src=\"http:\/\/www.iosonocirneco.com\/fi\/wp-content\/uploads\/2014\/07\/siennasessiosm.jpg\" alt=\"siennasessiosm\" class=\"wp-image-1563\" srcset=\"https:\/\/www.iosonocirneco.com\/fi\/wp-content\/uploads\/2014\/07\/siennasessiosm.jpg 960w, https:\/\/www.iosonocirneco.com\/fi\/wp-content\/uploads\/2014\/07\/siennasessiosm-300x200.jpg 300w\" sizes=\"auto, (max-width: 960px) 100vw, 960px\" \/><\/figure>\n\n\n\n<p><strong>Syntynyt:<\/strong> 25.07.2011<\/p>\n\n\n\n<p><strong>Terveys:<\/strong>&nbsp;polvet 0\/op (trauma, 9\/2014, ortopedi Pauli Ker\u00e4nen), silm\u00e4t terveet (1\/2017, Aija Leinonen), lonkat A\/A ja kyyn\u00e4r\u00e4t 0\/0 (2\/2017), MyDogDNA-passi<\/p>\n\n\n\n<p><strong>Tulokset:<\/strong> voitokkain cirneco n\u00e4yttelyiss\u00e4 Suomessa 2013 ja 2016, vuoden voitokkain cirneconarttu 2015. Messukeskuksen Voittaja -n\u00e4yttelyss\u00e4 RYP-2 vuonna 2015. Cirnecoiden ep\u00e4virallisessa erikoisn\u00e4yttelyss\u00e4 Club Showssa (osallistujam\u00e4\u00e4r\u00e4lt\u00e4\u00e4n suurimpia cirnecon\u00e4yttelyj\u00e4 maailmassa) Sienna on ollut kolme kertaa paras narttu ja kerran 2. paras narttu ja kerran rotunsa paras.<\/p>\n\n\n\n<p><strong>Omistaja:<\/strong> Inka Forss &amp; Erja Luomanm\u00e4ki<\/p>\n\n\n\n<p><a rel=\"noreferrer noopener\" href=\"http:\/\/jalostus.kennelliitto.fi\/frmKoira.aspx?RekNo=FI51550\/11&amp;R=199\" target=\"_blank\"><strong>Sienna KoiraNetiss\u00e4<\/strong><\/a> | <strong><a href=\"https:\/\/cirneco.breedarchive.com\/animal\/view\/iosono-champagne-455b351e-8eb9-43d7-8a2e-f16ef245a50a\" target=\"_blank\" rel=\"noreferrer noopener\">Sienna Cirneco Breed Archivessa<\/a><\/strong><\/p>\n\n\n\n<p>Sienna on yksi kaikkien aikojen monipuolisimmin menestyneist\u00e4 cirnecoista Suomessa. Se on ollut kahtena vuotena rotunsa menestynein n\u00e4yttelykoira ja se on my\u00f6s keikkunut juoksuharrastustilastojen k\u00e4rjen tuntumassa. Sienna on my\u00f6s mit\u00e4 ihanin kotikoira ja lemmikki, mik\u00e4 on kuitenkin ehk\u00e4 se t\u00e4rkein ominaisuus koirassa.<\/p>\n\n\n\n<p>Se on luonteeltaan tottelevainen,\u00a0liikuttavan kiltti, iloinen, leikkis\u00e4 ja vilkas. Sen h\u00e4nt\u00e4 heiluu l\u00e4hes aina. Sienna on \u00e4\u00e4rett\u00f6m\u00e4n l\u00e4heisyydenhaluinen ja omasta mielest\u00e4\u00e4n se on niin pieni, ett\u00e4 mahtuu mainiosti joka ilta em\u00e4nn\u00e4n rinnan p\u00e4\u00e4lle nukkumaan. Eik\u00e4 nukkua voi tietysti miss\u00e4\u00e4n muualla kuin tiiviisti vieress\u00e4 (tai tosiaan p\u00e4\u00e4ll\u00e4) peiton alla s\u00e4ngyss\u00e4. Mutta vaikka Sienna on nukkumisen suhteen prinsessa, ulkoilutapojensa suhteen ei. Sienna rakastaa ottaa mutakylpyj\u00e4 mutal\u00e4t\u00e4k\u00f6iss\u00e4, se juoksee intopiukkana j\u00e4rveen tai mereen uimaan ja vesisade ei sit\u00e4 juuri haittaa. Vahvan mets\u00e4stysvietin omaavana Sienna my\u00f6s varmasti mets\u00e4st\u00e4isi p\u00e4iv\u00e4t pitk\u00e4t, jos vain saisi.<\/p>\n\n\n\n<p>Sienna on ollut kaikista cirnecoistamme monipuolisin harrastuskoira. Se tuntuu p\u00e4rj\u00e4\u00e4v\u00e4n lajissa kuin lajissa. Siennasta ei itse asiassa pit\u00e4nyt tulla lainkaan harrastuskoiraa nuorena sattuneen polvionnettomuuden vuoksi. Pitk\u00e4n&nbsp;ja jokseenkin ep\u00e4onnisen toipumisjakson j\u00e4lkeen polvi parantui t\u00e4ysin ja saimme luvan harrastamiselle.&nbsp;N\u00e4yttelyuran aloitimme Siennan ollessa vajaa kaksivuotias, mutta Sienna oli heti ensimm\u00e4isen\u00e4 n\u00e4yttelyvuonnaan (2013) Suomen&nbsp;menestynein cirneco. Saman tekiv\u00e4t Siennan molemmat vanhemmatkin ensimm\u00e4isin\u00e4 n\u00e4yttelyvuosinaan. Sienna oli my\u00f6s voitokkain cirneco vuonna 2016. Siennan ulkomuodollisina valtteina ovat sen upea ja kaunis p\u00e4\u00e4 ja ilme sek\u00e4 kauniit liikkeet.<\/p>\n\n\n\n<p>Maastojuoksut aloitimme hiljakseen kev\u00e4\u00e4ll\u00e4&nbsp;2013 ja Sienna oli kyseisen\u00e4 vuonna yksi menestyksekk\u00e4impi\u00e4 cirnecoita lajissa. Siennasta tuli kes\u00e4kuussa 2014 k\u00e4ytt\u00f6valio maastojuoksusta. Kes\u00e4ll\u00e4 2014 kysyin, ett\u00e4 mink\u00e4 lajin sit\u00e4 seuraavaksi valitsisimme. Kokeilimme ratajuoksua ja syksyn 2014 aikana osallistuimme kahteen ratajuoksukisaan tuloksena kaksi ratajuoksusertifikaattia ja seuraavana vuonna Siennasta tuli ratajuoksun k\u00e4ytt\u00f6valio.&nbsp;Kev\u00e4\u00e4ll\u00e4 2015 osallistuimme ensimm\u00e4isiin virallisiin agilitykilpailuihimme ja jo toisesta kisasta Sienna nappasi ensimm\u00e4isen LUVA:nsa. Aikamoinen pakkaus tuo Sienna!<\/p>\n\n\n\n<p>Sienna asteli is\u00e4ns\u00e4 jalanj\u00e4lki\u00e4 pitkin Suomen suurimmassa koiran\u00e4yttelyss\u00e4, Voittaja-n\u00e4yttelyss\u00e4 joulukuussa 2015, kun se sijoittui ryhm\u00e4n toiseksi parhaaksi. Siennan is\u00e4 Lucky nappasi saman sijoituksen kolmea vuotta aikaisemmin. Cirnecoita sijoitetaan ryhm\u00e4kilpailuissa &#8211; saati Suomen isoimmassa n\u00e4yttelyss\u00e4! &#8211; Suomessa vain hyvin harvoin, joten saavutus on merkitt\u00e4v\u00e4. Sienna on osallistunut nelj\u00e4\u00e4n Club Showhun (cirnecoiden vuoden t\u00e4rkeimmist\u00e4 ja ilmoittautumism\u00e4\u00e4rilt\u00e4\u00e4n suurimpia n\u00e4yttelyit\u00e4 rodun kotimaan Italian ulkopuolella), ja se on ollut siell\u00e4 kolme kertaa paras narttu ja kerran 2. paras. Vuonna 2016 Sienna oli Club Shown Best in Show 2.<\/p>\n\n\n\n<figure class=\"wp-block-image size-full is-style-default\"><a href=\"https:\/\/www.iosonocirneco.com\/fi\/wp-content\/uploads\/2021\/05\/siennawatersport.jpg\"><img loading=\"lazy\" decoding=\"async\" width=\"2048\" height=\"1365\" src=\"https:\/\/www.iosonocirneco.com\/fi\/wp-content\/uploads\/2021\/05\/siennawatersport.jpg\" alt=\"\" class=\"wp-image-12218\" srcset=\"https:\/\/www.iosonocirneco.com\/fi\/wp-content\/uploads\/2021\/05\/siennawatersport.jpg 2048w, https:\/\/www.iosonocirneco.com\/fi\/wp-content\/uploads\/2021\/05\/siennawatersport-300x200.jpg 300w, https:\/\/www.iosonocirneco.com\/fi\/wp-content\/uploads\/2021\/05\/siennawatersport-1024x683.jpg 1024w, https:\/\/www.iosonocirneco.com\/fi\/wp-content\/uploads\/2021\/05\/siennawatersport-768x512.jpg 768w, https:\/\/www.iosonocirneco.com\/fi\/wp-content\/uploads\/2021\/05\/siennawatersport-1536x1024.jpg 1536w\" sizes=\"auto, (max-width: 2048px) 100vw, 2048px\" \/><\/a><\/figure>\n\n\n\n<figure class=\"wp-block-image is-style-default\"><img loading=\"lazy\" decoding=\"async\" width=\"960\" height=\"640\" src=\"http:\/\/www.iosonocirneco.com\/fi\/wp-content\/uploads\/2014\/07\/sienna-kivikko2.jpg\" alt=\"sienna-kivikko2\" class=\"wp-image-675\" srcset=\"https:\/\/www.iosonocirneco.com\/fi\/wp-content\/uploads\/2014\/07\/sienna-kivikko2.jpg 960w, https:\/\/www.iosonocirneco.com\/fi\/wp-content\/uploads\/2014\/07\/sienna-kivikko2-300x200.jpg 300w\" sizes=\"auto, (max-width: 960px) 100vw, 960px\" \/><\/figure>\n\n\n\n<figure class=\"wp-block-image is-style-default\"><a href=\"http:\/\/www.iosonocirneco.com\/fi\/wp-content\/uploads\/2014\/07\/siennapaasessio-fb.jpg\"><img loading=\"lazy\" decoding=\"async\" width=\"2048\" height=\"2048\" src=\"http:\/\/www.iosonocirneco.com\/fi\/wp-content\/uploads\/2014\/07\/siennapaasessio-fb.jpg\" alt=\"siennapaasessio-fb\" class=\"wp-image-1564\" srcset=\"https:\/\/www.iosonocirneco.com\/fi\/wp-content\/uploads\/2014\/07\/siennapaasessio-fb.jpg 2048w, https:\/\/www.iosonocirneco.com\/fi\/wp-content\/uploads\/2014\/07\/siennapaasessio-fb-150x150.jpg 150w, https:\/\/www.iosonocirneco.com\/fi\/wp-content\/uploads\/2014\/07\/siennapaasessio-fb-300x300.jpg 300w, https:\/\/www.iosonocirneco.com\/fi\/wp-content\/uploads\/2014\/07\/siennapaasessio-fb-1024x1024.jpg 1024w\" sizes=\"auto, (max-width: 2048px) 100vw, 2048px\" \/><\/a><\/figure>\n\n\n\n<figure class=\"wp-block-image is-style-default\"><img loading=\"lazy\" decoding=\"async\" width=\"800\" height=\"534\" src=\"http:\/\/www.iosonocirneco.com\/fi\/wp-content\/uploads\/2014\/07\/siennalampola.jpg\" alt=\"siennalampola\" class=\"wp-image-277\" srcset=\"https:\/\/www.iosonocirneco.com\/fi\/wp-content\/uploads\/2014\/07\/siennalampola.jpg 800w, https:\/\/www.iosonocirneco.com\/fi\/wp-content\/uploads\/2014\/07\/siennalampola-300x200.jpg 300w\" sizes=\"auto, (max-width: 800px) 100vw, 800px\" \/><\/figure>\n\n\n\n<figure class=\"wp-block-image is-style-default\"><img loading=\"lazy\" decoding=\"async\" width=\"960\" height=\"640\" src=\"http:\/\/www.iosonocirneco.com\/fi\/wp-content\/uploads\/2014\/07\/siennarava1.jpg\" alt=\"siennarava1\" class=\"wp-image-352\" srcset=\"https:\/\/www.iosonocirneco.com\/fi\/wp-content\/uploads\/2014\/07\/siennarava1.jpg 960w, https:\/\/www.iosonocirneco.com\/fi\/wp-content\/uploads\/2014\/07\/siennarava1-300x200.jpg 300w\" sizes=\"auto, (max-width: 960px) 100vw, 960px\" \/><\/figure>\n\n\n\n<figure class=\"wp-block-image is-style-default\"><img loading=\"lazy\" decoding=\"async\" width=\"960\" height=\"667\" src=\"http:\/\/www.iosonocirneco.com\/fi\/wp-content\/uploads\/2014\/07\/sienna-viro.jpg\" alt=\"sienna-viro\" class=\"wp-image-182\" srcset=\"https:\/\/www.iosonocirneco.com\/fi\/wp-content\/uploads\/2014\/07\/sienna-viro.jpg 960w, https:\/\/www.iosonocirneco.com\/fi\/wp-content\/uploads\/2014\/07\/sienna-viro-300x208.jpg 300w\" sizes=\"auto, (max-width: 960px) 100vw, 960px\" \/><\/figure>\n\n\n\n<figure class=\"wp-block-image is-style-default\"><img loading=\"lazy\" decoding=\"async\" width=\"900\" height=\"600\" src=\"http:\/\/www.iosonocirneco.com\/fi\/wp-content\/uploads\/2014\/07\/siennahelvetti.jpg\" alt=\"siennahelvetti\" class=\"wp-image-507\" srcset=\"https:\/\/www.iosonocirneco.com\/fi\/wp-content\/uploads\/2014\/07\/siennahelvetti.jpg 900w, https:\/\/www.iosonocirneco.com\/fi\/wp-content\/uploads\/2014\/07\/siennahelvetti-300x200.jpg 300w\" sizes=\"auto, (max-width: 900px) 100vw, 900px\" \/><\/figure>\n\n\n\n<figure class=\"wp-block-image is-style-default\"><img loading=\"lazy\" decoding=\"async\" width=\"800\" height=\"531\" src=\"http:\/\/www.iosonocirneco.com\/fi\/wp-content\/uploads\/2014\/07\/sienna-agility31.jpg\" alt=\"sienna-agility3\" class=\"wp-image-868\" srcset=\"https:\/\/www.iosonocirneco.com\/fi\/wp-content\/uploads\/2014\/07\/sienna-agility31.jpg 800w, https:\/\/www.iosonocirneco.com\/fi\/wp-content\/uploads\/2014\/07\/sienna-agility31-300x199.jpg 300w\" sizes=\"auto, (max-width: 800px) 100vw, 800px\" \/><\/figure>\n\n\n\n<figure class=\"wp-block-image size-full is-style-default\"><a href=\"https:\/\/www.iosonocirneco.com\/fi\/wp-content\/uploads\/2016\/12\/siennabaltwinner2016.jpg\"><img loading=\"lazy\" decoding=\"async\" width=\"1400\" height=\"1400\" src=\"https:\/\/www.iosonocirneco.com\/fi\/wp-content\/uploads\/2016\/12\/siennabaltwinner2016.jpg\" alt=\"\" class=\"wp-image-2081\" srcset=\"https:\/\/www.iosonocirneco.com\/fi\/wp-content\/uploads\/2016\/12\/siennabaltwinner2016.jpg 1400w, https:\/\/www.iosonocirneco.com\/fi\/wp-content\/uploads\/2016\/12\/siennabaltwinner2016-150x150.jpg 150w, https:\/\/www.iosonocirneco.com\/fi\/wp-content\/uploads\/2016\/12\/siennabaltwinner2016-300x300.jpg 300w, https:\/\/www.iosonocirneco.com\/fi\/wp-content\/uploads\/2016\/12\/siennabaltwinner2016-768x768.jpg 768w, https:\/\/www.iosonocirneco.com\/fi\/wp-content\/uploads\/2016\/12\/siennabaltwinner2016-1024x1024.jpg 1024w\" sizes=\"auto, (max-width: 1400px) 100vw, 1400px\" \/><\/a><\/figure>\n","protected":false},"excerpt":{"rendered":"<p>Iosono Champagne \u201cSienna\u201d&nbsp;\u2640 C.I.B. &amp; C.I.E &amp; Pohjoismaiden, Suomen, Norjan, Ruotsin, Baltian, Viron, Latvian ja Liettuan muotovalio; Suomen, Ruotsin, Viron ja Latvian k\u00e4ytt\u00f6valio-maasto; Suomen k\u00e4ytt\u00f6valio-rata; Helsinki Winner 2013, Suomen menestynein cirneco 2013 (n\u00e4yttely, SVKL maasto), Derbymaastomestari 2014, Viron Voittaja 2014, SIC-maastomestari 2015, Euroopan Voittaja 2015, Suomen Voittaja 2015, Suomen menestynein cirneconarttu 2015 (n\u00e4yttely), Ruotsin menestynein&#8230;<\/p>\n","protected":false},"author":1,"featured_media":0,"parent":114,"menu_order":0,"comment_status":"closed","ping_status":"closed","template":"","meta":{"_kad_post_transparent":"","_kad_post_title":"","_kad_post_layout":"","_kad_post_sidebar_id":"","_kad_post_content_style":"","_kad_post_vertical_padding":"","_kad_post_feature":"","_kad_post_feature_position":"","_kad_post_header":false,"_kad_post_footer":false,"_kad_post_classname":"","footnotes":""},"class_list":["post-506","page","type-page","status-publish","hentry"],"_links":{"self":[{"href":"https:\/\/www.iosonocirneco.com\/fi\/wp-json\/wp\/v2\/pages\/506","targetHints":{"allow":["GET"]}}],"collection":[{"href":"https:\/\/www.iosonocirneco.com\/fi\/wp-json\/wp\/v2\/pages"}],"about":[{"href":"https:\/\/www.iosonocirneco.com\/fi\/wp-json\/wp\/v2\/types\/page"}],"author":[{"embeddable":true,"href":"https:\/\/www.iosonocirneco.com\/fi\/wp-json\/wp\/v2\/users\/1"}],"replies":[{"embeddable":true,"href":"https:\/\/www.iosonocirneco.com\/fi\/wp-json\/wp\/v2\/comments?post=506"}],"version-history":[{"count":38,"href":"https:\/\/www.iosonocirneco.com\/fi\/wp-json\/wp\/v2\/pages\/506\/revisions"}],"predecessor-version":[{"id":13479,"href":"https:\/\/www.iosonocirneco.com\/fi\/wp-json\/wp\/v2\/pages\/506\/revisions\/13479"}],"up":[{"embeddable":true,"href":"https:\/\/www.iosonocirneco.com\/fi\/wp-json\/wp\/v2\/pages\/114"}],"wp:attachment":[{"href":"https:\/\/www.iosonocirneco.com\/fi\/wp-json\/wp\/v2\/media?parent=506"}],"curies":[{"name":"wp","href":"https:\/\/api.w.org\/{rel}","templated":true}]}}