{"id":491,"date":"2014-07-26T00:44:50","date_gmt":"2014-07-25T21:44:50","guid":{"rendered":"http:\/\/www.iosonocirneco.com\/fi\/?page_id=491"},"modified":"2022-09-13T11:14:13","modified_gmt":"2022-09-13T08:14:13","slug":"iosono-diamante","status":"publish","type":"page","link":"https:\/\/www.iosonocirneco.com\/fi\/cirneco-dell-etna\/cirnecomme\/iosono-diamante\/","title":{"rendered":"Iosono Diamante"},"content":{"rendered":"\n<h2 class=\"has-text-align-center wp-block-heading\">Iosono Diamante \u201cTosca\u201d \u2640<\/h2>\n\n\n\n<p class=\"has-text-align-center\"><em>C.I.B. &amp; FI &amp; LV &amp; EE MVA &amp; EE &amp; LV JMVA &amp; EEJV-08<\/em><\/p>\n\n\n\n<div class=\"wp-block-image is-style-default\"><figure class=\"aligncenter size-full\"><a href=\"https:\/\/www.iosonocirneco.com\/fi\/wp-content\/uploads\/2021\/05\/toscapaa2.jpg\"><img loading=\"lazy\" decoding=\"async\" width=\"1500\" height=\"1072\" src=\"https:\/\/www.iosonocirneco.com\/fi\/wp-content\/uploads\/2021\/05\/toscapaa2.jpg\" alt=\"\" class=\"wp-image-12452\" srcset=\"https:\/\/www.iosonocirneco.com\/fi\/wp-content\/uploads\/2021\/05\/toscapaa2.jpg 1500w, https:\/\/www.iosonocirneco.com\/fi\/wp-content\/uploads\/2021\/05\/toscapaa2-768x548.jpg 768w\" sizes=\"auto, (max-width: 1500px) 100vw, 1500px\" \/><\/a><\/figure><\/div>\n\n\n\n<p><strong>Syntynyt:<\/strong> 25.08.2007 &#8211; 20.08.2021<\/p>\n\n\n\n<p><strong>Terveys:<\/strong> kaikki hampaat, lonkat A\/A (4\/2009), kyyn\u00e4r\u00e4t 0\/0 (4\/2009), polvet 0\/0 (4\/2010 ja 11\/2013)<br>silm\u00e4t: distiachis, muuten ok (Sari Jalom\u00e4ki 4\/2010), liev\u00e4 lasiaisenrappeuma (Sari Jalom\u00e4ki 4\/2011),<br>ei perinn\u00f6llisi\u00e4 silm\u00e4sairauksia (Per Axelsson 2\/2012), ei perinn\u00f6llisi\u00e4 silm\u00e4sairauksia (Aija Leinonen 11\/2013)<br>kilpirauhasarvot normaalit (2\/2012 ja 9\/2017), syd\u00e4nkuuntelu: ei sivu\u00e4\u00e4ni\u00e4 (2\/2012), syd\u00e4nkuuntelu (ep\u00e4virallinen 8\/2019) ei sivu\u00e4\u00e4ni\u00e4, syd\u00e4nkuuntelu (ep\u00e4virallinen 12\/2019) liev\u00e4 sivu\u00e4\u00e4ni (1-2\/6)<\/p>\n\n\n\n<p><strong>Pentueet:<\/strong> Iosono U-pentue (2012), Iosono E-pentue (2014)<\/p>\n\n\n\n<p><strong><a rel=\"noreferrer noopener\" href=\"http:\/\/jalostus.kennelliitto.fi\/frmKoira.aspx?RekNo=FIN50781\/07&amp;R=199\" target=\"_blank\">Tosca KoiraNetiss\u00e4<\/a><\/strong> | <strong><a href=\"https:\/\/cirneco.breedarchive.com\/animal\/view\/iosono-diamante-cc807af7-e10c-4011-90c0-d7266300043b\" target=\"_blank\" rel=\"noreferrer noopener\">Tosca Cirneco Breed Archivessa<\/a><\/strong><\/p>\n\n\n\n<p>Tosca oli Inkan koira ja eli miltei p\u00e4iv\u00e4lleen 14-vuotiaaksi. Tosca oli \u00e4\u00e4rimm\u00e4isen mukavaluonteinen koira ja sen kanssa el\u00e4minen oli vaivatonta. Luonteeltaan Tosca oli yst\u00e4v\u00e4llinen ja kuuliainen, ja se oppi uudet temput nopeasti. Tosca oli hyvin, hyvin huumorintajuinen koira ja me omistajatkin saimme jatkuvasti naureskella Toscan ilmeille ja sen todella spesiaaleille asennoille. \u00c4itins\u00e4, iso\u00e4itins\u00e4 ja siskojensa tavoin maailman t\u00e4rkein asia oli Toscalle ruoka eik\u00e4 ahneudella ollut rajaa.<\/p>\n\n\n\n<p>Tosca oli erinomainen harrastuskoira. Lempiharrastuksemme oli agility, jota harrastimme s\u00e4\u00e4nn\u00f6llisesti vuodesta 2008 l\u00e4htien. Kilpailimme agilityss\u00e4 satunnaisesti ja nousimme agilityn 3. luokkaan. Tosca menestyi hyviin my\u00f6s n\u00e4yttelyiss\u00e4. Hienoimmat tulokset n\u00e4yttelypuolelta olivat vuoden 2008 erikoisn\u00e4yttelymme (Club Show) ROP-voitto ja BIS2-sijoitus juniori-ik\u00e4isen\u00e4 (miltei 30 cirnecosta) sek\u00e4 historiallinen BIS2-voitto Latviassa vuonna 2010. Vain yksi cirneco oli aiemmin 80-luvulla Italiassa sijoittunut n\u00e4yttelyss\u00e4 paremmin kuin Tosca.<\/p>\n\n\n\n<p>Tosca oli monipuolisesti terveystutkittu luustoltaan, l\u00e4hinn\u00e4 agilityharrastuksen vuoksi. Se tutkittiin terveeksi niin lonkiltaan, kyyn\u00e4rilt\u00e4\u00e4n kuin polvistaan. Lis\u00e4ksi sen silm\u00e4t tutkittiin nelj\u00e4sti, ensimm\u00e4isell\u00e4 kerralla l\u00f6ytyi yksi ylim\u00e4\u00e4r\u00e4inen silm\u00e4ripsi (tutkineen el\u00e4inl\u00e4\u00e4k\u00e4rin mukaan ei merkityst\u00e4 jalostusk\u00e4yt\u00f6n kannalta), toisella kertaa liev\u00e4 lasisenrappeuma (niinik\u00e4\u00e4n ei merkityst\u00e4 jalostuksen kannalta tutkineen el\u00e4inl\u00e4\u00e4k\u00e4ri Sari Jalom\u00e4en mukaan) ja kolmannessa ja nelj\u00e4nness\u00e4 silm\u00e4tarkastuksessa Toscan silm\u00e4t tutkittiin t\u00e4ysin terveiksi kahden el\u00e4inl\u00e4\u00e4k\u00e4rin toimesta. Kilpirauhasarvot Toscalla tutkittini normaaleiksi ja syd\u00e4mest\u00e4 ei l\u00f6ytynyt sivu\u00e4\u00e4ni\u00e4. Tosca eli todella terveen\u00e4 loppuun asti. <\/p>\n\n\n\n<div class=\"wp-block-image is-style-default\"><figure class=\"aligncenter size-full\"><a href=\"https:\/\/www.iosonocirneco.com\/fi\/wp-content\/uploads\/2021\/05\/toscalaituri2.jpg\"><img loading=\"lazy\" decoding=\"async\" width=\"1500\" height=\"1994\" src=\"https:\/\/www.iosonocirneco.com\/fi\/wp-content\/uploads\/2021\/05\/toscalaituri2.jpg\" alt=\"\" class=\"wp-image-12440\" srcset=\"https:\/\/www.iosonocirneco.com\/fi\/wp-content\/uploads\/2021\/05\/toscalaituri2.jpg 1500w, https:\/\/www.iosonocirneco.com\/fi\/wp-content\/uploads\/2021\/05\/toscalaituri2-768x1020.jpg 768w\" sizes=\"auto, (max-width: 1500px) 100vw, 1500px\" \/><\/a><\/figure><\/div>\n\n\n\n<div class=\"wp-block-image is-style-default\"><figure class=\"aligncenter\"><img loading=\"lazy\" decoding=\"async\" width=\"750\" height=\"500\" src=\"http:\/\/www.iosonocirneco.com\/fi\/wp-content\/uploads\/2014\/07\/tosca.jpg\" alt=\"tosca\" class=\"wp-image-498\" srcset=\"https:\/\/www.iosonocirneco.com\/fi\/wp-content\/uploads\/2014\/07\/tosca.jpg 750w, https:\/\/www.iosonocirneco.com\/fi\/wp-content\/uploads\/2014\/07\/tosca-300x200.jpg 300w\" sizes=\"auto, (max-width: 750px) 100vw, 750px\" \/><\/figure><\/div>\n\n\n\n<div class=\"wp-block-image is-style-default\"><figure class=\"aligncenter\"><img loading=\"lazy\" decoding=\"async\" width=\"750\" height=\"333\" src=\"http:\/\/www.iosonocirneco.com\/fi\/wp-content\/uploads\/2014\/07\/tosca-aksa.jpg\" alt=\"tosca-aksa\" class=\"wp-image-500\" srcset=\"https:\/\/www.iosonocirneco.com\/fi\/wp-content\/uploads\/2014\/07\/tosca-aksa.jpg 750w, https:\/\/www.iosonocirneco.com\/fi\/wp-content\/uploads\/2014\/07\/tosca-aksa-300x133.jpg 300w\" sizes=\"auto, (max-width: 750px) 100vw, 750px\" \/><\/figure><\/div>\n\n\n\n<div class=\"wp-block-image is-style-default\"><figure class=\"aligncenter\"><img loading=\"lazy\" decoding=\"async\" width=\"750\" height=\"500\" src=\"http:\/\/www.iosonocirneco.com\/fi\/wp-content\/uploads\/2014\/07\/tosca28vrk.jpg\" alt=\"tosca28vrk\" class=\"wp-image-501\" srcset=\"https:\/\/www.iosonocirneco.com\/fi\/wp-content\/uploads\/2014\/07\/tosca28vrk.jpg 750w, https:\/\/www.iosonocirneco.com\/fi\/wp-content\/uploads\/2014\/07\/tosca28vrk-300x200.jpg 300w\" sizes=\"auto, (max-width: 750px) 100vw, 750px\" \/><\/figure><\/div>\n\n\n\n<div class=\"wp-block-image is-style-default\"><figure class=\"aligncenter\"><img loading=\"lazy\" decoding=\"async\" width=\"600\" height=\"400\" src=\"http:\/\/www.iosonocirneco.com\/fi\/wp-content\/uploads\/2014\/07\/tallinna10.jpg\" alt=\"tallinna10\" class=\"wp-image-502\" srcset=\"https:\/\/www.iosonocirneco.com\/fi\/wp-content\/uploads\/2014\/07\/tallinna10.jpg 600w, https:\/\/www.iosonocirneco.com\/fi\/wp-content\/uploads\/2014\/07\/tallinna10-300x200.jpg 300w\" sizes=\"auto, (max-width: 600px) 100vw, 600px\" \/><\/figure><\/div>\n\n\n\n<div class=\"wp-block-image is-style-default\"><figure class=\"aligncenter\"><img loading=\"lazy\" decoding=\"async\" width=\"500\" height=\"750\" src=\"http:\/\/www.iosonocirneco.com\/fi\/wp-content\/uploads\/2014\/07\/toscapellolla.jpg\" alt=\"toscapellolla\" class=\"wp-image-503\" srcset=\"https:\/\/www.iosonocirneco.com\/fi\/wp-content\/uploads\/2014\/07\/toscapellolla.jpg 500w, https:\/\/www.iosonocirneco.com\/fi\/wp-content\/uploads\/2014\/07\/toscapellolla-200x300.jpg 200w\" sizes=\"auto, (max-width: 500px) 100vw, 500px\" \/><\/figure><\/div>\n","protected":false},"excerpt":{"rendered":"<p>Iosono Diamante \u201cTosca\u201d \u2640 C.I.B. &amp; FI &amp; LV &amp; EE MVA &amp; EE &amp; LV JMVA &amp; EEJV-08 Syntynyt: 25.08.2007 &#8211; 20.08.2021 Terveys: kaikki hampaat, lonkat A\/A (4\/2009), kyyn\u00e4r\u00e4t 0\/0 (4\/2009), polvet 0\/0 (4\/2010 ja 11\/2013)silm\u00e4t: distiachis, muuten ok (Sari Jalom\u00e4ki 4\/2010), liev\u00e4 lasiaisenrappeuma (Sari Jalom\u00e4ki 4\/2011),ei perinn\u00f6llisi\u00e4 silm\u00e4sairauksia (Per Axelsson 2\/2012), ei perinn\u00f6llisi\u00e4&#8230;<\/p>\n","protected":false},"author":1,"featured_media":0,"parent":114,"menu_order":0,"comment_status":"closed","ping_status":"closed","template":"","meta":{"_kad_post_transparent":"","_kad_post_title":"","_kad_post_layout":"","_kad_post_sidebar_id":"","_kad_post_content_style":"","_kad_post_vertical_padding":"","_kad_post_feature":"","_kad_post_feature_position":"","_kad_post_header":false,"_kad_post_footer":false,"_kad_post_classname":"","footnotes":""},"class_list":["post-491","page","type-page","status-publish","hentry"],"_links":{"self":[{"href":"https:\/\/www.iosonocirneco.com\/fi\/wp-json\/wp\/v2\/pages\/491","targetHints":{"allow":["GET"]}}],"collection":[{"href":"https:\/\/www.iosonocirneco.com\/fi\/wp-json\/wp\/v2\/pages"}],"about":[{"href":"https:\/\/www.iosonocirneco.com\/fi\/wp-json\/wp\/v2\/types\/page"}],"author":[{"embeddable":true,"href":"https:\/\/www.iosonocirneco.com\/fi\/wp-json\/wp\/v2\/users\/1"}],"replies":[{"embeddable":true,"href":"https:\/\/www.iosonocirneco.com\/fi\/wp-json\/wp\/v2\/comments?post=491"}],"version-history":[{"count":15,"href":"https:\/\/www.iosonocirneco.com\/fi\/wp-json\/wp\/v2\/pages\/491\/revisions"}],"predecessor-version":[{"id":13494,"href":"https:\/\/www.iosonocirneco.com\/fi\/wp-json\/wp\/v2\/pages\/491\/revisions\/13494"}],"up":[{"embeddable":true,"href":"https:\/\/www.iosonocirneco.com\/fi\/wp-json\/wp\/v2\/pages\/114"}],"wp:attachment":[{"href":"https:\/\/www.iosonocirneco.com\/fi\/wp-json\/wp\/v2\/media?parent=491"}],"curies":[{"name":"wp","href":"https:\/\/api.w.org\/{rel}","templated":true}]}}