{"id":458,"date":"2014-07-25T17:47:29","date_gmt":"2014-07-25T14:47:29","guid":{"rendered":"http:\/\/www.iosonocirneco.com\/fi\/?page_id=458"},"modified":"2021-05-27T11:39:18","modified_gmt":"2021-05-27T08:39:18","slug":"m-pentue","status":"publish","type":"page","link":"https:\/\/www.iosonocirneco.com\/fi\/cirneco-dell-etna\/cirnecopentueet\/m-pentue\/","title":{"rendered":"M-pentue"},"content":{"rendered":"\n<h2 class=\"has-text-align-center wp-block-heading\">Iosono <strong>M-pentue<\/strong><\/h2>\n\n\n\n<p class=\"has-text-align-center\"><strong>s. 27.07.2001, 2 urosta ja 3 narttua<\/strong><\/p>\n\n\n\n<figure class=\"wp-block-image size-full is-style-default\"><a href=\"https:\/\/www.iosonocirneco.com\/fi\/wp-content\/uploads\/2021\/05\/m-pennut.jpg\"><img loading=\"lazy\" decoding=\"async\" width=\"1500\" height=\"918\" src=\"https:\/\/www.iosonocirneco.com\/fi\/wp-content\/uploads\/2021\/05\/m-pennut.jpg\" alt=\"\" class=\"wp-image-12273\" srcset=\"https:\/\/www.iosonocirneco.com\/fi\/wp-content\/uploads\/2021\/05\/m-pennut.jpg 1500w, https:\/\/www.iosonocirneco.com\/fi\/wp-content\/uploads\/2021\/05\/m-pennut-300x184.jpg 300w, https:\/\/www.iosonocirneco.com\/fi\/wp-content\/uploads\/2021\/05\/m-pennut-1024x627.jpg 1024w, https:\/\/www.iosonocirneco.com\/fi\/wp-content\/uploads\/2021\/05\/m-pennut-768x470.jpg 768w\" sizes=\"auto, (max-width: 1500px) 100vw, 1500px\" \/><\/a><\/figure>\n\n\n\n<h4 class=\"has-text-align-center wp-block-heading\"><strong>Vanhemmat:<\/strong><\/h4>\n\n\n\n<p class=\"has-text-align-center\">is\u00e4: IT &amp; CH CH WW-94 <strong>Tot\u00f2<\/strong> (Italia)<br>em\u00e4: C.I.B. &amp; FI &amp; SE &amp; EE MVA FI KVA-m FI KVA-r JMV-98 EUJV-98 EEV-00 VMM-03 VMR-04<strong> Bambi<\/strong><\/p>\n\n\n\n<figure class=\"wp-block-gallery columns-2 is-cropped wp-block-gallery-1 is-layout-flex wp-block-gallery-is-layout-flex\"><ul class=\"blocks-gallery-grid\"><li class=\"blocks-gallery-item\"><figure><a href=\"https:\/\/www.iosonocirneco.com\/fi\/wp-content\/uploads\/2014\/07\/toto.jpg\"><img loading=\"lazy\" decoding=\"async\" width=\"500\" height=\"347\" src=\"https:\/\/www.iosonocirneco.com\/fi\/wp-content\/uploads\/2014\/07\/toto.jpg\" alt=\"\" data-id=\"469\" data-full-url=\"https:\/\/www.iosonocirneco.com\/fi\/wp-content\/uploads\/2014\/07\/toto.jpg\" data-link=\"https:\/\/www.iosonocirneco.com\/fi\/cirneco-dell-etna\/cirnecopentueet\/m-pentue\/toto\/\" class=\"wp-image-469\" srcset=\"https:\/\/www.iosonocirneco.com\/fi\/wp-content\/uploads\/2014\/07\/toto.jpg 500w, https:\/\/www.iosonocirneco.com\/fi\/wp-content\/uploads\/2014\/07\/toto-300x208.jpg 300w\" sizes=\"auto, (max-width: 500px) 100vw, 500px\" \/><\/a><\/figure><\/li><li class=\"blocks-gallery-item\"><figure><a href=\"https:\/\/www.iosonocirneco.com\/fi\/wp-content\/uploads\/2014\/07\/jazi2v5.jpg\"><img loading=\"lazy\" decoding=\"async\" width=\"750\" height=\"500\" src=\"https:\/\/www.iosonocirneco.com\/fi\/wp-content\/uploads\/2014\/07\/jazi2v5.jpg\" alt=\"\" data-id=\"812\" data-full-url=\"https:\/\/www.iosonocirneco.com\/fi\/wp-content\/uploads\/2014\/07\/jazi2v5.jpg\" data-link=\"https:\/\/www.iosonocirneco.com\/fi\/cirneco-dell-etna\/cirnecomme\/bambi\/jazi2v5\/\" class=\"wp-image-812\" srcset=\"https:\/\/www.iosonocirneco.com\/fi\/wp-content\/uploads\/2014\/07\/jazi2v5.jpg 750w, https:\/\/www.iosonocirneco.com\/fi\/wp-content\/uploads\/2014\/07\/jazi2v5-300x200.jpg 300w\" sizes=\"auto, (max-width: 750px) 100vw, 750px\" \/><\/a><\/figure><\/li><\/ul><\/figure>\n\n\n\n<hr class=\"wp-block-separator\"\/>\n\n\n\n<h4 class=\"has-text-align-center wp-block-heading\">M-pentueen koirat:<\/h4>\n\n\n\n<p><\/p>\n\n\n\n<h3 class=\"has-text-align-center wp-block-heading\">Iosono Michelangelo \u2642<\/h3>\n\n\n\n<p class=\"has-text-align-center\"><strong>&#8221;Miki&#8221;<\/strong><\/p>\n\n\n\n<figure class=\"wp-block-image size-full is-style-default\"><a href=\"https:\/\/www.iosonocirneco.com\/fi\/wp-content\/uploads\/2021\/05\/mikistack-2048px.jpg\"><img loading=\"lazy\" decoding=\"async\" width=\"2048\" height=\"1427\" src=\"https:\/\/www.iosonocirneco.com\/fi\/wp-content\/uploads\/2021\/05\/mikistack-2048px.jpg\" alt=\"\" class=\"wp-image-12566\" srcset=\"https:\/\/www.iosonocirneco.com\/fi\/wp-content\/uploads\/2021\/05\/mikistack-2048px.jpg 2048w, https:\/\/www.iosonocirneco.com\/fi\/wp-content\/uploads\/2021\/05\/mikistack-2048px-768x535.jpg 768w\" sizes=\"auto, (max-width: 2048px) 100vw, 2048px\" \/><\/a><\/figure>\n\n\n\n<p class=\"has-text-align-center\"><em>C.I.B. &amp; POHJ &amp; FI &amp; SE &amp; NO &amp; PL &amp; LV &amp; EE MVA FI KVA-m, SMM-03 CVM-04 Mittel\u00f6steuropa Sieger 2004 ABDSG-06, Vuoden maastojuoksija 2003<\/em><\/p>\n\n\n\n<p class=\"has-text-align-center\"><strong>Tulokset: <\/strong>Kansainv\u00e4linen muotovalio, k\u00e4ytt\u00f6valio maastojuoksukilpailuista<\/p>\n\n\n\n<p class=\"has-text-align-center\"><strong>Terveys:<\/strong> kaikki hampaat, silm\u00e4t ok ja polvet 0\/0 (2006). Kastroitu (kivekset ennen ok). Lopetettu 9-vuotiaana (renaalinen amyloidoosi)<\/p>\n\n\n\n<p class=\"has-text-align-center\"><strong>Pentueet:<\/strong> Iosono R-pentue (2005), Vespinja\u2019s B-pentue (2005), Bresar\u2019s C-pentue (2007) ja Colisto\u2019s B-pentue (2008)<\/p>\n\n\n\n<p class=\"has-text-align-center\"><strong><a rel=\"noopener\" href=\"http:\/\/jalostus.kennelliitto.fi\/frmKoira.aspx?RekNo=FIN37323\/01&amp;R=199\" target=\"_blank\">Miki KoiraNetiss\u00e4<\/a><\/strong> | <a rel=\"noreferrer noopener\" href=\"https:\/\/cirneco.breedarchive.com\/animal\/view\/iosono-michelangelo-7b4349b1-f5b0-41bd-a7bf-db8588210c91\" target=\"_blank\"><strong>Miki Cirneco Breed Archivessa<\/strong><\/a> | <strong><a href=\"https:\/\/www.iosonocirneco.com\/fi\/cirneco-dell-etna\/cirnecomme\/iosono-michelangelo\/\" data-type=\"page\" data-id=\"821\">Mikin oma sivu<\/a><\/strong><\/p>\n\n\n\n<hr class=\"wp-block-separator\"\/>\n\n\n\n<h3 class=\"has-text-align-center wp-block-heading\">Iosono Monte Christo \u2642<\/h3>\n\n\n\n<p class=\"has-text-align-center\"><strong>\u201cEdi\u201d <\/strong><\/p>\n\n\n\n<div class=\"wp-block-image is-style-default\"><figure class=\"aligncenter\"><img loading=\"lazy\" decoding=\"async\" width=\"750\" height=\"500\" src=\"http:\/\/www.iosonocirneco.com\/fi\/wp-content\/uploads\/2014\/07\/edi.jpg\" alt=\"edi\" class=\"wp-image-473\" srcset=\"https:\/\/www.iosonocirneco.com\/fi\/wp-content\/uploads\/2014\/07\/edi.jpg 750w, https:\/\/www.iosonocirneco.com\/fi\/wp-content\/uploads\/2014\/07\/edi-300x200.jpg 300w\" sizes=\"auto, (max-width: 750px) 100vw, 750px\" \/><\/figure><\/div>\n\n\n\n<p class=\"has-text-align-center\"><strong>Tulokset:<\/strong> ei osallistunut koskaan n\u00e4yttelyihin tai kokeisiin, eli onnellisena kotikoirana<\/p>\n\n\n\n<p class=\"has-text-align-center\"><strong>Terveys:<\/strong> kaikki hampaat, allerginen, kastroitu (kivekset ennen ok). Lopetettu 13,5-vuotiaana (maksasairaus).<\/p>\n\n\n\n<p class=\"has-text-align-center\"><strong><a rel=\"noopener\" href=\"http:\/\/jalostus.kennelliitto.fi\/frmKoira.aspx?RekNo=FIN37322%2F01&amp;R=199\" target=\"_blank\">Edi KoiraNetiss\u00e4<\/a><\/strong> | <strong><a rel=\"noreferrer noopener\" href=\"https:\/\/cirneco.breedarchive.com\/animal\/view\/iosono-monte-christo-de18658b-a6d5-4fdf-b2c4-71c853fea35b\" target=\"_blank\">Edi Cirneco Breed Archivessa<\/a><\/strong><\/p>\n\n\n\n<hr class=\"wp-block-separator\"\/>\n\n\n\n<h3 class=\"has-text-align-center wp-block-heading\">Iosono Madam Mim \u2640<\/h3>\n\n\n\n<p class=\"has-text-align-center\"><strong>\u201cMimi\u201d <\/strong><\/p>\n\n\n\n<p class=\"has-text-align-center\"><em>FI &amp; LV MVA LVV-03 LVV-04<\/em><\/p>\n\n\n\n<div class=\"wp-block-image is-style-default\"><figure class=\"aligncenter\"><img loading=\"lazy\" decoding=\"async\" width=\"450\" height=\"600\" src=\"http:\/\/www.iosonocirneco.com\/fi\/wp-content\/uploads\/2014\/07\/mimi1b.jpg\" alt=\"mimi1b\" class=\"wp-image-475\" srcset=\"https:\/\/www.iosonocirneco.com\/fi\/wp-content\/uploads\/2014\/07\/mimi1b.jpg 450w, https:\/\/www.iosonocirneco.com\/fi\/wp-content\/uploads\/2014\/07\/mimi1b-225x300.jpg 225w\" sizes=\"auto, (max-width: 450px) 100vw, 450px\" \/><\/figure><\/div>\n\n\n\n<p class=\"has-text-align-center\"><strong>Tulokset: <\/strong>N\u00e4yttelyist\u00e4 muotovalio, 4 CACIB (FI, LV)<\/p>\n\n\n\n<p class=\"has-text-align-center\"><strong>Terveys:<\/strong> kaikki hampaat, lopetettu 14-vuotiaana (vanhuus)<\/p>\n\n\n\n<p class=\"has-text-align-center\"><strong><a rel=\"noopener\" href=\"http:\/\/jalostus.kennelliitto.fi\/frmKoira.aspx?RekNo=FIN37326%2F01&amp;R=199\" target=\"_blank\">Mimi KoiraNetiss\u00e4<\/a><\/strong> | <strong><a rel=\"noreferrer noopener\" href=\"https:\/\/cirneco.breedarchive.com\/animal\/view\/iosono-madam-mim-d1da36c8-2141-49e2-9ff6-b3d988caa354\" target=\"_blank\">Mimi Cirneco Breed Archivessa<\/a><\/strong><\/p>\n\n\n\n<hr class=\"wp-block-separator\"\/>\n\n\n\n<h3 class=\"has-text-align-center wp-block-heading\">Iosono Mea della Mea \u2640<\/h3>\n\n\n\n<p class=\"has-text-align-center\"><strong>\u201cMea\u201d<\/strong><\/p>\n\n\n\n<p class=\"has-text-align-center\"><em>C.I.B. &amp; POHJ &amp; FI &amp; SE &amp; NO MVA Mittel\u00f6steuropa Sieger 2004 PMV-05<\/em><\/p>\n\n\n\n<div class=\"wp-block-image is-style-default\"><figure class=\"aligncenter size-full\"><a href=\"https:\/\/www.iosonocirneco.com\/fi\/wp-content\/uploads\/2014\/07\/mea.jpg\"><img loading=\"lazy\" decoding=\"async\" width=\"550\" height=\"367\" src=\"https:\/\/www.iosonocirneco.com\/fi\/wp-content\/uploads\/2014\/07\/mea.jpg\" alt=\"\" class=\"wp-image-467\" srcset=\"https:\/\/www.iosonocirneco.com\/fi\/wp-content\/uploads\/2014\/07\/mea.jpg 550w, https:\/\/www.iosonocirneco.com\/fi\/wp-content\/uploads\/2014\/07\/mea-300x200.jpg 300w\" sizes=\"auto, (max-width: 550px) 100vw, 550px\" \/><\/a><\/figure><\/div>\n\n\n\n<p><strong>Tulokset:<\/strong> N\u00e4yttelyist\u00e4 kansainv\u00e4linen muotovalio, BIS-2 Club Show 2005, Pohjoismaiden Voittaja 2005 ROP<\/p>\n\n\n\n<p class=\"has-text-align-center\"><strong>Terveys: <\/strong>terveet silm\u00e4t ja polvet 0\/0 (2006). Puuttui kaksi v\u00e4lihammasta. Lopetettiin 11-vuotiaana (vanhuus).<\/p>\n\n\n\n<p class=\"has-text-align-center\"><strong>Pentueet:<\/strong> Iosono D-pentue (2006)<\/p>\n\n\n\n<p class=\"has-text-align-center\"><strong><a rel=\"noopener\" href=\"http:\/\/jalostus.kennelliitto.fi\/frmKoira.aspx?RekNo=FIN37325%2F01&amp;R=199\" target=\"_blank\">Mea KoiraNetiss\u00e4<\/a><\/strong> | <strong><a rel=\"noreferrer noopener\" href=\"https:\/\/cirneco.breedarchive.com\/animal\/view\/iosono-mea-della-mea-b096c4ee-2860-47ad-a9da-08307d4f5136\" target=\"_blank\">Mea Cirneco Breed Archivessa<\/a><\/strong> | <strong><a href=\"https:\/\/www.iosonocirneco.com\/fi\/cirneco-dell-etna\/cirnecomme\/iosono-mea-della-mea\/\" data-type=\"page\" data-id=\"825\">Mean oma sivu<\/a><\/strong><\/p>\n\n\n\n<hr class=\"wp-block-separator\"\/>\n\n\n\n<h3 class=\"has-text-align-center wp-block-heading\">Iosono Milla Magia \u2640<\/h3>\n\n\n\n<p class=\"has-text-align-center\"><strong>&#8221;Milla&#8221;<\/strong><\/p>\n\n\n\n<p class=\"has-text-align-center\"><em>C.I.B. &amp; BALT &amp; FI &amp; EE &amp; LT &amp; LV &amp; RU MVA EEV-03 BALTV-03 V-03 V-04, Vuoden Cirneco 2003 &amp; 2004<\/em><\/p>\n\n\n\n<div class=\"wp-block-image is-style-default\"><figure class=\"aligncenter size-large\"><a href=\"https:\/\/www.iosonocirneco.com\/fi\/wp-content\/uploads\/2014\/07\/milla1.jpg\"><img loading=\"lazy\" decoding=\"async\" width=\"600\" height=\"399\" src=\"https:\/\/www.iosonocirneco.com\/fi\/wp-content\/uploads\/2014\/07\/milla1.jpg\" alt=\"\" class=\"wp-image-466\" srcset=\"https:\/\/www.iosonocirneco.com\/fi\/wp-content\/uploads\/2014\/07\/milla1.jpg 600w, https:\/\/www.iosonocirneco.com\/fi\/wp-content\/uploads\/2014\/07\/milla1-300x199.jpg 300w\" sizes=\"auto, (max-width: 600px) 100vw, 600px\" \/><\/a><\/figure><\/div>\n\n\n\n<p class=\"has-text-align-center\"><strong>Tulokset:<\/strong> N\u00e4yttelyist\u00e4 kansainv\u00e4linen muotovalio, ryhm\u00e4sijoituksia, hyv\u00e4ksytty luonnetesti +80. Vuoden voitokkain cirneco 2003 ja 2004 Suomessa<\/p>\n\n\n\n<p class=\"has-text-align-center\"><strong>Terveys:<\/strong> terveet silm\u00e4t (2006), kaikki hampaat. Lopetettiin 10-vuotiaana (haima)<\/p>\n\n\n\n<p class=\"has-text-align-center\"><strong>Pentueet:<\/strong> Kimblewick H-pentue (2004), Colombian Friends Golden-pentue (2005), Magic-pentue (2007) ja Mill-pentue (2009)<\/p>\n\n\n\n<p class=\"has-text-align-center\"><strong><a rel=\"noopener\" href=\"http:\/\/jalostus.kennelliitto.fi\/frmKoira.aspx?RekNo=FIN37324%2F01&amp;R=199\" target=\"_blank\">Milla KoiraNetiss\u00e4<\/a><\/strong> | <strong><a href=\"https:\/\/cirneco.breedarchive.com\/animal\/view\/iosono-milla-magia-5d83a565-feeb-46c3-b3b7-8af9a846b39d\" target=\"_blank\" rel=\"noreferrer noopener\">Milla Cirneco Breed Archivessa<\/a><\/strong><\/p>\n","protected":false},"excerpt":{"rendered":"<p>Iosono M-pentue s. 27.07.2001, 2 urosta ja 3 narttua Vanhemmat: is\u00e4: IT &amp; CH CH WW-94 Tot\u00f2 (Italia)em\u00e4: C.I.B. &amp; FI &amp; SE &amp; EE MVA FI KVA-m FI KVA-r JMV-98 EUJV-98 EEV-00 VMM-03 VMR-04 Bambi M-pentueen koirat: Iosono Michelangelo \u2642 &#8221;Miki&#8221; C.I.B. &amp; POHJ &amp; FI &amp; SE &amp; NO &amp; PL &amp; LV&#8230;<\/p>\n","protected":false},"author":1,"featured_media":0,"parent":135,"menu_order":2,"comment_status":"closed","ping_status":"closed","template":"","meta":{"_kad_post_transparent":"","_kad_post_title":"","_kad_post_layout":"","_kad_post_sidebar_id":"","_kad_post_content_style":"","_kad_post_vertical_padding":"","_kad_post_feature":"","_kad_post_feature_position":"","_kad_post_header":false,"_kad_post_footer":false,"_kad_post_classname":"","footnotes":""},"class_list":["post-458","page","type-page","status-publish","hentry"],"_links":{"self":[{"href":"https:\/\/www.iosonocirneco.com\/fi\/wp-json\/wp\/v2\/pages\/458","targetHints":{"allow":["GET"]}}],"collection":[{"href":"https:\/\/www.iosonocirneco.com\/fi\/wp-json\/wp\/v2\/pages"}],"about":[{"href":"https:\/\/www.iosonocirneco.com\/fi\/wp-json\/wp\/v2\/types\/page"}],"author":[{"embeddable":true,"href":"https:\/\/www.iosonocirneco.com\/fi\/wp-json\/wp\/v2\/users\/1"}],"replies":[{"embeddable":true,"href":"https:\/\/www.iosonocirneco.com\/fi\/wp-json\/wp\/v2\/comments?post=458"}],"version-history":[{"count":20,"href":"https:\/\/www.iosonocirneco.com\/fi\/wp-json\/wp\/v2\/pages\/458\/revisions"}],"predecessor-version":[{"id":12922,"href":"https:\/\/www.iosonocirneco.com\/fi\/wp-json\/wp\/v2\/pages\/458\/revisions\/12922"}],"up":[{"embeddable":true,"href":"https:\/\/www.iosonocirneco.com\/fi\/wp-json\/wp\/v2\/pages\/135"}],"wp:attachment":[{"href":"https:\/\/www.iosonocirneco.com\/fi\/wp-json\/wp\/v2\/media?parent=458"}],"curies":[{"name":"wp","href":"https:\/\/api.w.org\/{rel}","templated":true}]}}