{"id":441,"date":"2014-07-25T17:34:30","date_gmt":"2014-07-25T14:34:30","guid":{"rendered":"http:\/\/www.iosonocirneco.com\/fi\/?page_id=441"},"modified":"2023-01-16T13:01:50","modified_gmt":"2023-01-16T11:01:50","slug":"a-pentue","status":"publish","type":"page","link":"https:\/\/www.iosonocirneco.com\/fi\/cirneco-dell-etna\/cirnecopentueet\/a-pentue\/","title":{"rendered":"A-pentue"},"content":{"rendered":"\n<h2 class=\"has-text-align-center wp-block-heading\"><strong>Iosono A-pentue<\/strong><\/h2>\n\n\n\n<p class=\"has-text-align-center\"><strong>s. 20.09.2000, 1 uros ja 2 narttua<\/strong><\/p>\n\n\n\n<div class=\"wp-block-image is-style-default\"><figure class=\"aligncenter size-large\"><a href=\"https:\/\/www.iosonocirneco.com\/fi\/wp-content\/uploads\/2021\/05\/iosono-a-pentue.jpg\"><img loading=\"lazy\" decoding=\"async\" width=\"1024\" height=\"768\" src=\"https:\/\/www.iosonocirneco.com\/fi\/wp-content\/uploads\/2021\/05\/iosono-a-pentue-1024x768.jpg\" alt=\"\" class=\"wp-image-12272\" srcset=\"https:\/\/www.iosonocirneco.com\/fi\/wp-content\/uploads\/2021\/05\/iosono-a-pentue-1024x768.jpg 1024w, https:\/\/www.iosonocirneco.com\/fi\/wp-content\/uploads\/2021\/05\/iosono-a-pentue-300x225.jpg 300w, https:\/\/www.iosonocirneco.com\/fi\/wp-content\/uploads\/2021\/05\/iosono-a-pentue-768x576.jpg 768w, https:\/\/www.iosonocirneco.com\/fi\/wp-content\/uploads\/2021\/05\/iosono-a-pentue-1536x1152.jpg 1536w, https:\/\/www.iosonocirneco.com\/fi\/wp-content\/uploads\/2021\/05\/iosono-a-pentue.jpg 2048w\" sizes=\"auto, (max-width: 1024px) 100vw, 1024px\" \/><\/a><\/figure><\/div>\n\n\n\n<h4 class=\"has-text-align-center wp-block-heading\"><strong>Vanhemmat:<\/strong><\/h4>\n\n\n\n<p class=\"has-text-align-center\">is\u00e4: <strong>Felix del Gelso Bianco <\/strong>(Italia)<br>em\u00e4: C.I.B. &amp; FI &amp; SE &amp; EE MVA FI KVA-m FI KVA-r JMV-98 EUJV-98 EEV-00 VMM-03 VMR-04<strong> Bambi<\/strong><\/p>\n\n\n\n<figure class=\"wp-block-gallery aligncenter columns-2 is-cropped wp-block-gallery-1 is-layout-flex wp-block-gallery-is-layout-flex\"><ul class=\"blocks-gallery-grid\"><li class=\"blocks-gallery-item\"><figure><a href=\"https:\/\/www.iosonocirneco.com\/fi\/wp-content\/uploads\/2014\/07\/felix2.jpg\"><img loading=\"lazy\" decoding=\"async\" width=\"550\" height=\"436\" src=\"https:\/\/www.iosonocirneco.com\/fi\/wp-content\/uploads\/2014\/07\/felix2.jpg\" alt=\"\" data-id=\"451\" data-full-url=\"https:\/\/www.iosonocirneco.com\/fi\/wp-content\/uploads\/2014\/07\/felix2.jpg\" data-link=\"https:\/\/www.iosonocirneco.com\/fi\/cirneco-dell-etna\/cirnecopentueet\/a-pentue\/felix2\/\" class=\"wp-image-451\" srcset=\"https:\/\/www.iosonocirneco.com\/fi\/wp-content\/uploads\/2014\/07\/felix2.jpg 550w, https:\/\/www.iosonocirneco.com\/fi\/wp-content\/uploads\/2014\/07\/felix2-300x237.jpg 300w\" sizes=\"auto, (max-width: 550px) 100vw, 550px\" \/><\/a><\/figure><\/li><li class=\"blocks-gallery-item\"><figure><a href=\"https:\/\/www.iosonocirneco.com\/fi\/wp-content\/uploads\/2014\/07\/jazi2v5.jpg\"><img loading=\"lazy\" decoding=\"async\" width=\"750\" height=\"500\" src=\"https:\/\/www.iosonocirneco.com\/fi\/wp-content\/uploads\/2014\/07\/jazi2v5.jpg\" alt=\"\" data-id=\"812\" data-full-url=\"https:\/\/www.iosonocirneco.com\/fi\/wp-content\/uploads\/2014\/07\/jazi2v5.jpg\" data-link=\"https:\/\/www.iosonocirneco.com\/fi\/cirneco-dell-etna\/cirnecomme\/bambi\/jazi2v5\/\" class=\"wp-image-812\" srcset=\"https:\/\/www.iosonocirneco.com\/fi\/wp-content\/uploads\/2014\/07\/jazi2v5.jpg 750w, https:\/\/www.iosonocirneco.com\/fi\/wp-content\/uploads\/2014\/07\/jazi2v5-300x200.jpg 300w\" sizes=\"auto, (max-width: 750px) 100vw, 750px\" \/><\/a><\/figure><\/li><\/ul><\/figure>\n\n\n\n<hr class=\"wp-block-separator\"\/>\n\n\n\n<h4 class=\"has-text-align-center wp-block-heading\">A-pentueen koirat:<\/h4>\n\n\n\n<p><\/p>\n\n\n\n<h3 class=\"has-text-align-center wp-block-heading\"><strong>Iosono Alter Ego<\/strong> \u2642<strong> <\/strong><\/h3>\n\n\n\n<p class=\"has-text-align-center\"><strong>\u201cLeo\u201d<\/strong><\/p>\n\n\n\n<div class=\"wp-block-image is-style-default\"><figure class=\"aligncenter\"><img loading=\"lazy\" decoding=\"async\" width=\"700\" height=\"470\" src=\"http:\/\/www.iosonocirneco.com\/fi\/wp-content\/uploads\/2014\/07\/leo1.jpg\" alt=\"leo1\" class=\"wp-image-449\" srcset=\"https:\/\/www.iosonocirneco.com\/fi\/wp-content\/uploads\/2014\/07\/leo1.jpg 700w, https:\/\/www.iosonocirneco.com\/fi\/wp-content\/uploads\/2014\/07\/leo1-300x201.jpg 300w\" sizes=\"auto, (max-width: 700px) 100vw, 700px\" \/><\/figure><\/div>\n\n\n\n<p class=\"has-text-align-center\"><strong>Tulokset: <\/strong>ROP-pentu<\/p>\n\n\n\n<p class=\"has-text-align-center\"><strong>Terveys: <\/strong>kaikki hampaat, kivekset ok. Kuoli 8 kk i\u00e4ss\u00e4 aivokalvontulehdukseen (ep\u00e4ily)<\/p>\n\n\n\n<p class=\"has-text-align-center\"><a href=\"https:\/\/jalostus.kennelliitto.fi\/frmKoira.aspx?RekNo=FIN42113\/00&amp;R=199\" target=\"_blank\" rel=\"noreferrer noopener\"><strong>Leo KoiraNetiss\u00e4<\/strong><\/a> | <a href=\"https:\/\/cirneco.breedarchive.com\/animal\/view\/iosono-alter-ego-a1a24d26-ea68-4b62-88cd-3f2fe732c367\" target=\"_blank\" rel=\"noreferrer noopener\"><strong>Leo Cirneco Breed Archivessa<\/strong><\/a><\/p>\n\n\n\n<hr class=\"wp-block-separator\"\/>\n\n\n\n<h3 class=\"has-text-align-center wp-block-heading\"><strong>Iosono Aida di Verdi \u2640 <\/strong><\/h3>\n\n\n\n<p class=\"has-text-align-center\"><strong>\u201cVenla\u201d<\/strong><\/p>\n\n\n\n<p class=\"has-text-align-center\"><em>C.I.B. &amp; FI &amp; LT &amp; EE MVA V-01 JV-01 LTV-03 EUV-06<\/em><\/p>\n\n\n\n<div class=\"wp-block-image is-style-default\"><figure class=\"aligncenter\"><img loading=\"lazy\" decoding=\"async\" width=\"933\" height=\"700\" src=\"http:\/\/www.iosonocirneco.com\/fi\/wp-content\/uploads\/2014\/07\/venlavaasa.jpg\" alt=\"venlavaasa\" class=\"wp-image-446\" srcset=\"https:\/\/www.iosonocirneco.com\/fi\/wp-content\/uploads\/2014\/07\/venlavaasa.jpg 933w, https:\/\/www.iosonocirneco.com\/fi\/wp-content\/uploads\/2014\/07\/venlavaasa-300x225.jpg 300w\" sizes=\"auto, (max-width: 933px) 100vw, 933px\" \/><\/figure><\/div>\n\n\n\n<p class=\"has-text-align-center\"><strong>Tulokset:<\/strong> N\u00e4yttelyist\u00e4 kansainv\u00e4linen muotovalio<\/p>\n\n\n\n<p class=\"has-text-align-center\"><strong>Terveys: <\/strong>puuttui kaksi v\u00e4lihammasta, silm\u00e4t ok (2006), silm\u00e4t ep\u00e4ilytt\u00e4v\u00e4 PRA (2007), joka osoitettiin ERG-testill\u00e4 v\u00e4\u00e4r\u00e4ksi diagnoosiksi, oikea diagnoosi SARDS (2007). Korkeat maksa-arvot SARDS-diagnoosin yhteydess\u00e4. Lopetettiin miltei 14 vuoden i\u00e4ss\u00e4 onnettomuuden vuoksi.<\/p>\n\n\n\n<p class=\"has-text-align-center\"><strong><a href=\"https:\/\/jalostus.kennelliitto.fi\/frmKoira.aspx?RekNo=FIN42112%2F00&amp;R=199\" target=\"_blank\" rel=\"noreferrer noopener\">Venla KoiraNetiss\u00e4<\/a><\/strong> | <strong><a href=\"https:\/\/cirneco.breedarchive.com\/animal\/view\/iosono-aida-di-verdi-4569d298-bac8-49f9-b1a7-53d063511836\" target=\"_blank\" rel=\"noreferrer noopener\">Venla Cirneco Breed Archivessa<\/a><\/strong><\/p>\n\n\n\n<hr class=\"wp-block-separator\"\/>\n\n\n\n<h3 class=\"has-text-align-center wp-block-heading\"><strong>Iosono Aina Ilona \u2640 <\/strong><\/h3>\n\n\n\n<p class=\"has-text-align-center\"><strong>\u201cIlona\u201d<\/strong><\/p>\n\n\n\n<p class=\"has-text-align-center\"><em>IT MVA<\/em><\/p>\n\n\n\n<div class=\"wp-block-image is-style-default\"><figure class=\"aligncenter\"><img loading=\"lazy\" decoding=\"async\" width=\"550\" height=\"414\" src=\"http:\/\/www.iosonocirneco.com\/fi\/wp-content\/uploads\/2014\/07\/ilona11.jpg\" alt=\"ilona11\" class=\"wp-image-448\" srcset=\"https:\/\/www.iosonocirneco.com\/fi\/wp-content\/uploads\/2014\/07\/ilona11.jpg 550w, https:\/\/www.iosonocirneco.com\/fi\/wp-content\/uploads\/2014\/07\/ilona11-300x225.jpg 300w\" sizes=\"auto, (max-width: 550px) 100vw, 550px\" \/><\/figure><\/div>\n\n\n\n<p class=\"has-text-align-center\">Vienti Italiaan Hadranensis-kenneliin<\/p>\n\n\n\n<p class=\"has-text-align-center\"><strong>Tulokset:<\/strong> N\u00e4yttelyist\u00e4 Italian muotovalio ensimm\u00e4isen\u00e4 ulkomailla kasvatettuna cirnecona. Ensimm\u00e4inen ulkomailla kasvatettu cirneco, joka on saanut tuloksen mets\u00e4styskokeessa. Mets\u00e4styskokeessa palkittu kaksi kertaa korkeimmalla arvosanalla (eccellente)<\/p>\n\n\n\n<p class=\"has-text-align-center\"><strong>Terveys:<\/strong> kaikki hampaat, lopetettiin 15-vuotiaana vanhuuden vuoksi.<\/p>\n\n\n\n<p class=\"has-text-align-center\"><strong><a href=\"https:\/\/jalostus.kennelliitto.fi\/frmKoira.aspx?RekNo=FIN42111%2F00&amp;R=199\" target=\"_blank\" rel=\"noreferrer noopener\">Ilona KoiraNetiss\u00e4<\/a><\/strong> | <strong><a href=\"https:\/\/cirneco.breedarchive.com\/animal\/view\/iosono-aina-ilona-a7d127e0-18ac-4174-bfa7-c39c0530d9f8\" target=\"_blank\" rel=\"noreferrer noopener\">Ilona Cirneco Breed Archivessa<\/a><\/strong><\/p>\n","protected":false},"excerpt":{"rendered":"<p>Iosono A-pentue s. 20.09.2000, 1 uros ja 2 narttua Vanhemmat: is\u00e4: Felix del Gelso Bianco (Italia)em\u00e4: C.I.B. &amp; FI &amp; SE &amp; EE MVA FI KVA-m FI KVA-r JMV-98 EUJV-98 EEV-00 VMM-03 VMR-04 Bambi A-pentueen koirat: Iosono Alter Ego \u2642 \u201cLeo\u201d Tulokset: ROP-pentu Terveys: kaikki hampaat, kivekset ok. Kuoli 8 kk i\u00e4ss\u00e4 aivokalvontulehdukseen (ep\u00e4ily) Leo&#8230;<\/p>\n","protected":false},"author":1,"featured_media":0,"parent":135,"menu_order":1,"comment_status":"closed","ping_status":"closed","template":"","meta":{"_kad_post_transparent":"","_kad_post_title":"","_kad_post_layout":"","_kad_post_sidebar_id":"","_kad_post_content_style":"","_kad_post_vertical_padding":"","_kad_post_feature":"","_kad_post_feature_position":"","_kad_post_header":false,"_kad_post_footer":false,"_kad_post_classname":"","footnotes":""},"class_list":["post-441","page","type-page","status-publish","hentry"],"_links":{"self":[{"href":"https:\/\/www.iosonocirneco.com\/fi\/wp-json\/wp\/v2\/pages\/441","targetHints":{"allow":["GET"]}}],"collection":[{"href":"https:\/\/www.iosonocirneco.com\/fi\/wp-json\/wp\/v2\/pages"}],"about":[{"href":"https:\/\/www.iosonocirneco.com\/fi\/wp-json\/wp\/v2\/types\/page"}],"author":[{"embeddable":true,"href":"https:\/\/www.iosonocirneco.com\/fi\/wp-json\/wp\/v2\/users\/1"}],"replies":[{"embeddable":true,"href":"https:\/\/www.iosonocirneco.com\/fi\/wp-json\/wp\/v2\/comments?post=441"}],"version-history":[{"count":18,"href":"https:\/\/www.iosonocirneco.com\/fi\/wp-json\/wp\/v2\/pages\/441\/revisions"}],"predecessor-version":[{"id":13524,"href":"https:\/\/www.iosonocirneco.com\/fi\/wp-json\/wp\/v2\/pages\/441\/revisions\/13524"}],"up":[{"embeddable":true,"href":"https:\/\/www.iosonocirneco.com\/fi\/wp-json\/wp\/v2\/pages\/135"}],"wp:attachment":[{"href":"https:\/\/www.iosonocirneco.com\/fi\/wp-json\/wp\/v2\/media?parent=441"}],"curies":[{"name":"wp","href":"https:\/\/api.w.org\/{rel}","templated":true}]}}