{"id":350,"date":"2014-07-25T11:23:02","date_gmt":"2014-07-25T08:23:02","guid":{"rendered":"http:\/\/www.iosonocirneco.com\/fi\/?page_id=350"},"modified":"2022-04-18T16:31:16","modified_gmt":"2022-04-18T13:31:16","slug":"kuvia-cirnecoista","status":"publish","type":"page","link":"https:\/\/www.iosonocirneco.com\/fi\/cirneco-dell-etna\/kuvia-cirnecoista\/","title":{"rendered":"Kuvia cirnecoista"},"content":{"rendered":"\n<h2 class=\"has-text-align-center wp-block-heading\">Kuvia etnankoirista<\/h2>\n\n\n\n<figure class=\"wp-block-image size-large\"><a href=\"https:\/\/www.iosonocirneco.com\/fi\/wp-content\/uploads\/2021\/08\/sienna10v2.jpg\"><img loading=\"lazy\" decoding=\"async\" width=\"1024\" height=\"1024\" src=\"https:\/\/www.iosonocirneco.com\/fi\/wp-content\/uploads\/2021\/08\/sienna10v2-1024x1024.jpg\" alt=\"\" class=\"wp-image-13177\" srcset=\"https:\/\/www.iosonocirneco.com\/fi\/wp-content\/uploads\/2021\/08\/sienna10v2-1024x1024.jpg 1024w, https:\/\/www.iosonocirneco.com\/fi\/wp-content\/uploads\/2021\/08\/sienna10v2-300x300.jpg 300w, https:\/\/www.iosonocirneco.com\/fi\/wp-content\/uploads\/2021\/08\/sienna10v2-150x150.jpg 150w, https:\/\/www.iosonocirneco.com\/fi\/wp-content\/uploads\/2021\/08\/sienna10v2-1536x1536.jpg 1536w, https:\/\/www.iosonocirneco.com\/fi\/wp-content\/uploads\/2021\/08\/sienna10v2-2048x2048.jpg 2048w\" sizes=\"(max-width: 1024px) 100vw, 1024px\" \/><\/a><figcaption>Yll\u00e4: Iosono Champagne<\/figcaption><\/figure>\n\n\n\n<figure class=\"wp-block-image is-style-default\"><img loading=\"lazy\" decoding=\"async\" width=\"2048\" height=\"1365\" src=\"https:\/\/www.iosonocirneco.com\/fi\/wp-content\/uploads\/2021\/02\/tove1v.jpg\" alt=\"tove1v\" class=\"wp-image-3338\" srcset=\"https:\/\/www.iosonocirneco.com\/fi\/wp-content\/uploads\/2021\/02\/tove1v.jpg 2048w, https:\/\/www.iosonocirneco.com\/fi\/wp-content\/uploads\/2021\/02\/tove1v-300x200.jpg 300w, https:\/\/www.iosonocirneco.com\/fi\/wp-content\/uploads\/2021\/02\/tove1v-768x512.jpg 768w, https:\/\/www.iosonocirneco.com\/fi\/wp-content\/uploads\/2021\/02\/tove1v-1024x683.jpg 1024w\" sizes=\"(max-width: 2048px) 100vw, 2048px\" \/><figcaption>Yll\u00e4: Iosono Oh La La<\/figcaption><\/figure>\n\n\n\n<figure class=\"wp-block-image size-large is-style-default\"><a href=\"https:\/\/www.iosonocirneco.com\/fi\/wp-content\/uploads\/2021\/02\/sm6G1A0902.jpg\"><img loading=\"lazy\" decoding=\"async\" width=\"1024\" height=\"732\" src=\"https:\/\/www.iosonocirneco.com\/fi\/wp-content\/uploads\/2021\/02\/sm6G1A0902-1024x732.jpg\" alt=\"\" class=\"wp-image-3525\" srcset=\"https:\/\/www.iosonocirneco.com\/fi\/wp-content\/uploads\/2021\/02\/sm6G1A0902-1024x732.jpg 1024w, https:\/\/www.iosonocirneco.com\/fi\/wp-content\/uploads\/2021\/02\/sm6G1A0902-300x214.jpg 300w, https:\/\/www.iosonocirneco.com\/fi\/wp-content\/uploads\/2021\/02\/sm6G1A0902-768x549.jpg 768w, https:\/\/www.iosonocirneco.com\/fi\/wp-content\/uploads\/2021\/02\/sm6G1A0902.jpg 2048w\" sizes=\"(max-width: 1024px) 100vw, 1024px\" \/><\/a><figcaption>Yll\u00e4: Iosono Lumoava<\/figcaption><\/figure>\n\n\n\n<figure class=\"wp-block-image size-large is-style-default\"><a href=\"https:\/\/www.iosonocirneco.com\/fi\/wp-content\/uploads\/2021\/05\/putti1v2.jpg\"><img loading=\"lazy\" decoding=\"async\" width=\"1024\" height=\"683\" src=\"https:\/\/www.iosonocirneco.com\/fi\/wp-content\/uploads\/2021\/05\/putti1v2-1024x683.jpg\" alt=\"\" class=\"wp-image-3465\" srcset=\"https:\/\/www.iosonocirneco.com\/fi\/wp-content\/uploads\/2021\/05\/putti1v2-1024x683.jpg 1024w, https:\/\/www.iosonocirneco.com\/fi\/wp-content\/uploads\/2021\/05\/putti1v2-300x200.jpg 300w, https:\/\/www.iosonocirneco.com\/fi\/wp-content\/uploads\/2021\/05\/putti1v2-768x512.jpg 768w, https:\/\/www.iosonocirneco.com\/fi\/wp-content\/uploads\/2021\/05\/putti1v2.jpg 2048w\" sizes=\"(max-width: 1024px) 100vw, 1024px\" \/><\/a><figcaption>Yll\u00e4: Taorminensis Mirko<\/figcaption><\/figure>\n\n\n\n<figure class=\"wp-block-image is-style-default\"><img loading=\"lazy\" decoding=\"async\" width=\"2048\" height=\"1913\" src=\"https:\/\/www.iosonocirneco.com\/fi\/wp-content\/uploads\/2014\/07\/sienna-tilda-venti_v5.jpg\" alt=\"sienna-tilda-venti_v5\" class=\"wp-image-3426\" srcset=\"https:\/\/www.iosonocirneco.com\/fi\/wp-content\/uploads\/2014\/07\/sienna-tilda-venti_v5.jpg 2048w, https:\/\/www.iosonocirneco.com\/fi\/wp-content\/uploads\/2014\/07\/sienna-tilda-venti_v5-300x280.jpg 300w, https:\/\/www.iosonocirneco.com\/fi\/wp-content\/uploads\/2014\/07\/sienna-tilda-venti_v5-768x717.jpg 768w, https:\/\/www.iosonocirneco.com\/fi\/wp-content\/uploads\/2014\/07\/sienna-tilda-venti_v5-1024x957.jpg 1024w\" sizes=\"(max-width: 2048px) 100vw, 2048px\" \/><figcaption>Yll\u00e4: Iosono Champagne, Iosono Universo &amp; Iosono Hadriana<\/figcaption><\/figure>\n\n\n\n<figure class=\"wp-block-image is-style-default\"><img loading=\"lazy\" decoding=\"async\" width=\"2048\" height=\"1494\" src=\"https:\/\/www.iosonocirneco.com\/fi\/wp-content\/uploads\/2014\/07\/koiratmokilla1.jpg\" alt=\"koiratmokilla1\" class=\"wp-image-3421\" srcset=\"https:\/\/www.iosonocirneco.com\/fi\/wp-content\/uploads\/2014\/07\/koiratmokilla1.jpg 2048w, https:\/\/www.iosonocirneco.com\/fi\/wp-content\/uploads\/2014\/07\/koiratmokilla1-300x219.jpg 300w, https:\/\/www.iosonocirneco.com\/fi\/wp-content\/uploads\/2014\/07\/koiratmokilla1-768x560.jpg 768w, https:\/\/www.iosonocirneco.com\/fi\/wp-content\/uploads\/2014\/07\/koiratmokilla1-1024x747.jpg 1024w\" sizes=\"(max-width: 2048px) 100vw, 2048px\" \/><figcaption>Yll\u00e4: Lucky del Borgo di Pratica, Iosono Champagne, Iosono Diamante<\/figcaption><\/figure>\n\n\n\n<figure class=\"wp-block-image is-style-default\"><a href=\"http:\/\/www.iosonocirneco.com\/fi\/wp-content\/uploads\/2014\/07\/auringonottajat2bok.jpg\" rel=\"attachment wp-att-2404\"><img loading=\"lazy\" decoding=\"async\" width=\"2048\" height=\"1707\" src=\"http:\/\/www.iosonocirneco.com\/fi\/wp-content\/uploads\/2014\/07\/auringonottajat2bok.jpg\" alt=\"auringonottajat2bok\" class=\"wp-image-2404\" srcset=\"https:\/\/www.iosonocirneco.com\/fi\/wp-content\/uploads\/2014\/07\/auringonottajat2bok.jpg 2048w, https:\/\/www.iosonocirneco.com\/fi\/wp-content\/uploads\/2014\/07\/auringonottajat2bok-300x250.jpg 300w, https:\/\/www.iosonocirneco.com\/fi\/wp-content\/uploads\/2014\/07\/auringonottajat2bok-768x640.jpg 768w, https:\/\/www.iosonocirneco.com\/fi\/wp-content\/uploads\/2014\/07\/auringonottajat2bok-1024x854.jpg 1024w\" sizes=\"(max-width: 2048px) 100vw, 2048px\" \/><\/a><figcaption>Yll\u00e4: Iosono Champagne &amp; Iosono Diamante<\/figcaption><\/figure>\n\n\n\n<figure class=\"wp-block-image is-style-default\"><a href=\"http:\/\/www.iosonocirneco.com\/fi\/wp-content\/uploads\/2014\/07\/neddakollaasism.jpg\" rel=\"attachment wp-att-2402\"><img loading=\"lazy\" decoding=\"async\" width=\"2048\" height=\"2048\" src=\"http:\/\/www.iosonocirneco.com\/fi\/wp-content\/uploads\/2014\/07\/neddakollaasism.jpg\" alt=\"neddakollaasism\" class=\"wp-image-2402\" srcset=\"https:\/\/www.iosonocirneco.com\/fi\/wp-content\/uploads\/2014\/07\/neddakollaasism.jpg 2048w, https:\/\/www.iosonocirneco.com\/fi\/wp-content\/uploads\/2014\/07\/neddakollaasism-150x150.jpg 150w, https:\/\/www.iosonocirneco.com\/fi\/wp-content\/uploads\/2014\/07\/neddakollaasism-300x300.jpg 300w, https:\/\/www.iosonocirneco.com\/fi\/wp-content\/uploads\/2014\/07\/neddakollaasism-768x768.jpg 768w, https:\/\/www.iosonocirneco.com\/fi\/wp-content\/uploads\/2014\/07\/neddakollaasism-1024x1024.jpg 1024w\" sizes=\"(max-width: 2048px) 100vw, 2048px\" \/><\/a><\/figure>\n\n\n\n<p class=\"has-text-align-center\">Yll\u00e4: Iosono Elassona<\/p>\n\n\n\n<figure class=\"wp-block-image is-style-default\"><a href=\"http:\/\/www.iosonocirneco.com\/fi\/wp-content\/uploads\/2014\/07\/nanda1v2.jpg\" rel=\"attachment wp-att-2400\"><img loading=\"lazy\" decoding=\"async\" width=\"2048\" height=\"1465\" src=\"http:\/\/www.iosonocirneco.com\/fi\/wp-content\/uploads\/2014\/07\/nanda1v2.jpg\" alt=\"nanda1v2\" class=\"wp-image-2400\" srcset=\"https:\/\/www.iosonocirneco.com\/fi\/wp-content\/uploads\/2014\/07\/nanda1v2.jpg 2048w, https:\/\/www.iosonocirneco.com\/fi\/wp-content\/uploads\/2014\/07\/nanda1v2-300x215.jpg 300w, https:\/\/www.iosonocirneco.com\/fi\/wp-content\/uploads\/2014\/07\/nanda1v2-768x549.jpg 768w, https:\/\/www.iosonocirneco.com\/fi\/wp-content\/uploads\/2014\/07\/nanda1v2-1024x733.jpg 1024w\" sizes=\"(max-width: 2048px) 100vw, 2048px\" \/><\/a><\/figure>\n\n\n\n<p class=\"has-text-align-center\">Yll\u00e4: Iosono Nirvana<\/p>\n\n\n\n<figure class=\"wp-block-image is-style-default\"><a href=\"http:\/\/www.iosonocirneco.com\/fi\/wp-content\/uploads\/2014\/07\/nanda1v.jpg\" rel=\"attachment wp-att-2401\"><img loading=\"lazy\" decoding=\"async\" width=\"2048\" height=\"1365\" src=\"http:\/\/www.iosonocirneco.com\/fi\/wp-content\/uploads\/2014\/07\/nanda1v.jpg\" alt=\"nanda1v\" class=\"wp-image-2401\" srcset=\"https:\/\/www.iosonocirneco.com\/fi\/wp-content\/uploads\/2014\/07\/nanda1v.jpg 2048w, https:\/\/www.iosonocirneco.com\/fi\/wp-content\/uploads\/2014\/07\/nanda1v-300x200.jpg 300w, https:\/\/www.iosonocirneco.com\/fi\/wp-content\/uploads\/2014\/07\/nanda1v-768x512.jpg 768w, https:\/\/www.iosonocirneco.com\/fi\/wp-content\/uploads\/2014\/07\/nanda1v-1024x683.jpg 1024w\" sizes=\"(max-width: 2048px) 100vw, 2048px\" \/><\/a><\/figure>\n\n\n\n<p class=\"has-text-align-center\">Yll\u00e4: Iosono Nirvana<\/p>\n\n\n\n<figure class=\"wp-block-image is-style-default\"><a href=\"http:\/\/www.iosonocirneco.com\/fi\/wp-content\/uploads\/2014\/07\/nedda3v2.jpg\" rel=\"attachment wp-att-2403\"><img loading=\"lazy\" decoding=\"async\" width=\"2048\" height=\"1418\" src=\"http:\/\/www.iosonocirneco.com\/fi\/wp-content\/uploads\/2014\/07\/nedda3v2.jpg\" alt=\"nedda3v2\" class=\"wp-image-2403\" srcset=\"https:\/\/www.iosonocirneco.com\/fi\/wp-content\/uploads\/2014\/07\/nedda3v2.jpg 2048w, https:\/\/www.iosonocirneco.com\/fi\/wp-content\/uploads\/2014\/07\/nedda3v2-300x208.jpg 300w, https:\/\/www.iosonocirneco.com\/fi\/wp-content\/uploads\/2014\/07\/nedda3v2-768x532.jpg 768w, https:\/\/www.iosonocirneco.com\/fi\/wp-content\/uploads\/2014\/07\/nedda3v2-1024x709.jpg 1024w\" sizes=\"(max-width: 2048px) 100vw, 2048px\" \/><\/a><\/figure>\n\n\n\n<p class=\"has-text-align-center\">Yll\u00e4: Iosono Elassona<\/p>\n\n\n\n<figure class=\"wp-block-image is-style-default\"><a href=\"http:\/\/www.iosonocirneco.com\/fi\/wp-content\/uploads\/2014\/07\/lucahuhti17bb.jpg\" rel=\"attachment wp-att-2399\"><img loading=\"lazy\" decoding=\"async\" width=\"2048\" height=\"1737\" src=\"http:\/\/www.iosonocirneco.com\/fi\/wp-content\/uploads\/2014\/07\/lucahuhti17bb.jpg\" alt=\"lucahuhti17bb\" class=\"wp-image-2399\" srcset=\"https:\/\/www.iosonocirneco.com\/fi\/wp-content\/uploads\/2014\/07\/lucahuhti17bb.jpg 2048w, https:\/\/www.iosonocirneco.com\/fi\/wp-content\/uploads\/2014\/07\/lucahuhti17bb-300x254.jpg 300w, https:\/\/www.iosonocirneco.com\/fi\/wp-content\/uploads\/2014\/07\/lucahuhti17bb-768x651.jpg 768w, https:\/\/www.iosonocirneco.com\/fi\/wp-content\/uploads\/2014\/07\/lucahuhti17bb-1024x869.jpg 1024w\" sizes=\"(max-width: 2048px) 100vw, 2048px\" \/><\/a><\/figure>\n\n\n\n<p class=\"has-text-align-center\">Yll\u00e4: Iosono Picasso<\/p>\n\n\n\n<figure class=\"wp-block-image is-style-default\"><a href=\"http:\/\/www.iosonocirneco.com\/fi\/wp-content\/uploads\/2014\/07\/amelie4kk6b.jpg\" rel=\"attachment wp-att-2406\"><img loading=\"lazy\" decoding=\"async\" width=\"2048\" height=\"2335\" src=\"http:\/\/www.iosonocirneco.com\/fi\/wp-content\/uploads\/2014\/07\/amelie4kk6b.jpg\" alt=\"amelie4kk6b\" class=\"wp-image-2406\" srcset=\"https:\/\/www.iosonocirneco.com\/fi\/wp-content\/uploads\/2014\/07\/amelie4kk6b.jpg 2048w, https:\/\/www.iosonocirneco.com\/fi\/wp-content\/uploads\/2014\/07\/amelie4kk6b-263x300.jpg 263w, https:\/\/www.iosonocirneco.com\/fi\/wp-content\/uploads\/2014\/07\/amelie4kk6b-768x876.jpg 768w, https:\/\/www.iosonocirneco.com\/fi\/wp-content\/uploads\/2014\/07\/amelie4kk6b-898x1024.jpg 898w\" sizes=\"(max-width: 2048px) 100vw, 2048px\" \/><\/a><\/figure>\n\n\n\n<p class=\"has-text-align-center\">Yll\u00e4: Iosono Nefertiti<\/p>\n\n\n\n<figure class=\"wp-block-image is-style-default\"><a href=\"http:\/\/www.iosonocirneco.com\/fi\/wp-content\/uploads\/2014\/07\/effie2v.jpg\" rel=\"attachment wp-att-2407\"><img loading=\"lazy\" decoding=\"async\" width=\"2048\" height=\"1365\" src=\"http:\/\/www.iosonocirneco.com\/fi\/wp-content\/uploads\/2014\/07\/effie2v.jpg\" alt=\"effie2v\" class=\"wp-image-2407\" srcset=\"https:\/\/www.iosonocirneco.com\/fi\/wp-content\/uploads\/2014\/07\/effie2v.jpg 2048w, https:\/\/www.iosonocirneco.com\/fi\/wp-content\/uploads\/2014\/07\/effie2v-300x200.jpg 300w, https:\/\/www.iosonocirneco.com\/fi\/wp-content\/uploads\/2014\/07\/effie2v-768x512.jpg 768w, https:\/\/www.iosonocirneco.com\/fi\/wp-content\/uploads\/2014\/07\/effie2v-1024x683.jpg 1024w\" sizes=\"(max-width: 2048px) 100vw, 2048px\" \/><\/a><\/figure>\n\n\n\n<p class=\"has-text-align-center\">Yll\u00e4: Iosono Effie<\/p>\n\n\n\n<figure class=\"wp-block-image is-style-default\"><a href=\"http:\/\/www.iosonocirneco.com\/fi\/wp-content\/uploads\/2014\/07\/dalmaistuu2.jpg\" rel=\"attachment wp-att-2408\"><img loading=\"lazy\" decoding=\"async\" width=\"2048\" height=\"1494\" src=\"http:\/\/www.iosonocirneco.com\/fi\/wp-content\/uploads\/2014\/07\/dalmaistuu2.jpg\" alt=\"dalmaistuu2\" class=\"wp-image-2408\" srcset=\"https:\/\/www.iosonocirneco.com\/fi\/wp-content\/uploads\/2014\/07\/dalmaistuu2.jpg 2048w, https:\/\/www.iosonocirneco.com\/fi\/wp-content\/uploads\/2014\/07\/dalmaistuu2-300x219.jpg 300w, https:\/\/www.iosonocirneco.com\/fi\/wp-content\/uploads\/2014\/07\/dalmaistuu2-768x560.jpg 768w, https:\/\/www.iosonocirneco.com\/fi\/wp-content\/uploads\/2014\/07\/dalmaistuu2-1024x747.jpg 1024w\" sizes=\"(max-width: 2048px) 100vw, 2048px\" \/><\/a><\/figure>\n\n\n\n<p class=\"has-text-align-center\">Yll\u00e4: Iosono Haute Couture<\/p>\n\n\n\n<figure class=\"wp-block-image is-style-default\"><a href=\"http:\/\/www.iosonocirneco.com\/fi\/wp-content\/uploads\/2014\/07\/jedi15kk3.jpg\" rel=\"attachment wp-att-2409\"><img loading=\"lazy\" decoding=\"async\" width=\"2048\" height=\"1365\" src=\"http:\/\/www.iosonocirneco.com\/fi\/wp-content\/uploads\/2014\/07\/jedi15kk3.jpg\" alt=\"jedi15kk3\" class=\"wp-image-2409\" srcset=\"https:\/\/www.iosonocirneco.com\/fi\/wp-content\/uploads\/2014\/07\/jedi15kk3.jpg 2048w, https:\/\/www.iosonocirneco.com\/fi\/wp-content\/uploads\/2014\/07\/jedi15kk3-300x200.jpg 300w, https:\/\/www.iosonocirneco.com\/fi\/wp-content\/uploads\/2014\/07\/jedi15kk3-768x512.jpg 768w, https:\/\/www.iosonocirneco.com\/fi\/wp-content\/uploads\/2014\/07\/jedi15kk3-1024x683.jpg 1024w\" sizes=\"(max-width: 2048px) 100vw, 2048px\" \/><\/a><\/figure>\n\n\n\n<p class=\"has-text-align-center\">Yll\u00e4: Iosono Houdini<\/p>\n\n\n\n<figure class=\"wp-block-image is-style-default\"><img loading=\"lazy\" decoding=\"async\" width=\"800\" height=\"533\" src=\"http:\/\/www.iosonocirneco.com\/fi\/wp-content\/uploads\/2014\/07\/aatosrannalla.jpg\" alt=\"aatosrannalla\" class=\"wp-image-351\" srcset=\"https:\/\/www.iosonocirneco.com\/fi\/wp-content\/uploads\/2014\/07\/aatosrannalla.jpg 800w, https:\/\/www.iosonocirneco.com\/fi\/wp-content\/uploads\/2014\/07\/aatosrannalla-300x199.jpg 300w\" sizes=\"(max-width: 800px) 100vw, 800px\" \/><\/figure>\n\n\n\n<p class=\"has-text-align-center\">Yll\u00e4: Iosono Cherubino<\/p>\n\n\n\n<p class=\"has-text-align-center\"><img loading=\"lazy\" decoding=\"async\" class=\"alignnone size-full wp-image-352\" src=\"http:\/\/www.iosonocirneco.com\/fi\/wp-content\/uploads\/2014\/07\/siennarava1.jpg\" alt=\"siennarava1\" width=\"960\" height=\"640\" srcset=\"https:\/\/www.iosonocirneco.com\/fi\/wp-content\/uploads\/2014\/07\/siennarava1.jpg 960w, https:\/\/www.iosonocirneco.com\/fi\/wp-content\/uploads\/2014\/07\/siennarava1-300x200.jpg 300w\" sizes=\"(max-width: 960px) 100vw, 960px\" \/><br>Yll\u00e4: Iosono Champagne<\/p>\n\n\n\n<p class=\"has-text-align-center\"><img loading=\"lazy\" decoding=\"async\" class=\"alignnone size-full wp-image-354\" src=\"http:\/\/www.iosonocirneco.com\/fi\/wp-content\/uploads\/2014\/07\/vilna11kk.jpg\" alt=\"vilna11kk\" width=\"960\" height=\"720\" srcset=\"https:\/\/www.iosonocirneco.com\/fi\/wp-content\/uploads\/2014\/07\/vilna11kk.jpg 960w, https:\/\/www.iosonocirneco.com\/fi\/wp-content\/uploads\/2014\/07\/vilna11kk-300x225.jpg 300w\" sizes=\"(max-width: 960px) 100vw, 960px\" \/><br>Yll\u00e4: Iosono Una Meraviglia<\/p>\n\n\n\n<p class=\"has-text-align-center\"><img loading=\"lazy\" decoding=\"async\" class=\"alignnone size-full wp-image-356\" src=\"http:\/\/www.iosonocirneco.com\/fi\/wp-content\/uploads\/2014\/07\/ankiseisoo12vk.jpg\" alt=\"ankiseisoo12vk\" width=\"960\" height=\"640\" srcset=\"https:\/\/www.iosonocirneco.com\/fi\/wp-content\/uploads\/2014\/07\/ankiseisoo12vk.jpg 960w, https:\/\/www.iosonocirneco.com\/fi\/wp-content\/uploads\/2014\/07\/ankiseisoo12vk-300x200.jpg 300w\" sizes=\"(max-width: 960px) 100vw, 960px\" \/><br>Yll\u00e4: Iosono Edessa 12 vk<\/p>\n\n\n\n<p class=\"has-text-align-center\"><img loading=\"lazy\" decoding=\"async\" class=\"alignnone size-full wp-image-357\" src=\"http:\/\/www.iosonocirneco.com\/fi\/wp-content\/uploads\/2014\/07\/dante10vk2.jpg\" alt=\"dante10vk2\" width=\"960\" height=\"640\" srcset=\"https:\/\/www.iosonocirneco.com\/fi\/wp-content\/uploads\/2014\/07\/dante10vk2.jpg 960w, https:\/\/www.iosonocirneco.com\/fi\/wp-content\/uploads\/2014\/07\/dante10vk2-300x200.jpg 300w\" sizes=\"(max-width: 960px) 100vw, 960px\" \/><br>Yll\u00e4: Iosono Ecco Sono Io 10 viikkoa<\/p>\n\n\n\n<p class=\"has-text-align-center\"><img loading=\"lazy\" decoding=\"async\" class=\"alignnone size-full wp-image-358\" src=\"http:\/\/www.iosonocirneco.com\/fi\/wp-content\/uploads\/2014\/07\/effie10p3.jpg\" alt=\"effie10p3\" width=\"960\" height=\"640\" srcset=\"https:\/\/www.iosonocirneco.com\/fi\/wp-content\/uploads\/2014\/07\/effie10p3.jpg 960w, https:\/\/www.iosonocirneco.com\/fi\/wp-content\/uploads\/2014\/07\/effie10p3-300x200.jpg 300w\" sizes=\"(max-width: 960px) 100vw, 960px\" \/><br>Yll\u00e4: Iosono Effie 10 vk<\/p>\n\n\n\n<figure class=\"wp-block-image is-style-default\"><img loading=\"lazy\" decoding=\"async\" width=\"960\" height=\"640\" src=\"http:\/\/www.iosonocirneco.com\/fi\/wp-content\/uploads\/2014\/07\/cararuun.jpg\" alt=\"cararuun\" class=\"wp-image-360\" srcset=\"https:\/\/www.iosonocirneco.com\/fi\/wp-content\/uploads\/2014\/07\/cararuun.jpg 960w, https:\/\/www.iosonocirneco.com\/fi\/wp-content\/uploads\/2014\/07\/cararuun-300x200.jpg 300w\" sizes=\"(max-width: 960px) 100vw, 960px\" \/><\/figure>\n\n\n\n<p class=\"has-text-align-center\">Yll\u00e4: Iosono Serafina<\/p>\n\n\n\n<figure class=\"wp-block-image is-style-default\"><img loading=\"lazy\" decoding=\"async\" width=\"640\" height=\"960\" src=\"http:\/\/www.iosonocirneco.com\/fi\/wp-content\/uploads\/2014\/07\/lunanaama3.jpg\" alt=\"lunanaama3\" class=\"wp-image-361\" srcset=\"https:\/\/www.iosonocirneco.com\/fi\/wp-content\/uploads\/2014\/07\/lunanaama3.jpg 640w, https:\/\/www.iosonocirneco.com\/fi\/wp-content\/uploads\/2014\/07\/lunanaama3-200x300.jpg 200w\" sizes=\"(max-width: 640px) 100vw, 640px\" \/><\/figure>\n\n\n\n<p class=\"has-text-align-center\">Yll\u00e4: Iosono Etnea 9 viikkoa<\/p>\n\n\n\n<figure class=\"wp-block-image is-style-default\"><img loading=\"lazy\" decoding=\"async\" width=\"640\" height=\"960\" src=\"http:\/\/www.iosonocirneco.com\/fi\/wp-content\/uploads\/2014\/07\/sissi5.jpg\" alt=\"sissi5\" class=\"wp-image-362\" srcset=\"https:\/\/www.iosonocirneco.com\/fi\/wp-content\/uploads\/2014\/07\/sissi5.jpg 640w, https:\/\/www.iosonocirneco.com\/fi\/wp-content\/uploads\/2014\/07\/sissi5-200x300.jpg 200w\" sizes=\"(max-width: 640px) 100vw, 640px\" \/><\/figure>\n\n\n\n<p class=\"has-text-align-center\">Yll\u00e4: Iosono Marisla 6 viikkoa<\/p>\n\n\n\n<figure class=\"wp-block-image is-style-default\"><img loading=\"lazy\" decoding=\"async\" width=\"960\" height=\"640\" src=\"http:\/\/www.iosonocirneco.com\/fi\/wp-content\/uploads\/2014\/07\/lumo8kk2.jpg\" alt=\"lumo8kk2\" class=\"wp-image-364\" srcset=\"https:\/\/www.iosonocirneco.com\/fi\/wp-content\/uploads\/2014\/07\/lumo8kk2.jpg 960w, https:\/\/www.iosonocirneco.com\/fi\/wp-content\/uploads\/2014\/07\/lumo8kk2-300x200.jpg 300w\" sizes=\"(max-width: 960px) 100vw, 960px\" \/><\/figure>\n\n\n\n<p class=\"has-text-align-center\">Yll\u00e4: Lex Murphy Let&#8217;s Get It On<\/p>\n\n\n\n<figure class=\"wp-block-image is-style-default\"><a href=\"http:\/\/www.iosonocirneco.com\/fi\/wp-content\/uploads\/2014\/07\/sienna-kivikko.jpg\"><img loading=\"lazy\" decoding=\"async\" width=\"960\" height=\"640\" src=\"http:\/\/www.iosonocirneco.com\/fi\/wp-content\/uploads\/2014\/07\/sienna-kivikko.jpg\" alt=\"sienna-kivikko\" class=\"wp-image-208\" srcset=\"https:\/\/www.iosonocirneco.com\/fi\/wp-content\/uploads\/2014\/07\/sienna-kivikko.jpg 960w, https:\/\/www.iosonocirneco.com\/fi\/wp-content\/uploads\/2014\/07\/sienna-kivikko-300x200.jpg 300w\" sizes=\"(max-width: 960px) 100vw, 960px\" \/><\/a><\/figure>\n\n\n\n<p class=\"has-text-align-center\">Yll\u00e4: Iosono Champagne<\/p>\n\n\n\n<figure class=\"wp-block-image is-style-default\"><img loading=\"lazy\" decoding=\"async\" width=\"960\" height=\"640\" src=\"http:\/\/www.iosonocirneco.com\/fi\/wp-content\/uploads\/2014\/07\/lucky-kivikko.jpg\" alt=\"lucky-kivikko\" class=\"wp-image-365\" srcset=\"https:\/\/www.iosonocirneco.com\/fi\/wp-content\/uploads\/2014\/07\/lucky-kivikko.jpg 960w, https:\/\/www.iosonocirneco.com\/fi\/wp-content\/uploads\/2014\/07\/lucky-kivikko-300x200.jpg 300w\" sizes=\"(max-width: 960px) 100vw, 960px\" \/><\/figure>\n\n\n\n<p class=\"has-text-align-center\">Yll\u00e4: Lucky del Borgo di Pratica<\/p>\n\n\n\n<figure class=\"wp-block-image is-style-default\"><img loading=\"lazy\" decoding=\"async\" width=\"960\" height=\"640\" src=\"http:\/\/www.iosonocirneco.com\/fi\/wp-content\/uploads\/2014\/07\/yoda15vk.jpg\" alt=\"yoda15vk\" class=\"wp-image-259\" srcset=\"https:\/\/www.iosonocirneco.com\/fi\/wp-content\/uploads\/2014\/07\/yoda15vk.jpg 960w, https:\/\/www.iosonocirneco.com\/fi\/wp-content\/uploads\/2014\/07\/yoda15vk-300x200.jpg 300w\" sizes=\"(max-width: 960px) 100vw, 960px\" \/><\/figure>\n\n\n\n<p class=\"has-text-align-center\">Yll\u00e4: Boxing Helena&#8217;s Noble Vetiver<\/p>\n\n\n\n<figure class=\"wp-block-image is-style-default\"><img loading=\"lazy\" decoding=\"async\" width=\"800\" height=\"533\" src=\"http:\/\/www.iosonocirneco.com\/fi\/wp-content\/uploads\/2014\/07\/titokartan.jpg\" alt=\"titokartan\" class=\"wp-image-367\" srcset=\"https:\/\/www.iosonocirneco.com\/fi\/wp-content\/uploads\/2014\/07\/titokartan.jpg 800w, https:\/\/www.iosonocirneco.com\/fi\/wp-content\/uploads\/2014\/07\/titokartan-300x199.jpg 300w\" sizes=\"(max-width: 800px) 100vw, 800px\" \/><\/figure>\n\n\n\n<p class=\"has-text-align-center\">Yll\u00e4: Iosono Uno di Noi<\/p>\n\n\n\n<figure class=\"wp-block-image is-style-default\"><img loading=\"lazy\" decoding=\"async\" width=\"800\" height=\"533\" src=\"http:\/\/www.iosonocirneco.com\/fi\/wp-content\/uploads\/2014\/07\/tito1.jpg\" alt=\"tito1\" class=\"wp-image-368\" srcset=\"https:\/\/www.iosonocirneco.com\/fi\/wp-content\/uploads\/2014\/07\/tito1.jpg 800w, https:\/\/www.iosonocirneco.com\/fi\/wp-content\/uploads\/2014\/07\/tito1-300x199.jpg 300w\" sizes=\"(max-width: 800px) 100vw, 800px\" \/><\/figure>\n\n\n\n<p class=\"has-text-align-center\">Yll\u00e4: Iosono Uno di Noi<\/p>\n\n\n\n<figure class=\"wp-block-image is-style-default\"><img loading=\"lazy\" decoding=\"async\" width=\"960\" height=\"640\" src=\"http:\/\/www.iosonocirneco.com\/fi\/wp-content\/uploads\/2014\/07\/nenesienna8b.jpg\" alt=\"nenesienna8b\" class=\"wp-image-369\" srcset=\"https:\/\/www.iosonocirneco.com\/fi\/wp-content\/uploads\/2014\/07\/nenesienna8b.jpg 960w, https:\/\/www.iosonocirneco.com\/fi\/wp-content\/uploads\/2014\/07\/nenesienna8b-300x200.jpg 300w\" sizes=\"(max-width: 960px) 100vw, 960px\" \/><\/figure>\n\n\n\n<p class=\"has-text-align-center\">Yll\u00e4: Iosono Champagne &amp; Iosono Celeste<\/p>\n","protected":false},"excerpt":{"rendered":"<p>Kuvia etnankoirista Yll\u00e4: Iosono Elassona Yll\u00e4: Iosono Nirvana Yll\u00e4: Iosono Nirvana Yll\u00e4: Iosono Elassona Yll\u00e4: Iosono Picasso Yll\u00e4: Iosono Nefertiti Yll\u00e4: Iosono Effie Yll\u00e4: Iosono&hellip;<\/p>\n<p> <a class=\"more-link\" href=\"https:\/\/www.iosonocirneco.com\/fi\/cirneco-dell-etna\/kuvia-cirnecoista\/\">Lue Lis\u00e4\u00e4<\/a><\/p>\n","protected":false},"author":1,"featured_media":0,"parent":7,"menu_order":5,"comment_status":"closed","ping_status":"closed","template":"","meta":{"footnotes":""},"_links":{"self":[{"href":"https:\/\/www.iosonocirneco.com\/fi\/wp-json\/wp\/v2\/pages\/350"}],"collection":[{"href":"https:\/\/www.iosonocirneco.com\/fi\/wp-json\/wp\/v2\/pages"}],"about":[{"href":"https:\/\/www.iosonocirneco.com\/fi\/wp-json\/wp\/v2\/types\/page"}],"author":[{"embeddable":true,"href":"https:\/\/www.iosonocirneco.com\/fi\/wp-json\/wp\/v2\/users\/1"}],"replies":[{"embeddable":true,"href":"https:\/\/www.iosonocirneco.com\/fi\/wp-json\/wp\/v2\/comments?post=350"}],"version-history":[{"count":11,"href":"https:\/\/www.iosonocirneco.com\/fi\/wp-json\/wp\/v2\/pages\/350\/revisions"}],"predecessor-version":[{"id":13382,"href":"https:\/\/www.iosonocirneco.com\/fi\/wp-json\/wp\/v2\/pages\/350\/revisions\/13382"}],"up":[{"embeddable":true,"href":"https:\/\/www.iosonocirneco.com\/fi\/wp-json\/wp\/v2\/pages\/7"}],"wp:attachment":[{"href":"https:\/\/www.iosonocirneco.com\/fi\/wp-json\/wp\/v2\/media?parent=350"}],"curies":[{"name":"wp","href":"https:\/\/api.w.org\/{rel}","templated":true}]}}