{"id":3344,"date":"2021-02-26T13:12:12","date_gmt":"2021-02-26T11:12:12","guid":{"rendered":"https:\/\/www.iosonocirneco.com\/fi\/?page_id=3344"},"modified":"2023-02-24T12:11:17","modified_gmt":"2023-02-24T10:11:17","slug":"iosono-terracotta","status":"publish","type":"page","link":"https:\/\/www.iosonocirneco.com\/fi\/cirneco-dell-etna\/cirnecomme\/iosono-terracotta\/","title":{"rendered":"Iosono Terracotta"},"content":{"rendered":"\n<p class=\"has-text-align-center\">JV-21<\/p>\n\n\n\n<h3 class=\"has-text-align-center wp-block-heading\">Iosono Terracotta &#8221;Via&#8221; \u2640<\/h3>\n\n\n\n<figure class=\"wp-block-image size-full is-style-default\"><a href=\"https:\/\/www.iosonocirneco.com\/fi\/wp-content\/uploads\/2021\/05\/via10kk2.jpg\"><img loading=\"lazy\" decoding=\"async\" width=\"2048\" height=\"1365\" src=\"https:\/\/www.iosonocirneco.com\/fi\/wp-content\/uploads\/2021\/05\/via10kk2.jpg\" alt=\"\" class=\"wp-image-3462\" srcset=\"https:\/\/www.iosonocirneco.com\/fi\/wp-content\/uploads\/2021\/05\/via10kk2.jpg 2048w, https:\/\/www.iosonocirneco.com\/fi\/wp-content\/uploads\/2021\/05\/via10kk2-300x200.jpg 300w, https:\/\/www.iosonocirneco.com\/fi\/wp-content\/uploads\/2021\/05\/via10kk2-768x512.jpg 768w, https:\/\/www.iosonocirneco.com\/fi\/wp-content\/uploads\/2021\/05\/via10kk2-1024x683.jpg 1024w\" sizes=\"auto, (max-width: 2048px) 100vw, 2048px\" \/><\/a><\/figure>\n\n\n\n<p><strong>Syntynyt:<\/strong> 11.7.2020<br><strong>Terveys:<\/strong><br><strong>Tulokset: <\/strong>2 x SERT<br><strong>Omistajat: <\/strong>Inka Forss &amp; Erja Luomanm\u00e4ki (sijoituksessa Tea Niemel\u00e4n luona)<\/p>\n\n\n\n<p><strong><a href=\"https:\/\/jalostus.kennelliitto.fi\/frmKoira.aspx?RekNo=FI41858%2F20&amp;R=199\" target=\"_blank\" rel=\"noreferrer noopener\">Via KoiraNetiss\u00e4<\/a><\/strong> | <strong><a href=\"https:\/\/cirneco.breedarchive.com\/animal\/view\/iosono-terracotta-2e4e24d1-2fce-46fb-a187-f7225b781ae3\" target=\"_blank\" rel=\"noreferrer noopener\">Via Cirneco Breed Archivessa<\/a><\/strong><\/p>\n\n\n\n<figure class=\"wp-block-image is-style-default\"><img loading=\"lazy\" decoding=\"async\" width=\"2048\" height=\"1463\" src=\"https:\/\/www.iosonocirneco.com\/fi\/wp-content\/uploads\/2021\/02\/via7kk1.jpg\" alt=\"via7kk1\" class=\"wp-image-3345\" srcset=\"https:\/\/www.iosonocirneco.com\/fi\/wp-content\/uploads\/2021\/02\/via7kk1.jpg 2048w, https:\/\/www.iosonocirneco.com\/fi\/wp-content\/uploads\/2021\/02\/via7kk1-300x214.jpg 300w, https:\/\/www.iosonocirneco.com\/fi\/wp-content\/uploads\/2021\/02\/via7kk1-768x549.jpg 768w, https:\/\/www.iosonocirneco.com\/fi\/wp-content\/uploads\/2021\/02\/via7kk1-1024x732.jpg 1024w\" sizes=\"auto, (max-width: 2048px) 100vw, 2048px\" \/><\/figure>\n\n\n\n<figure class=\"wp-block-image is-style-default\"><img loading=\"lazy\" decoding=\"async\" width=\"2048\" height=\"2264\" src=\"https:\/\/www.iosonocirneco.com\/fi\/wp-content\/uploads\/2021\/02\/via12vk.jpg\" alt=\"via12vk\" class=\"wp-image-3347\" srcset=\"https:\/\/www.iosonocirneco.com\/fi\/wp-content\/uploads\/2021\/02\/via12vk.jpg 2048w, https:\/\/www.iosonocirneco.com\/fi\/wp-content\/uploads\/2021\/02\/via12vk-271x300.jpg 271w, https:\/\/www.iosonocirneco.com\/fi\/wp-content\/uploads\/2021\/02\/via12vk-768x849.jpg 768w, https:\/\/www.iosonocirneco.com\/fi\/wp-content\/uploads\/2021\/02\/via12vk-926x1024.jpg 926w\" sizes=\"auto, (max-width: 2048px) 100vw, 2048px\" \/><\/figure>\n","protected":false},"excerpt":{"rendered":"<p>JV-21 Iosono Terracotta &#8221;Via&#8221; \u2640 Syntynyt: 11.7.2020Terveys:Tulokset: 2 x SERTOmistajat: Inka Forss &amp; Erja Luomanm\u00e4ki (sijoituksessa Tea Niemel\u00e4n luona) Via KoiraNetiss\u00e4 | Via Cirneco Breed Archivessa<\/p>\n","protected":false},"author":1,"featured_media":0,"parent":114,"menu_order":0,"comment_status":"closed","ping_status":"closed","template":"","meta":{"_kad_post_transparent":"","_kad_post_title":"","_kad_post_layout":"","_kad_post_sidebar_id":"","_kad_post_content_style":"","_kad_post_vertical_padding":"","_kad_post_feature":"","_kad_post_feature_position":"","_kad_post_header":false,"_kad_post_footer":false,"_kad_post_classname":"","footnotes":""},"class_list":["post-3344","page","type-page","status-publish","hentry"],"_links":{"self":[{"href":"https:\/\/www.iosonocirneco.com\/fi\/wp-json\/wp\/v2\/pages\/3344","targetHints":{"allow":["GET"]}}],"collection":[{"href":"https:\/\/www.iosonocirneco.com\/fi\/wp-json\/wp\/v2\/pages"}],"about":[{"href":"https:\/\/www.iosonocirneco.com\/fi\/wp-json\/wp\/v2\/types\/page"}],"author":[{"embeddable":true,"href":"https:\/\/www.iosonocirneco.com\/fi\/wp-json\/wp\/v2\/users\/1"}],"replies":[{"embeddable":true,"href":"https:\/\/www.iosonocirneco.com\/fi\/wp-json\/wp\/v2\/comments?post=3344"}],"version-history":[{"count":6,"href":"https:\/\/www.iosonocirneco.com\/fi\/wp-json\/wp\/v2\/pages\/3344\/revisions"}],"predecessor-version":[{"id":13684,"href":"https:\/\/www.iosonocirneco.com\/fi\/wp-json\/wp\/v2\/pages\/3344\/revisions\/13684"}],"up":[{"embeddable":true,"href":"https:\/\/www.iosonocirneco.com\/fi\/wp-json\/wp\/v2\/pages\/114"}],"wp:attachment":[{"href":"https:\/\/www.iosonocirneco.com\/fi\/wp-json\/wp\/v2\/media?parent=3344"}],"curies":[{"name":"wp","href":"https:\/\/api.w.org\/{rel}","templated":true}]}}