{"id":3003,"date":"2019-06-26T12:18:30","date_gmt":"2019-06-26T09:18:30","guid":{"rendered":"https:\/\/www.iosonocirneco.com\/fi\/?page_id=3003"},"modified":"2022-02-17T09:32:59","modified_gmt":"2022-02-17T07:32:59","slug":"v-pentue","status":"publish","type":"page","link":"https:\/\/www.iosonocirneco.com\/fi\/italianvinttikoira\/italiaanopentueet\/v-pentue\/","title":{"rendered":"V-pentue"},"content":{"rendered":"\n<h3 class=\"has-text-align-center wp-block-heading\">Iosono V-pentue<\/h3>\n\n\n\n<p class=\"has-text-align-center\"><strong>s. 12.4.2016 2 urosta ja 4 narttua<\/strong><\/p>\n\n\n\n<div class=\"wp-block-image is-style-default\"><figure class=\"aligncenter size-large\"><img loading=\"lazy\" decoding=\"async\" width=\"1024\" height=\"683\" src=\"https:\/\/www.iosonocirneco.com\/fi\/wp-content\/uploads\/2014\/07\/lunanpennut4pv-1024x683.jpg\" alt=\"\" class=\"wp-image-2459\" srcset=\"https:\/\/www.iosonocirneco.com\/fi\/wp-content\/uploads\/2014\/07\/lunanpennut4pv-1024x683.jpg 1024w, https:\/\/www.iosonocirneco.com\/fi\/wp-content\/uploads\/2014\/07\/lunanpennut4pv-300x200.jpg 300w, https:\/\/www.iosonocirneco.com\/fi\/wp-content\/uploads\/2014\/07\/lunanpennut4pv-768x512.jpg 768w, https:\/\/www.iosonocirneco.com\/fi\/wp-content\/uploads\/2014\/07\/lunanpennut4pv.jpg 2048w\" sizes=\"auto, (max-width: 1024px) 100vw, 1024px\" \/><\/figure><\/div>\n\n\n\n<h4 class=\"has-text-align-center wp-block-heading\">Vanhemmat<\/h4>\n\n\n\n<p>is\u00e4: <strong>Victor All\u2019Italica<\/strong> <em>C.I.B. PL MVA PL JMVA CEEU W 2007, CEEU JW 2006, PL W 2010, PL W 2009, PL W 2008, PL W 2007, PL JW, GP SKW 2008<\/em><br>em\u00e4: <strong>Iosono Thaleia <\/strong><em>SBOS<\/em><\/p>\n\n\n\n<figure class=\"wp-block-gallery columns-2 is-cropped wp-block-gallery-1 is-layout-flex wp-block-gallery-is-layout-flex\"><ul class=\"blocks-gallery-grid\"><li class=\"blocks-gallery-item\"><figure><a href=\"https:\/\/www.iosonocirneco.com\/fi\/wp-content\/uploads\/2016\/03\/VICTOR_k.jpg\"><img loading=\"lazy\" decoding=\"async\" width=\"600\" height=\"480\" src=\"https:\/\/www.iosonocirneco.com\/fi\/wp-content\/uploads\/2016\/03\/VICTOR_k.jpg\" alt=\"\" data-id=\"1819\" data-full-url=\"https:\/\/www.iosonocirneco.com\/fi\/wp-content\/uploads\/2016\/03\/VICTOR_k.jpg\" data-link=\"https:\/\/www.iosonocirneco.com\/fi\/pentuja\/italiaanopennut\/victor_k\/\" class=\"wp-image-1819\" srcset=\"https:\/\/www.iosonocirneco.com\/fi\/wp-content\/uploads\/2016\/03\/VICTOR_k.jpg 600w, https:\/\/www.iosonocirneco.com\/fi\/wp-content\/uploads\/2016\/03\/VICTOR_k-300x240.jpg 300w\" sizes=\"auto, (max-width: 600px) 100vw, 600px\" \/><\/a><\/figure><\/li><li class=\"blocks-gallery-item\"><figure><a href=\"https:\/\/www.iosonocirneco.com\/fi\/wp-content\/uploads\/2015\/04\/lunasm.jpg\"><img loading=\"lazy\" decoding=\"async\" width=\"960\" height=\"640\" src=\"https:\/\/www.iosonocirneco.com\/fi\/wp-content\/uploads\/2015\/04\/lunasm.jpg\" alt=\"\" data-id=\"1366\" data-full-url=\"https:\/\/www.iosonocirneco.com\/fi\/wp-content\/uploads\/2015\/04\/lunasm.jpg\" data-link=\"https:\/\/www.iosonocirneco.com\/fi\/italianvinttikoira\/italiaanomme\/iosono-thaleia\/lunasm\/\" class=\"wp-image-1366\" srcset=\"https:\/\/www.iosonocirneco.com\/fi\/wp-content\/uploads\/2015\/04\/lunasm.jpg 960w, https:\/\/www.iosonocirneco.com\/fi\/wp-content\/uploads\/2015\/04\/lunasm-300x200.jpg 300w\" sizes=\"auto, (max-width: 960px) 100vw, 960px\" \/><\/a><\/figure><\/li><\/ul><\/figure>\n\n\n\n<h4 class=\"has-text-align-center wp-block-heading\">V-pentueen pennut<\/h4>\n\n\n\n<p><\/p>\n\n\n\n<h3 class=\"has-text-align-center wp-block-heading\">Iosono Valentino \u2642<\/h3>\n\n\n\n<p class=\"has-text-align-center\"><strong>&#8221;Hippo&#8221;<\/strong><\/p>\n\n\n\n<p class=\"has-text-align-center\"><em>C.I.B. C.I.B.P. FI MVA SE MVA EE MVA LV MVA LT MVA BALT MVA BY MVA<\/em><\/p>\n\n\n\n<div class=\"wp-block-image is-style-default\"><figure class=\"aligncenter size-large\"><img loading=\"lazy\" decoding=\"async\" width=\"1024\" height=\"683\" src=\"https:\/\/www.iosonocirneco.com\/fi\/wp-content\/uploads\/2018\/04\/hippo-ranta-v2-1024x683.jpg\" alt=\"\" class=\"wp-image-2684\" srcset=\"https:\/\/www.iosonocirneco.com\/fi\/wp-content\/uploads\/2018\/04\/hippo-ranta-v2-1024x683.jpg 1024w, https:\/\/www.iosonocirneco.com\/fi\/wp-content\/uploads\/2018\/04\/hippo-ranta-v2-300x200.jpg 300w, https:\/\/www.iosonocirneco.com\/fi\/wp-content\/uploads\/2018\/04\/hippo-ranta-v2-768x512.jpg 768w, https:\/\/www.iosonocirneco.com\/fi\/wp-content\/uploads\/2018\/04\/hippo-ranta-v2.jpg 2048w\" sizes=\"auto, (max-width: 1024px) 100vw, 1024px\" \/><\/figure><\/div>\n\n\n\n<p class=\"has-text-align-center\"><strong>Tulokset: <\/strong>Kansainv\u00e4linen muotovalio, usean maan muotovalio, maastojuoksusta 2 SERT, 2 VCACIL<\/p>\n\n\n\n<p class=\"has-text-align-center\"><strong>Terveys:<\/strong> polvet 0\/0 (2018, 2020), silmiss\u00e4 lasiaisenrappeuma ep\u00e4ilytt\u00e4v\u00e4 (2018), silmiss\u00e4 lasiaisenrappeuma (2020), fysiologinen sivu\u00e4\u00e4ni (syd\u00e4n tutkittu ultralla terveksi), lonkat A\/A (2020), kyyn\u00e4r\u00e4t 0\/0 (2020), selk\u00e4 terve VA0 SP0 LTV0 (2020), hammaskiilteen vajaapuutos N\/N (terve), Primary closed angle glaucoma N\/N (terve), Progressive retinal atrophy (PRA-IG1) AA bb CC DD Ee<\/p>\n\n\n\n<p class=\"has-text-align-center\"><strong>Pentueet: <\/strong>Northgate\u2019s V-pentue (2019), Tuulentavoittelijan V-pentue (2020)<\/p>\n\n\n\n<p class=\"has-text-align-center\"><strong><a href=\"https:\/\/jalostus.kennelliitto.fi\/frmKoira.aspx?RekNo=FI31528%2F16&amp;R=200\" target=\"_blank\" rel=\"noreferrer noopener\">Hippo KoiraNetiss\u00e4<\/a><\/strong> | <strong><a href=\"https:\/\/italiangreyhound.breedarchive.com\/animal\/view\/iosono-valentino-44f7be6c-b169-4997-b9e0-4bedbe89c92f\" target=\"_blank\" rel=\"noreferrer noopener\">Hippo Italian Greyhound Breed Archivessa<\/a><\/strong><\/p>\n\n\n\n<hr class=\"wp-block-separator\"\/>\n\n\n\n<h3 class=\"has-text-align-center wp-block-heading\">Iosono Versace  \u2640<\/h3>\n\n\n\n<p class=\"has-text-align-center\"><strong>&#8221;Pablo&#8221;<\/strong><\/p>\n\n\n\n<div class=\"wp-block-image is-style-default\"><figure class=\"aligncenter size-large\"><img loading=\"lazy\" decoding=\"async\" width=\"1024\" height=\"683\" src=\"https:\/\/www.iosonocirneco.com\/fi\/wp-content\/uploads\/2019\/06\/pablo23kk-2048.jpg-1024x683.jpg\" alt=\"\" class=\"wp-image-3004\" srcset=\"https:\/\/www.iosonocirneco.com\/fi\/wp-content\/uploads\/2019\/06\/pablo23kk-2048.jpg-1024x683.jpg 1024w, https:\/\/www.iosonocirneco.com\/fi\/wp-content\/uploads\/2019\/06\/pablo23kk-2048.jpg-300x200.jpg 300w, https:\/\/www.iosonocirneco.com\/fi\/wp-content\/uploads\/2019\/06\/pablo23kk-2048.jpg-768x512.jpg 768w, https:\/\/www.iosonocirneco.com\/fi\/wp-content\/uploads\/2019\/06\/pablo23kk-2048.jpg.jpg 2048w\" sizes=\"auto, (max-width: 1024px) 100vw, 1024px\" \/><\/figure><\/div>\n\n\n\n<p class=\"has-text-align-center\"><strong><a href=\"https:\/\/jalostus.kennelliitto.fi\/frmKoira.aspx?RekNo=FI31529%2F16&amp;R=200\" target=\"_blank\" rel=\"noreferrer noopener\">Pablo KoiraNetiss\u00e4<\/a><\/strong> | <strong><a href=\"https:\/\/italiangreyhound.breedarchive.com\/animal\/view\/iosono-versace-25dfbec0-9ce7-4064-a339-aa327536551d\" target=\"_blank\" rel=\"noreferrer noopener\">Pablo Italian Greyhound Breed Archivessa<\/a><\/strong><\/p>\n\n\n\n<hr class=\"wp-block-separator\"\/>\n\n\n\n<h3 class=\"has-text-align-center wp-block-heading\">Iosono Ventura \u2640<\/h3>\n\n\n\n<p class=\"has-text-align-center\"><strong>&#8221;Nelma&#8221;<\/strong><\/p>\n\n\n\n<div class=\"wp-block-image is-style-default\"><figure class=\"aligncenter size-large\"><img loading=\"lazy\" decoding=\"async\" width=\"1024\" height=\"683\" src=\"https:\/\/www.iosonocirneco.com\/fi\/wp-content\/uploads\/2021\/02\/nelmapn2-1024x683.jpg\" alt=\"\" class=\"wp-image-3363\" srcset=\"https:\/\/www.iosonocirneco.com\/fi\/wp-content\/uploads\/2021\/02\/nelmapn2-1024x683.jpg 1024w, https:\/\/www.iosonocirneco.com\/fi\/wp-content\/uploads\/2021\/02\/nelmapn2-300x200.jpg 300w, https:\/\/www.iosonocirneco.com\/fi\/wp-content\/uploads\/2021\/02\/nelmapn2-768x512.jpg 768w, https:\/\/www.iosonocirneco.com\/fi\/wp-content\/uploads\/2021\/02\/nelmapn2.jpg 2048w\" sizes=\"auto, (max-width: 1024px) 100vw, 1024px\" \/><\/figure><\/div>\n\n\n\n<p class=\"has-text-align-center\"><strong>Tulokset:<\/strong> 1 SERT, 2 VASERT, parhaat saavutukset mm. PN2 italianvinttikoirien Club Showssa, PN2 vinttikoirien erikoisn\u00e4yttelyss\u00e4<\/p>\n\n\n\n<p class=\"has-text-align-center\"><strong>Terveys: <\/strong>kaikki hampaat, silm\u00e4t terveet (2020), polvet 0\/0 (2020), MyDogDNA-passi, hammaskiilteen vajaapuutos N\/N (terve)<\/p>\n\n\n\n<p class=\"has-text-align-center\"><strong>Pentueet: <\/strong>Iosono H-pentue (2021)<\/p>\n\n\n\n<p class=\"has-text-align-center\"><strong><a href=\"https:\/\/jalostus.kennelliitto.fi\/frmKoira.aspx?RekNo=FI31533%2F16&amp;R=200\" target=\"_blank\" rel=\"noreferrer noopener\">Nelma KoiraNetiss\u00e4<\/a><\/strong> |<strong><strong> <a href=\"https:\/\/italiangreyhound.breedarchive.com\/animal\/view\/iosono-ventura-0a82a749-806d-4151-b171-addb7cc63661\" target=\"_blank\" rel=\"noreferrer noopener\">Nelma Italian Greyhound Breed Archivessa<\/a><\/strong><\/strong> |<strong><strong> <a href=\"https:\/\/www.iosonocirneco.com\/fi\/italianvinttikoira\/italiaanomme\/iosono-ventura\/\" data-type=\"page\" data-id=\"3362\">Nelman oma sivu<\/a><\/strong><\/strong><\/p>\n\n\n\n<hr class=\"wp-block-separator\"\/>\n\n\n\n<h3 class=\"has-text-align-center wp-block-heading\">Iosono Venus \u2640<\/h3>\n\n\n\n<p class=\"has-text-align-center\"><strong>&#8221;Madde&#8221;<\/strong><\/p>\n\n\n\n<div class=\"wp-block-image is-style-default\"><figure class=\"aligncenter size-large\"><img loading=\"lazy\" decoding=\"async\" width=\"1024\" height=\"683\" src=\"https:\/\/www.iosonocirneco.com\/fi\/wp-content\/uploads\/2016\/12\/madde7kk-1024x683.jpg\" alt=\"\" class=\"wp-image-2128\" srcset=\"https:\/\/www.iosonocirneco.com\/fi\/wp-content\/uploads\/2016\/12\/madde7kk-1024x683.jpg 1024w, https:\/\/www.iosonocirneco.com\/fi\/wp-content\/uploads\/2016\/12\/madde7kk-300x200.jpg 300w, https:\/\/www.iosonocirneco.com\/fi\/wp-content\/uploads\/2016\/12\/madde7kk-768x512.jpg 768w, https:\/\/www.iosonocirneco.com\/fi\/wp-content\/uploads\/2016\/12\/madde7kk.jpg 2048w\" sizes=\"auto, (max-width: 1024px) 100vw, 1024px\" \/><\/figure><\/div>\n\n\n\n<p class=\"has-text-align-center\"><strong>Terveys: <\/strong>epilepsia, MyDogDNA-passi, hammaskiilteen vajaapuutos N\/N (terve)<\/p>\n\n\n\n<p class=\"has-text-align-center\"><strong><a href=\"https:\/\/jalostus.kennelliitto.fi\/frmKoira.aspx?RekNo=FI31532%2F16&amp;R=200\" target=\"_blank\" rel=\"noreferrer noopener\">Madde KoiraNetiss\u00e4<\/a><\/strong> | <strong><a href=\"https:\/\/italiangreyhound.breedarchive.com\/animal\/view\/iosono-venus-d7ab6aa3-3b7f-4aaa-9582-bfd1461527a1\" target=\"_blank\" rel=\"noreferrer noopener\">Madde Italian Greyhound Breed Archivessa<\/a><\/strong><\/p>\n\n\n\n<hr class=\"wp-block-separator\"\/>\n\n\n\n<h3 class=\"has-text-align-center wp-block-heading\">Iosono Vintage \u2640<\/h3>\n\n\n\n<p class=\"has-text-align-center\"><strong>&#8221;Hippu&#8221;<\/strong><\/p>\n\n\n\n<div class=\"wp-block-image is-style-default\"><figure class=\"aligncenter size-large\"><img loading=\"lazy\" decoding=\"async\" width=\"1024\" height=\"768\" src=\"https:\/\/www.iosonocirneco.com\/fi\/wp-content\/uploads\/2021\/05\/iosono-vintage.jpg\" alt=\"\" class=\"wp-image-12993\" srcset=\"https:\/\/www.iosonocirneco.com\/fi\/wp-content\/uploads\/2021\/05\/iosono-vintage.jpg 1024w, https:\/\/www.iosonocirneco.com\/fi\/wp-content\/uploads\/2021\/05\/iosono-vintage-300x225.jpg 300w, https:\/\/www.iosonocirneco.com\/fi\/wp-content\/uploads\/2021\/05\/iosono-vintage-768x576.jpg 768w\" sizes=\"auto, (max-width: 1024px) 100vw, 1024px\" \/><\/figure><\/div>\n\n\n\n<p class=\"has-text-align-center\"><strong>Terveys: <\/strong>murtunut eturaaja<\/p>\n\n\n\n<p class=\"has-text-align-center\"><strong><a href=\"https:\/\/jalostus.kennelliitto.fi\/frmKoira.aspx?RekNo=FI31530%2F16&amp;R=200\" target=\"_blank\" rel=\"noreferrer noopener\">Hippu KoiraNetiss\u00e4<\/a><\/strong> | <strong><strong><strong><a href=\"https:\/\/italiangreyhound.breedarchive.com\/animal\/view\/iosono-vintage-64f0a1f6-9660-4763-a428-cda4fbeb557b\" target=\"_blank\" rel=\"noreferrer noopener\">Hippu talian Greyhound Breed Archivessa<\/a><\/strong><\/strong><\/strong><\/p>\n\n\n\n<hr class=\"wp-block-separator\"\/>\n\n\n\n<h3 class=\"has-text-align-center wp-block-heading\">Iosono Vogue \u2640<\/h3>\n\n\n\n<p class=\"has-text-align-center\"><strong>&#8221;Alma&#8221;<\/strong><\/p>\n\n\n\n<div class=\"wp-block-image is-style-default\"><figure class=\"aligncenter size-large\"><img loading=\"lazy\" decoding=\"async\" width=\"1024\" height=\"683\" src=\"https:\/\/www.iosonocirneco.com\/fi\/wp-content\/uploads\/2019\/06\/alma23kk-1024x683.jpg\" alt=\"\" class=\"wp-image-3007\" srcset=\"https:\/\/www.iosonocirneco.com\/fi\/wp-content\/uploads\/2019\/06\/alma23kk-1024x683.jpg 1024w, https:\/\/www.iosonocirneco.com\/fi\/wp-content\/uploads\/2019\/06\/alma23kk-300x200.jpg 300w, https:\/\/www.iosonocirneco.com\/fi\/wp-content\/uploads\/2019\/06\/alma23kk-768x512.jpg 768w, https:\/\/www.iosonocirneco.com\/fi\/wp-content\/uploads\/2019\/06\/alma23kk.jpg 2048w\" sizes=\"auto, (max-width: 1024px) 100vw, 1024px\" \/><\/figure><\/div>\n\n\n\n<p class=\"has-text-align-center\"><strong>Terveys: <\/strong>murtunut eturaaja, MyDogDNA-passi, hammaskiilteen vajaapuutos N\/N (terve)<\/p>\n\n\n\n<p class=\"has-text-align-center\"><strong><a rel=\"noreferrer noopener\" href=\"https:\/\/jalostus.kennelliitto.fi\/frmKoira.aspx?RekNo=FI31531%2F16&amp;R=200\" target=\"_blank\">Alma KoiraNetiss\u00e4<\/a><\/strong> | <strong><strong><strong><a rel=\"noreferrer noopener\" href=\"https:\/\/italiangreyhound.breedarchive.com\/animal\/view\/iosono-vogue-40b290cc-ef68-4a39-9b5f-d3a2243ac8d8\" target=\"_blank\">Alma Italian Greyhound Breed Archivessa<\/a><\/strong><\/strong><\/strong><\/p>\n\n\n\n<p><\/p>\n","protected":false},"excerpt":{"rendered":"<p>Iosono V-pentue s. 12.4.2016 2 urosta ja 4 narttua Vanhemmat is\u00e4: Victor All\u2019Italica C.I.B. PL MVA PL JMVA CEEU W 2007, CEEU JW 2006, PL W 2010, PL W 2009, PL W 2008, PL W 2007, PL JW, GP SKW 2008em\u00e4: Iosono Thaleia SBOS V-pentueen pennut Iosono Valentino \u2642 &#8221;Hippo&#8221; C.I.B. C.I.B.P. FI MVA SE&#8230;<\/p>\n","protected":false},"author":1,"featured_media":0,"parent":195,"menu_order":0,"comment_status":"closed","ping_status":"closed","template":"","meta":{"_kad_post_transparent":"","_kad_post_title":"","_kad_post_layout":"","_kad_post_sidebar_id":"","_kad_post_content_style":"","_kad_post_vertical_padding":"","_kad_post_feature":"","_kad_post_feature_position":"","_kad_post_header":false,"_kad_post_footer":false,"_kad_post_classname":"","footnotes":""},"class_list":["post-3003","page","type-page","status-publish","hentry"],"_links":{"self":[{"href":"https:\/\/www.iosonocirneco.com\/fi\/wp-json\/wp\/v2\/pages\/3003","targetHints":{"allow":["GET"]}}],"collection":[{"href":"https:\/\/www.iosonocirneco.com\/fi\/wp-json\/wp\/v2\/pages"}],"about":[{"href":"https:\/\/www.iosonocirneco.com\/fi\/wp-json\/wp\/v2\/types\/page"}],"author":[{"embeddable":true,"href":"https:\/\/www.iosonocirneco.com\/fi\/wp-json\/wp\/v2\/users\/1"}],"replies":[{"embeddable":true,"href":"https:\/\/www.iosonocirneco.com\/fi\/wp-json\/wp\/v2\/comments?post=3003"}],"version-history":[{"count":10,"href":"https:\/\/www.iosonocirneco.com\/fi\/wp-json\/wp\/v2\/pages\/3003\/revisions"}],"predecessor-version":[{"id":13330,"href":"https:\/\/www.iosonocirneco.com\/fi\/wp-json\/wp\/v2\/pages\/3003\/revisions\/13330"}],"up":[{"embeddable":true,"href":"https:\/\/www.iosonocirneco.com\/fi\/wp-json\/wp\/v2\/pages\/195"}],"wp:attachment":[{"href":"https:\/\/www.iosonocirneco.com\/fi\/wp-json\/wp\/v2\/media?parent=3003"}],"curies":[{"name":"wp","href":"https:\/\/api.w.org\/{rel}","templated":true}]}}