{"id":2989,"date":"2019-06-26T11:33:20","date_gmt":"2019-06-26T08:33:20","guid":{"rendered":"https:\/\/www.iosonocirneco.com\/fi\/?page_id=2989"},"modified":"2021-05-27T16:13:57","modified_gmt":"2021-05-27T13:13:57","slug":"j-pentue","status":"publish","type":"page","link":"https:\/\/www.iosonocirneco.com\/fi\/italianvinttikoira\/italiaanopentueet\/j-pentue\/","title":{"rendered":"J-pentue"},"content":{"rendered":"\n<h3 class=\"has-text-align-center wp-block-heading\">Iosono J-pentue<\/h3>\n\n\n\n<p class=\"has-text-align-center\"><strong>s. 21.04.2019, 4 urosta ja 1 narttu<\/strong><\/p>\n\n\n\n<figure class=\"wp-block-image size-large is-style-default\"><a href=\"https:\/\/www.iosonocirneco.com\/fi\/wp-content\/uploads\/2021\/05\/j-pentuekuva.jpg\"><img loading=\"lazy\" decoding=\"async\" width=\"1024\" height=\"536\" src=\"https:\/\/www.iosonocirneco.com\/fi\/wp-content\/uploads\/2021\/05\/j-pentuekuva-1024x536.jpg\" alt=\"\" class=\"wp-image-12978\" srcset=\"https:\/\/www.iosonocirneco.com\/fi\/wp-content\/uploads\/2021\/05\/j-pentuekuva-1024x536.jpg 1024w, https:\/\/www.iosonocirneco.com\/fi\/wp-content\/uploads\/2021\/05\/j-pentuekuva-300x157.jpg 300w, https:\/\/www.iosonocirneco.com\/fi\/wp-content\/uploads\/2021\/05\/j-pentuekuva-768x402.jpg 768w, https:\/\/www.iosonocirneco.com\/fi\/wp-content\/uploads\/2021\/05\/j-pentuekuva.jpg 1500w\" sizes=\"auto, (max-width: 1024px) 100vw, 1024px\" \/><\/a><\/figure>\n\n\n\n<h4 class=\"has-text-align-center wp-block-heading\">Vanhemmat<\/h4>\n\n\n\n<p class=\"has-text-align-center\">is\u00e4: <strong>Necku Wow Factor<\/strong><br>em\u00e4: <strong>Iosono Tiffany<\/strong><\/p>\n\n\n\n<figure class=\"wp-block-gallery columns-2 is-cropped wp-block-gallery-1 is-layout-flex wp-block-gallery-is-layout-flex\"><ul class=\"blocks-gallery-grid\"><li class=\"blocks-gallery-item\"><figure><a href=\"https:\/\/www.iosonocirneco.com\/fi\/wp-content\/uploads\/2019\/02\/niilovalokuvaus.jpg\"><img loading=\"lazy\" decoding=\"async\" width=\"1024\" height=\"690\" src=\"https:\/\/www.iosonocirneco.com\/fi\/wp-content\/uploads\/2019\/02\/niilovalokuvaus-1024x690.jpg\" alt=\"\" data-id=\"2862\" data-full-url=\"https:\/\/www.iosonocirneco.com\/fi\/wp-content\/uploads\/2019\/02\/niilovalokuvaus.jpg\" data-link=\"https:\/\/www.iosonocirneco.com\/fi\/2019\/02\/italianvinttikoiranpentuja-odotettavissa-huhtikuussa\/niilovalokuvaus\/\" class=\"wp-image-2862\" srcset=\"https:\/\/www.iosonocirneco.com\/fi\/wp-content\/uploads\/2019\/02\/niilovalokuvaus-1024x690.jpg 1024w, https:\/\/www.iosonocirneco.com\/fi\/wp-content\/uploads\/2019\/02\/niilovalokuvaus-300x202.jpg 300w, https:\/\/www.iosonocirneco.com\/fi\/wp-content\/uploads\/2019\/02\/niilovalokuvaus-768x517.jpg 768w, https:\/\/www.iosonocirneco.com\/fi\/wp-content\/uploads\/2019\/02\/niilovalokuvaus.jpg 2048w\" sizes=\"auto, (max-width: 1024px) 100vw, 1024px\" \/><\/a><\/figure><\/li><li class=\"blocks-gallery-item\"><figure><a href=\"https:\/\/www.iosonocirneco.com\/fi\/wp-content\/uploads\/2019\/02\/fiinaseisoo.jpg\"><img loading=\"lazy\" decoding=\"async\" width=\"1024\" height=\"683\" src=\"https:\/\/www.iosonocirneco.com\/fi\/wp-content\/uploads\/2019\/02\/fiinaseisoo-1024x683.jpg\" alt=\"\" data-id=\"2864\" data-full-url=\"https:\/\/www.iosonocirneco.com\/fi\/wp-content\/uploads\/2019\/02\/fiinaseisoo.jpg\" data-link=\"https:\/\/www.iosonocirneco.com\/fi\/2019\/02\/italianvinttikoiranpentuja-odotettavissa-huhtikuussa\/fiinaseisoo\/\" class=\"wp-image-2864\" srcset=\"https:\/\/www.iosonocirneco.com\/fi\/wp-content\/uploads\/2019\/02\/fiinaseisoo-1024x683.jpg 1024w, https:\/\/www.iosonocirneco.com\/fi\/wp-content\/uploads\/2019\/02\/fiinaseisoo-300x200.jpg 300w, https:\/\/www.iosonocirneco.com\/fi\/wp-content\/uploads\/2019\/02\/fiinaseisoo-768x512.jpg 768w, https:\/\/www.iosonocirneco.com\/fi\/wp-content\/uploads\/2019\/02\/fiinaseisoo.jpg 2048w\" sizes=\"auto, (max-width: 1024px) 100vw, 1024px\" \/><\/a><\/figure><\/li><\/ul><\/figure>\n\n\n\n<h4 class=\"has-text-align-center wp-block-heading\">J-pentueen pennut<\/h4>\n\n\n\n<p><\/p>\n\n\n\n<h3 class=\"has-text-align-center wp-block-heading\">Iosono Jackpot \u2642<\/h3>\n\n\n\n<p class=\"has-text-align-center\"><strong>&#8221;Neo&#8221;<\/strong><\/p>\n\n\n\n<div class=\"wp-block-image is-style-default\"><figure class=\"aligncenter size-large\"><img loading=\"lazy\" decoding=\"async\" width=\"1000\" height=\"667\" src=\"https:\/\/www.iosonocirneco.com\/fi\/wp-content\/uploads\/2021\/05\/iosono-jackpot.jpg\" alt=\"\" class=\"wp-image-13018\" srcset=\"https:\/\/www.iosonocirneco.com\/fi\/wp-content\/uploads\/2021\/05\/iosono-jackpot.jpg 1000w, https:\/\/www.iosonocirneco.com\/fi\/wp-content\/uploads\/2021\/05\/iosono-jackpot-300x200.jpg 300w, https:\/\/www.iosonocirneco.com\/fi\/wp-content\/uploads\/2021\/05\/iosono-jackpot-768x512.jpg 768w\" sizes=\"auto, (max-width: 1000px) 100vw, 1000px\" \/><figcaption>Kuva: Riina Lummekari<\/figcaption><\/figure><\/div>\n\n\n\n<p class=\"has-text-align-center\"><strong>Terveys: <\/strong>kivespuutos (kastroitu), katkennut eturaaja<\/p>\n\n\n\n<p class=\"has-text-align-center\"><strong><a href=\"https:\/\/jalostus.kennelliitto.fi\/frmKoira.aspx?RekNo=FI30289%2F19&amp;R=200\" target=\"_blank\" rel=\"noreferrer noopener\">Neo KoiraNetiss\u00e4<\/a><\/strong> | <strong><a href=\"https:\/\/italiangreyhound.breedarchive.com\/animal\/view\/iosono-jackpot-60430154-f145-4798-acf3-8301749ed1c5\">Neo Italian Greyhound Breed Archivessa<\/a><\/strong><\/p>\n\n\n\n<hr class=\"wp-block-separator\"\/>\n\n\n\n<h3 class=\"has-text-align-center wp-block-heading\">Iosono Jaguar \u2642<\/h3>\n\n\n\n<p class=\"has-text-align-center\"><strong>&#8221;Winston&#8221;<\/strong><\/p>\n\n\n\n<div class=\"wp-block-image is-style-default\"><figure class=\"aligncenter size-large\"><img loading=\"lazy\" decoding=\"async\" width=\"1000\" height=\"667\" src=\"https:\/\/www.iosonocirneco.com\/fi\/wp-content\/uploads\/2021\/05\/iosono-jaguar-1000x667.jpg\" alt=\"\" class=\"wp-image-13019\" srcset=\"https:\/\/www.iosonocirneco.com\/fi\/wp-content\/uploads\/2021\/05\/iosono-jaguar.jpg 1000w, https:\/\/www.iosonocirneco.com\/fi\/wp-content\/uploads\/2021\/05\/iosono-jaguar-768x512.jpg 768w\" sizes=\"auto, (max-width: 1000px) 100vw, 1000px\" \/><figcaption>kuva: Riina Lummekari<\/figcaption><\/figure><\/div>\n\n\n\n<p class=\"has-text-align-center\"><strong>Terveys: <\/strong>eturaaja katkennut, lopetettu 1 vuoden i\u00e4ss\u00e4 eturaajan katkettua uudestaan<\/p>\n\n\n\n<p class=\"has-text-align-center\"><strong><a rel=\"noreferrer noopener\" href=\"https:\/\/jalostus.kennelliitto.fi\/frmKoira.aspx?RekNo=FI30286%2F19&amp;R=200\" target=\"_blank\">Winston KoiraNetiss\u00e4<\/a><\/strong> | <strong><a href=\"https:\/\/italiangreyhound.breedarchive.com\/animal\/view\/iosono-jaguar-563b3be7-755f-443f-8d3e-0b519cb1b3ed\" target=\"_blank\" rel=\"noreferrer noopener\">Winston Italian Greyhound Breed Archivessa<\/a><\/strong><\/p>\n\n\n\n<hr class=\"wp-block-separator\"\/>\n\n\n\n<h3 class=\"has-text-align-center wp-block-heading\">Iosono Jetset \u2642<\/h3>\n\n\n\n<p class=\"has-text-align-center\"><strong>&#8221;Milo&#8221;<\/strong><\/p>\n\n\n\n<div class=\"wp-block-image is-style-default\"><figure class=\"aligncenter size-large\"><img loading=\"lazy\" decoding=\"async\" width=\"683\" height=\"1024\" src=\"https:\/\/www.iosonocirneco.com\/fi\/wp-content\/uploads\/2021\/05\/milo-it-683x1024.jpg\" alt=\"\" class=\"wp-image-13023\" srcset=\"https:\/\/www.iosonocirneco.com\/fi\/wp-content\/uploads\/2021\/05\/milo-it-683x1024.jpg 683w, https:\/\/www.iosonocirneco.com\/fi\/wp-content\/uploads\/2021\/05\/milo-it-200x300.jpg 200w, https:\/\/www.iosonocirneco.com\/fi\/wp-content\/uploads\/2021\/05\/milo-it-768x1152.jpg 768w, https:\/\/www.iosonocirneco.com\/fi\/wp-content\/uploads\/2021\/05\/milo-it-1024x1536.jpg 1024w, https:\/\/www.iosonocirneco.com\/fi\/wp-content\/uploads\/2021\/05\/milo-it.jpg 1365w\" sizes=\"auto, (max-width: 683px) 100vw, 683px\" \/><figcaption>\u00a9 Ida Lehtonen &amp; Jonna M\u00e4kinen<\/figcaption><\/figure><\/div>\n\n\n\n<p class=\"has-text-align-center\"><strong>Tulokset: <\/strong>Club Shown BIS1-pentu 2019, n\u00e4yttelyst\u00e4 ERI<\/p>\n\n\n\n<p class=\"has-text-align-center\"><strong><a href=\"https:\/\/jalostus.kennelliitto.fi\/frmKoira.aspx?RekNo=FI30288%2F19&amp;R=200\" target=\"_blank\" rel=\"noreferrer noopener\">Milo KoiraNetiss\u00e4<\/a><\/strong> |<strong><strong> <a href=\"https:\/\/italiangreyhound.breedarchive.com\/animal\/view\/iosono-jetset-bee4d328-767e-49c7-8936-6b812c9fb7d8\" target=\"_blank\" rel=\"noreferrer noopener\">Milo Italian Greyhound Breed Archivessa<\/a><\/strong><\/strong><\/p>\n\n\n\n<hr class=\"wp-block-separator\"\/>\n\n\n\n<h3 class=\"has-text-align-center wp-block-heading\">Iosono Jupiter \u2642<\/h3>\n\n\n\n<p class=\"has-text-align-center\"><strong>&#8221;Osku&#8221;<\/strong><\/p>\n\n\n\n<div class=\"wp-block-image is-style-default\"><figure class=\"aligncenter size-full\"><img loading=\"lazy\" decoding=\"async\" width=\"2432\" height=\"3000\" src=\"https:\/\/www.iosonocirneco.com\/fi\/wp-content\/uploads\/2019\/06\/mauno5vk.jpg\" alt=\"\" class=\"wp-image-2950\" srcset=\"https:\/\/www.iosonocirneco.com\/fi\/wp-content\/uploads\/2019\/06\/mauno5vk.jpg 2432w, https:\/\/www.iosonocirneco.com\/fi\/wp-content\/uploads\/2019\/06\/mauno5vk-243x300.jpg 243w, https:\/\/www.iosonocirneco.com\/fi\/wp-content\/uploads\/2019\/06\/mauno5vk-768x947.jpg 768w, https:\/\/www.iosonocirneco.com\/fi\/wp-content\/uploads\/2019\/06\/mauno5vk-830x1024.jpg 830w\" sizes=\"auto, (max-width: 2432px) 100vw, 2432px\" \/><\/figure><\/div>\n\n\n\n<p class=\"has-text-align-center\"><strong><a href=\"https:\/\/jalostus.kennelliitto.fi\/frmKoira.aspx?RekNo=FI30287%2F19&amp;R=200\" target=\"_blank\" rel=\"noreferrer noopener\">Osku KoiraNetiss\u00e4<\/a><\/strong> | <strong><strong><strong><a href=\"https:\/\/italiangreyhound.breedarchive.com\/animal\/view\/iosono-jetset-bee4d328-767e-49c7-8936-6b812c9fb7d8\" target=\"_blank\" rel=\"noreferrer noopener\">Osku Italian Greyhound Breed Archivessa<\/a><\/strong><\/strong><\/strong><\/p>\n\n\n\n<hr class=\"wp-block-separator\"\/>\n\n\n\n<h3 class=\"has-text-align-center wp-block-heading\">Iosono Jubilee \u2640<\/h3>\n\n\n\n<p class=\"has-text-align-center\"><strong>&#8221;Sensa&#8221;<\/strong><\/p>\n\n\n\n<figure class=\"wp-block-image size-large is-style-default\"><a href=\"https:\/\/www.iosonocirneco.com\/fi\/wp-content\/uploads\/2021\/02\/676A1164.jpg\"><img loading=\"lazy\" decoding=\"async\" width=\"1000\" height=\"667\" src=\"https:\/\/www.iosonocirneco.com\/fi\/wp-content\/uploads\/2021\/02\/676A1164.jpg\" alt=\"\" class=\"wp-image-3481\" srcset=\"https:\/\/www.iosonocirneco.com\/fi\/wp-content\/uploads\/2021\/02\/676A1164.jpg 1000w, https:\/\/www.iosonocirneco.com\/fi\/wp-content\/uploads\/2021\/02\/676A1164-300x200.jpg 300w, https:\/\/www.iosonocirneco.com\/fi\/wp-content\/uploads\/2021\/02\/676A1164-768x512.jpg 768w\" sizes=\"auto, (max-width: 1000px) 100vw, 1000px\" \/><\/a><figcaption>Kuva: Riina Lummekari<\/figcaption><\/figure>\n\n\n\n<p class=\"has-text-align-center\"><strong>Terveys:<\/strong> syd\u00e4n ultrattu terveeksi (fysiologinen sivu\u00e4\u00e4ni)<\/p>\n\n\n\n<p class=\"has-text-align-center\"><strong><a href=\"https:\/\/jalostus.kennelliitto.fi\/frmKoira.aspx?RekNo=FI30290\/19&amp;R=200\" target=\"_blank\" rel=\"noreferrer noopener\">Sensa KoiraNetiss\u00e4<\/a><\/strong> |<strong><strong> <a href=\"https:\/\/italiangreyhound.breedarchive.com\/animal\/view\/iosono-jubilee-2b363b8e-9527-4663-80c0-a8ea8f0145e3\" target=\"_blank\" rel=\"noreferrer noopener\">Sensa Italian Greyhound Breed Archivessa<\/a><\/strong><\/strong> |<strong><strong> <a href=\"https:\/\/www.iosonocirneco.com\/fi\/italianvinttikoira\/italiaanomme\/iosono-jubilee\/\" data-type=\"page\" data-id=\"3356\">Sensan oma sivu<\/a><\/strong><\/strong><\/p>\n","protected":false},"excerpt":{"rendered":"<p>Iosono J-pentue s. 21.04.2019, 4 urosta ja 1 narttu Vanhemmat is\u00e4: Necku Wow Factorem\u00e4: Iosono Tiffany J-pentueen pennut Iosono Jackpot \u2642 &#8221;Neo&#8221; Terveys: kivespuutos (kastroitu), katkennut eturaaja Neo KoiraNetiss\u00e4 | Neo Italian Greyhound Breed Archivessa Iosono Jaguar \u2642 &#8221;Winston&#8221; Terveys: eturaaja katkennut, lopetettu 1 vuoden i\u00e4ss\u00e4 eturaajan katkettua uudestaan Winston KoiraNetiss\u00e4 | Winston Italian Greyhound&#8230;<\/p>\n","protected":false},"author":1,"featured_media":0,"parent":195,"menu_order":0,"comment_status":"closed","ping_status":"closed","template":"","meta":{"_kad_post_transparent":"","_kad_post_title":"","_kad_post_layout":"","_kad_post_sidebar_id":"","_kad_post_content_style":"","_kad_post_vertical_padding":"","_kad_post_feature":"","_kad_post_feature_position":"","_kad_post_header":false,"_kad_post_footer":false,"_kad_post_classname":"","footnotes":""},"class_list":["post-2989","page","type-page","status-publish","hentry"],"_links":{"self":[{"href":"https:\/\/www.iosonocirneco.com\/fi\/wp-json\/wp\/v2\/pages\/2989","targetHints":{"allow":["GET"]}}],"collection":[{"href":"https:\/\/www.iosonocirneco.com\/fi\/wp-json\/wp\/v2\/pages"}],"about":[{"href":"https:\/\/www.iosonocirneco.com\/fi\/wp-json\/wp\/v2\/types\/page"}],"author":[{"embeddable":true,"href":"https:\/\/www.iosonocirneco.com\/fi\/wp-json\/wp\/v2\/users\/1"}],"replies":[{"embeddable":true,"href":"https:\/\/www.iosonocirneco.com\/fi\/wp-json\/wp\/v2\/comments?post=2989"}],"version-history":[{"count":8,"href":"https:\/\/www.iosonocirneco.com\/fi\/wp-json\/wp\/v2\/pages\/2989\/revisions"}],"predecessor-version":[{"id":13027,"href":"https:\/\/www.iosonocirneco.com\/fi\/wp-json\/wp\/v2\/pages\/2989\/revisions\/13027"}],"up":[{"embeddable":true,"href":"https:\/\/www.iosonocirneco.com\/fi\/wp-json\/wp\/v2\/pages\/195"}],"wp:attachment":[{"href":"https:\/\/www.iosonocirneco.com\/fi\/wp-json\/wp\/v2\/media?parent=2989"}],"curies":[{"name":"wp","href":"https:\/\/api.w.org\/{rel}","templated":true}]}}