{"id":1985,"date":"2016-10-17T09:59:10","date_gmt":"2016-10-17T06:59:10","guid":{"rendered":"http:\/\/www.iosonocirneco.com\/fi\/?page_id=1985"},"modified":"2024-05-15T17:26:08","modified_gmt":"2024-05-15T14:26:08","slug":"terveystulokset","status":"publish","type":"page","link":"https:\/\/www.iosonocirneco.com\/fi\/cirneco-dell-etna\/terveystulokset\/","title":{"rendered":"Terveystulokset"},"content":{"rendered":"\n<h2 class=\"wp-block-heading\">Terveystulokset, Iosono etnankoirat<\/h2>\n\n\n\n<p>Jalostukseen k\u00e4ytt\u00e4m\u00e4mme nartut ovat terveystutkittuja v\u00e4hint\u00e4\u00e4n silmien ja polvien osalta sek\u00e4 niill\u00e4 on MyDogDNA-passi. My\u00f6s moni ns. kotikoirana oleva kasvattimme on terveystarkastettu, mist\u00e4 olemme eritt\u00e4in iloisia, sill\u00e4 niiden tutkiminen edesauttaa saamaan kokonaiskuvaa koko rodun terveystilanteesta. Terveys ja erityisesti jalostuskoirien hyv\u00e4 ja tasapainoinen luonne ovat perusta kasvatusty\u00f6ss\u00e4mme.<\/p>\n\n\n\n<h2 class=\"wp-block-heading\">Polvitarkastetut etnankoirat<\/h2>\n\n\n\n<p><strong>Kasvattimme <\/strong><br>0\/0 Iosono Michelangelo<br>0\/0 Iosono Mea della Mea<br>0\/0 Iosono Ifigeneia<br>0\/0 Iosono Incredibile<br>0\/0 Iosono Isidora<br>0\/0 Iosono Isis<br>0\/0 Iosono Romulus<br>0\/0 Iosono Remus (Ruotsi)<br>0\/0 Iosono Qualitativo<br>0\/0 Iosono Quintessenza<br>0\/0 Iosono Deja Vu<br>0\/0 Iosono Di Moda<br>0\/0 Iosono Diamante<br>0\/0 Iosono Divina<br>0\/0 Iosono Siciliano<br>0\/0 Iosono Serafina<br>0\/0 Iosono Signorina<br>1\/0 Iosono Superiore<br>0\/0 Iosono Galileo Galilei (Norja)<br>0\/0 Iosono Ganimede<br>0\/0 Iosono Generoso e Grandioso<br>0\/0 Iosono Geppetto<br>0\/0 Iosono Galassia (Ruotsi)<br>0\/0 Iosono Pinocchio<br>0\/0 Iosono Penelopeia<br>0\/0 Iosono Poesia<br>0\/0 Iosono Cherubino<br>0\/0 Iosono Ciccio<br>0\/0 Iosono Classico<br>0\/0 Iosono Calathea<br>0\/0 Iosono Celeste<br>0\/op Iosono Champagne<br>0\/0 Iosono Universo<br>0\/0 Iosono Uno di Noi<br>0\/0 Iosono Una Meraviglia<br>0\/0 Iosono Hadriana<br>0\/0 Iosono Haute Couture<br>0\/0 Iosono Helios<br>0\/0 Iosono Naxos<br>0\/0 Iosono Nefertiti<br>0\/0 Iosono Nirvana<br>0\/0 Iosono Finlandia<br>0\/0 Iosono Lumoava<br>0\/0 Iosono Lux<br>0\/0 Iosono Luciana<br>0\/0 Iosono Oasis<br>0\/0 Iosono Toffee<br>0\/0 Iosono Terracotta<br>0\/0 Iosono Spumante<br>0\/0 Iosono Epsilon<\/p>\n\n\n\n<p><br><strong>Tuonnit tai nykyiset\/entiset sijoituskoiramme:<\/strong><br>0\/0 Vespina<br>0\/0 Vespinja&#8217;s Cara Mia Iosono<br>0\/0 Vespinja&#8217;s Delightful<br>0\/0 Iosono (dell\u2019Ovo)<br>0\/0 Lucky del Borgo di Pratica<br>0\/1, 0\/0, 0\/1 Rina del Gelso Bianco<br>0\/0 Boxing Helena\u2019s Noble Vetiver<br>0\/0 Cyrenensis Mascotte<br>1\/0 Hadranensis Radames<br>0\/0 Lex Murphy Let&#8217;s Get It On<br>0\/0 Hadranensis Simba<br>0\/0 Hadranensis Poirot<br>0\/1 Arte Antika Kashemir<br>0\/0 Giulio<br>0\/0 Hadranensis Giglio<\/p>\n\n\n\n<h2 class=\"wp-block-heading\">Silm\u00e4tarkastetut etnankoirat<\/h2>\n\n\n\n<p><strong>Kasvattimme<\/strong><br>Iosono Aida di Verdi (OK 2006, ep\u00e4ilytt\u00e4v\u00e4 PRA 2007, SARDS todettu ERG-tutkimuksella 2007)<br>Iosono Michelangelo (OK, 2006)<br>Iosono Mea della Mea (OK, 2006)<br>Iosono Milla Magia (OK, 2006)<br>Iosono Ifigeneia (OK 2007)<br>Iosono Incredibile (OK 2008)<br>Iosono Isidora (OK 2007)<br>Iosono Isis (OK 2007)<br>Iosono Remus (OK vuosi)<br>Iosono Romulus (OK 2007)<br>Iosono Qualitativo (OK 2010)<br>Iosono Quintessenza (OK 2010, 2011, 2012)<br>Iosono Deja Vu (OK 2010)<br>Iosono Di Moda (OK 2010)<br>Iosono Diamante (distichiasis 2010, liev\u00e4 lasiaisenrappeuma 2011, OK 2012, OK 2013)<br>Iosono Divina (OK 2009, OK 2013)<br>Iosono Siciliano (OK 2010)<br>Iosono Serafina (OK 2011, OK 2015)<br>Iosono Signorina (OK 2011)<br>Iosono Galileo Galilei (OK vuosi)<br>Iosono Ganimede (OK 2011)<br>Iosono Generoso e Grandioso (OK 2013)<br>Iosono Geppetto (distichiasis, kohtalainen lasiaisenrappeuma 2014)<br>Iosono Galassia (OK vuosi)<br>Iosono Pinocchio (liev\u00e4 lasiaisenrappeuma 2014)<br>Iosono Penelopeia (OK 2012)<br>Iosono Poesia (OK 2014)<br>Iosono Cherubino (OK 2013)<br>Iosono Ciccio (OK 2013)<br>Iosono Classico (OK 2014)<br>Iosono Calathea (OK 2014)<br>Iosono Celeste (OK 2014)<br>Iosono Champagne (OK 2017)<br>Iosono Universo (distichiasis 2014, OK 2018, distichiasis 2020)<br>Iosono Uno di Noi (OK 2015)<br>Iosono Una Meraviglia (OK 2016)<br>Iosono Hadriana (OK 2018, OK 2019)<br>Iosono Haute Couture (OK 2017)<br>Iosono Helios (OK 2017)<br>Iosono Naxos (OK 2017)<br>Iosono Nirvana (OK 2019)<br>Iosono Nefertiti (OK 2020)<br>Iosono Finlandia (OK 2020)<br>Iosono Lumoava (OK 2020)<br>Iosono Lux (OK 2020)<br>Iosono Luciana (distichiasis, muuten OK 2023)<br>Iosono Oasis (distichiasis, muuten OK 2021)<br>Iosono Toffee (OK 2021)<br>Iosono Terracotta (OK 2024)<br>Iosono Epsilon (distichiasis, muuten OK 2024)<\/p>\n\n\n\n<p><strong>Tuonnit tai nykyiset\/entiset sijoituskoiramme:<\/strong><br>Bambi (OK 2007)<br>Vespina (OK 2003, 2006, 2010)<br>Vespinja&#8217;s Cara Mia Iosono (OK 2008, 2011)<br>Vespinja&#8217;s Delightful (OK, 2011)<br>Iosono (dell\u2019Ovo) (OK 2010)<br>Lucky del Borgo di Pratica (OK 2011, 2012)<br>Rina del Gelso Bianco (OK 2014)<br>Boxing Helena\u2019s Noble Vetiver (OK 2016)<br>Cyrenensis Mascotte (OK 2015)<br>Hadranensis Radames (OK 2015, OK 2018)<br>Lex Murphy Let&#8217;s Get It On (OK 2016)<br>Hadranensis Simba (OK 2018, 2021)<br>Hadranensis Poirot (OK 2020)<br>Arte Antika Kashemir (OK 2023)<br>Giulio (OK 2023)<br>Hadranensis Giglio (2023)<br><\/p>\n\n\n\n<h2 class=\"wp-block-heading\">Lonkkatarkastetut<\/h2>\n\n\n\n<p>B\/B Iosono Quintessenza<br>A\/A Iosono Diamante<br>A\/A Iosono Galileo Galilei<br>A\/A Iosono Calathea<br>A\/A Iosono Champagne<br>A\/A Iosono Classico<br>B\/B Iosono Universo<br>C\/C Iosono Una Meraviglia<br>B\/B Iosono Uno di Noi<br>A\/A Lex Murphy Let&#8217;s Get It On<br>A\/A Hadranensis Radames<br>A\/A Iosono Elassona<br>A\/A Iosono Hadriana<br>A\/A Iosono Haute Couture<br>A\/A Iosono Helios<br>A\/A Hadranensis Simba<br>B\/A Iosono Nirvana<br>C\/B Iosono Finlandia<br>C\/C Iosono Lumoava<br>C\/C Iosono Oasis<br>A\/A Iosono Toffee<br>B\/A Iosono Terracotta<br>B\/B Giulio<br>A\/A Iosono Epsilon<br>A\/A Iosono Spumante<\/p>\n\n\n\n<h2 class=\"wp-block-heading\">Kyyn\u00e4rtarkastetut<\/h2>\n\n\n\n<p>0\/0 Iosono Quintessenza<br>0\/0 Iosono Diamante<br>0\/0 Iosono Galileo Galilei<br>0\/0 Iosono Calathea<br>0\/0 Iosono Champagne<br>0\/0 Iosono Classico<br>0\/0 Iosono Universo<br>0\/0 Iosono Uno di Noi<br>0\/0 Iosono Una Meraviglia<br>0\/0 Lex Murphy Let&#8217;s Get It On<br>0\/0 Hadranensis Radames<br>0\/0 Iosono Hadriana<br>0\/0 Iosono Haute Couture<br>0\/0 Iosono Helios<br>0\/0 Hadranensis Simba<br>0\/0 Iosono Nirvana<br>0\/0 Iosono Finlandia<br>0\/0 Iosono Lumoava<br>0\/0 Iosono Oasis<br>0\/0 Iosono Toffee<br>0\/0 Iosono Terracotta<br>0\/0 Giulio<br>0\/0 Iosono Epsilon<br>0\/0 Iosono Spumante<\/p>\n\n\n\n<h2 class=\"wp-block-heading\">Selk\u00e4kuvatut<\/h2>\n\n\n\n<p>LTV: 0, SP: 0, VA: 0 Iosono Calathea<br>LTV: 0, SP: 0 Iosono Classico<br>LTV: 0, SP: 0 Iosono Universo<br>LTV: 0, SP: 0, VA: 0 Iosono Elassona<br>LTV: 0, SP: 0, VA: 0 Iosono Finlandia<br>LTV: 0, SP:0, VA:1 (=viimeisess\u00e4 nikamassa vailllinaisesti kehittyneet kylkiluut): Iosono Toffee<\/p>\n\n\n\n<h2 class=\"wp-block-heading\">MyDogDNA-passit<\/h2>\n\n\n\n<p>Boxing Helena&#8217;s Noble Vetiver &#8211; 870023220386642, perim\u00e4n terveysindeksi 101<br>Cyrenensis Mascotte &#8211; 870023215643718, perim\u00e4n terveysindeksi 107<br>Hadranensis Radames &#8211; 870023220002926, perim\u00e4n terveysindeksi 105<br>Iosono Barolo &#8211; 870023284975, perim\u00e4n terveysindeksi 108<br>Iosono Bartolomeo &#8211; 870023282326, perim\u00e4n terveysindeksi 107<br>Iosono Biagini &#8211; 870023283159, perim\u00e4n terveysindeksi 107<br>Iosono Bosco &#8211; 870023291491, perim\u00e4n terveysindeksi 103<br>Iosono Brunello &#8211; 870023231000, perim\u00e4n terveysindeksi 110<br>Iosono Celeste, CDE070, perim\u00e4n terveysindeksi 103<br>Iosono Champagne 870023220385818, perim\u00e4n terveysindeksi 105<br>Iosono Diamante &#8211; 870023220376742, perim\u00e4n terveysindeksi 103<br>Iosono Elassona &#8211; 870023220381775, perim\u00e4n terveysindeksi 105<br>Iosono Etnea, CDE062, perim\u00e4n terveysindeksi 106<br>Iosono Hadriana, CDE058, perim\u00e4n terveysindeksi 109<br>Iosono Haute Couture, CDE061, perim\u00e4n terveysindeksi 113<br>Iosono Houdini, CDE072, perim\u00e4n terveysindeksi 103<br>Iosono Incredibile &#8211; 870023216890383, perim\u00e4n terveysindeksi 104<br>Iosono Marisla &#8211; 870023470426, perim\u00e4n terveysindeksi 103<br>Iosono Naxos &#8211; CDE073, perim\u00e4n terveysindeksi 113<br>Iosono Nirvana, CDE063, perim\u00e4n terveysindeksi 112<br>Iosono Nubia, CDE064, perim\u00e4n terveysindeksi 113<br>Iosono Poesia &#8211; 870023216840883, perim\u00e4n terveysindeksi 99<br>Iosono Romulus &#8211; 870023220096167, perim\u00e4n terveysindeksi 110<br>Iosono Superiore &#8211; 870023220098718, perim\u00e4n terveysindeksi 102<br>Iosono Una Meraviglia 870023220916067, perim\u00e4n terveysindeksi 110<br>Iosono Universo &#8211; 870023547900, perim\u00e4n terveysindeksi 107<br>Iosono Uno di Noi &#8211; 870023493600, perim\u00e4n terveysindeksi 108<br>Lex Murphy&#8217;s Let&#8217;s Get It On &#8211; 870023218277118, perim\u00e4n terveysindeksi 110<br>Lucky del Borgo di Pratica &#8211; 870023216815067, perim\u00e4n terveysindeksi 97<br>Rina del Gelso Bianco &#8211; 870023218273075, perim\u00e4n terveysindeksi 114<br>Vespinja&#8217;s Cara Mia Iosono &#8211; 870023220109291, perim\u00e4n terveysindeksi 110<\/p>\n","protected":false},"excerpt":{"rendered":"<p>Terveystulokset, Iosono etnankoirat Jalostukseen k\u00e4ytt\u00e4m\u00e4mme nartut ovat terveystutkittuja v\u00e4hint\u00e4\u00e4n silmien ja polvien osalta sek\u00e4 niill\u00e4 on MyDogDNA-passi. My\u00f6s moni ns. kotikoirana oleva kasvattimme on terveystarkastettu,&hellip;<\/p>\n<p> <a class=\"more-link\" href=\"https:\/\/www.iosonocirneco.com\/fi\/cirneco-dell-etna\/terveystulokset\/\">Lue Lis\u00e4\u00e4<\/a><\/p>\n","protected":false},"author":1,"featured_media":0,"parent":7,"menu_order":5,"comment_status":"closed","ping_status":"closed","template":"","meta":{"footnotes":""},"_links":{"self":[{"href":"https:\/\/www.iosonocirneco.com\/fi\/wp-json\/wp\/v2\/pages\/1985"}],"collection":[{"href":"https:\/\/www.iosonocirneco.com\/fi\/wp-json\/wp\/v2\/pages"}],"about":[{"href":"https:\/\/www.iosonocirneco.com\/fi\/wp-json\/wp\/v2\/types\/page"}],"author":[{"embeddable":true,"href":"https:\/\/www.iosonocirneco.com\/fi\/wp-json\/wp\/v2\/users\/1"}],"replies":[{"embeddable":true,"href":"https:\/\/www.iosonocirneco.com\/fi\/wp-json\/wp\/v2\/comments?post=1985"}],"version-history":[{"count":24,"href":"https:\/\/www.iosonocirneco.com\/fi\/wp-json\/wp\/v2\/pages\/1985\/revisions"}],"predecessor-version":[{"id":13902,"href":"https:\/\/www.iosonocirneco.com\/fi\/wp-json\/wp\/v2\/pages\/1985\/revisions\/13902"}],"up":[{"embeddable":true,"href":"https:\/\/www.iosonocirneco.com\/fi\/wp-json\/wp\/v2\/pages\/7"}],"wp:attachment":[{"href":"https:\/\/www.iosonocirneco.com\/fi\/wp-json\/wp\/v2\/media?parent=1985"}],"curies":[{"name":"wp","href":"https:\/\/api.w.org\/{rel}","templated":true}]}}