{"id":189,"date":"2014-07-24T22:43:08","date_gmt":"2014-07-24T19:43:08","guid":{"rendered":"http:\/\/www.iosonocirneco.com\/fi\/?page_id=189"},"modified":"2026-05-08T20:11:44","modified_gmt":"2026-05-08T17:11:44","slug":"italiaanomme","status":"publish","type":"page","link":"https:\/\/www.iosonocirneco.com\/fi\/italianvinttikoira\/italiaanomme\/","title":{"rendered":"Italiaanomme"},"content":{"rendered":"\t\t<div data-elementor-type=\"wp-page\" data-elementor-id=\"189\" class=\"elementor elementor-189\">\n\t\t\t\t\t\t\t\t\t<section class=\"elementor-section elementor-top-section elementor-element elementor-element-59c580c elementor-section-boxed elementor-section-height-default elementor-section-height-default\" data-id=\"59c580c\" data-element_type=\"section\">\n\t\t\t\t\t\t<div class=\"elementor-container elementor-column-gap-default\">\n\t\t\t\t\t<div class=\"elementor-column elementor-col-100 elementor-top-column elementor-element elementor-element-1c15635\" data-id=\"1c15635\" data-element_type=\"column\">\n\t\t\t<div class=\"elementor-widget-wrap elementor-element-populated\">\n\t\t\t\t\t\t\t\t<div class=\"elementor-element elementor-element-1bc2f33 elementor-widget elementor-widget-heading\" data-id=\"1bc2f33\" data-element_type=\"widget\" data-widget_type=\"heading.default\">\n\t\t\t\t<div class=\"elementor-widget-container\">\n\t\t\t<h1 class=\"elementor-heading-title elementor-size-default\">Meid\u00e4n italianvinttikoiramme<\/h1>\t\t<\/div>\n\t\t\t\t<\/div>\n\t\t\t\t\t<\/div>\n\t\t<\/div>\n\t\t\t\t\t\t\t<\/div>\n\t\t<\/section>\n\t\t\t\t<section class=\"elementor-section elementor-top-section elementor-element elementor-element-2f8f207 elementor-section-boxed elementor-section-height-default elementor-section-height-default\" data-id=\"2f8f207\" data-element_type=\"section\">\n\t\t\t\t\t\t<div class=\"elementor-container elementor-column-gap-default\">\n\t\t\t\t\t<div class=\"elementor-column elementor-col-100 elementor-top-column elementor-element elementor-element-6a68c96\" data-id=\"6a68c96\" data-element_type=\"column\">\n\t\t\t<div class=\"elementor-widget-wrap elementor-element-populated\">\n\t\t\t\t\t\t\t\t<section class=\"elementor-section elementor-inner-section elementor-element elementor-element-008c646 elementor-section-boxed elementor-section-height-default elementor-section-height-default\" data-id=\"008c646\" data-element_type=\"section\">\n\t\t\t\t\t\t<div class=\"elementor-container elementor-column-gap-default\">\n\t\t\t\t\t<div class=\"elementor-column elementor-col-50 elementor-inner-column elementor-element elementor-element-cb3ad7b\" data-id=\"cb3ad7b\" data-element_type=\"column\">\n\t\t\t<div class=\"elementor-widget-wrap elementor-element-populated\">\n\t\t\t\t\t\t\t\t<div class=\"elementor-element elementor-element-0ea1009 elementor-widget elementor-widget-image\" data-id=\"0ea1009\" data-element_type=\"widget\" data-widget_type=\"image.default\">\n\t\t\t\t<div class=\"elementor-widget-container\">\n\t\t\t\t\t\t\t\t\t\t\t\t\t\t\t<img loading=\"lazy\" decoding=\"async\" width=\"1365\" height=\"1365\" src=\"https:\/\/www.iosonocirneco.com\/fi\/wp-content\/uploads\/2024\/06\/nemipaa.jpg\" class=\"attachment-full size-full wp-image-13981\" alt=\"\" srcset=\"https:\/\/www.iosonocirneco.com\/fi\/wp-content\/uploads\/2024\/06\/nemipaa.jpg 1365w, https:\/\/www.iosonocirneco.com\/fi\/wp-content\/uploads\/2024\/06\/nemipaa-300x300.jpg 300w, https:\/\/www.iosonocirneco.com\/fi\/wp-content\/uploads\/2024\/06\/nemipaa-1024x1024.jpg 1024w, https:\/\/www.iosonocirneco.com\/fi\/wp-content\/uploads\/2024\/06\/nemipaa-150x150.jpg 150w, https:\/\/www.iosonocirneco.com\/fi\/wp-content\/uploads\/2024\/06\/nemipaa-768x768.jpg 768w\" sizes=\"auto, (max-width: 1365px) 100vw, 1365px\" \/>\t\t\t\t\t\t\t\t\t\t\t\t\t\t\t<\/div>\n\t\t\t\t<\/div>\n\t\t\t\t\t<\/div>\n\t\t<\/div>\n\t\t\t\t<div class=\"elementor-column elementor-col-50 elementor-inner-column elementor-element elementor-element-a2829cd\" data-id=\"a2829cd\" data-element_type=\"column\">\n\t\t\t<div class=\"elementor-widget-wrap elementor-element-populated\">\n\t\t\t\t\t\t\t\t<div class=\"elementor-element elementor-element-4583149 elementor-widget elementor-widget-text-editor\" data-id=\"4583149\" data-element_type=\"widget\" data-widget_type=\"text-editor.default\">\n\t\t\t\t<div class=\"elementor-widget-container\">\n\t\t\t\t\t\t\t<p>Ensimm\u00e4isen italianvinttikoiramme, Seelan (Necku C&#8217;est Cela), hankimme vuonna 1999. Seela oli luonteeltaan eritt\u00e4in avoin, iloinen ja kaikkia rakastava tapaus. Harrastimme sen kanssa n\u00e4yttelyit\u00e4 sek\u00e4 maastojuoksukilpailuja. Seelan poismenon j\u00e4lkeen meille muutti Seelan tyt\u00e4r Nala (Necku Iosono Verona) vuonna 2003. Nalan sisko Ida (Necku Iosono Vicenza) synnytti ensimm\u00e4isen Iosono-italianvinttikoirapentueen vuonna 2007, ja siit\u00e4 j\u00e4i kotiin Jemma (Iosono Fiamma). Nyt kotona asustaa Seelan lapsenlapsenlapsenlapsenlapsi Ilmi (Iosono Aim\u00e9e). Muut italianvinttikoiramme asuvat omissa perheiss\u00e4\u00e4n.<\/p>\t\t\t\t\t\t<\/div>\n\t\t\t\t<\/div>\n\t\t\t\t\t<\/div>\n\t\t<\/div>\n\t\t\t\t\t\t\t<\/div>\n\t\t<\/section>\n\t\t\t\t<div class=\"elementor-element elementor-element-3b96393 elementor-widget elementor-widget-spacer\" data-id=\"3b96393\" data-element_type=\"widget\" data-widget_type=\"spacer.default\">\n\t\t\t\t<div class=\"elementor-widget-container\">\n\t\t\t\t\t<div class=\"elementor-spacer\">\n\t\t\t<div class=\"elementor-spacer-inner\"><\/div>\n\t\t<\/div>\n\t\t\t\t<\/div>\n\t\t\t\t<\/div>\n\t\t\t\t<div class=\"elementor-element elementor-element-43c6722 elementor-widget elementor-widget-heading\" data-id=\"43c6722\" data-element_type=\"widget\" data-widget_type=\"heading.default\">\n\t\t\t\t<div class=\"elementor-widget-container\">\n\t\t\t<h2 class=\"elementor-heading-title elementor-size-default\">Nartut<\/h2>\t\t<\/div>\n\t\t\t\t<\/div>\n\t\t\t\t\t<\/div>\n\t\t<\/div>\n\t\t\t\t\t\t\t<\/div>\n\t\t<\/section>\n\t\t\t\t<section class=\"elementor-section elementor-top-section elementor-element elementor-element-261fbcc elementor-section-boxed elementor-section-height-default elementor-section-height-default\" data-id=\"261fbcc\" data-element_type=\"section\">\n\t\t\t\t\t\t<div class=\"elementor-container elementor-column-gap-default\">\n\t\t\t\t\t<div class=\"elementor-column elementor-col-25 elementor-top-column elementor-element elementor-element-d3b35c7\" data-id=\"d3b35c7\" data-element_type=\"column\">\n\t\t\t<div class=\"elementor-widget-wrap elementor-element-populated\">\n\t\t\t\t\t\t\t\t<div class=\"elementor-element elementor-element-f185d52 elementor-widget elementor-widget-image\" data-id=\"f185d52\" data-element_type=\"widget\" data-widget_type=\"image.default\">\n\t\t\t\t<div class=\"elementor-widget-container\">\n\t\t\t\t\t\t\t\t\t\t\t\t\t\t\t\t<a href=\"https:\/\/www.iosonocirneco.com\/fi\/italianvinttikoira\/italiaanomme\/iosono-aimee\/\">\n\t\t\t\t\t\t\t<img loading=\"lazy\" decoding=\"async\" width=\"1024\" height=\"1024\" src=\"https:\/\/www.iosonocirneco.com\/fi\/wp-content\/uploads\/2026\/05\/ilminelio-1024x1024.jpg\" class=\"attachment-large size-large wp-image-15173\" alt=\"\" srcset=\"https:\/\/www.iosonocirneco.com\/fi\/wp-content\/uploads\/2026\/05\/ilminelio-1024x1024.jpg 1024w, https:\/\/www.iosonocirneco.com\/fi\/wp-content\/uploads\/2026\/05\/ilminelio-300x300.jpg 300w, https:\/\/www.iosonocirneco.com\/fi\/wp-content\/uploads\/2026\/05\/ilminelio-150x150.jpg 150w, https:\/\/www.iosonocirneco.com\/fi\/wp-content\/uploads\/2026\/05\/ilminelio-768x768.jpg 768w, https:\/\/www.iosonocirneco.com\/fi\/wp-content\/uploads\/2026\/05\/ilminelio.jpg 1383w\" sizes=\"auto, (max-width: 1024px) 100vw, 1024px\" \/>\t\t\t\t\t\t\t\t<\/a>\n\t\t\t\t\t\t\t\t\t\t\t\t\t\t\t<\/div>\n\t\t\t\t<\/div>\n\t\t\t\t<div class=\"elementor-element elementor-element-d7844a8 elementor-widget elementor-widget-heading\" data-id=\"d7844a8\" data-element_type=\"widget\" data-widget_type=\"heading.default\">\n\t\t\t\t<div class=\"elementor-widget-container\">\n\t\t\t<h2 class=\"elementor-heading-title elementor-size-default\"><a href=\"https:\/\/www.iosonocirneco.com\/fi\/italianvinttikoira\/italiaanomme\/iosono-aimee\/\">Ilmi<\/a><\/h2>\t\t<\/div>\n\t\t\t\t<\/div>\n\t\t\t\t<div class=\"elementor-element elementor-element-8fb5068 elementor-widget elementor-widget-text-editor\" data-id=\"8fb5068\" data-element_type=\"widget\" data-widget_type=\"text-editor.default\">\n\t\t\t\t<div class=\"elementor-widget-container\">\n\t\t\t\t\t\t\t<p style=\"text-align: center;\"><span style=\"color: #808080;\"><a style=\"color: #808080;\" href=\"https:\/\/www.iosonocirneco.com\/fi\/italianvinttikoira\/italiaanomme\/iosono-aimee\/\">Iosono Aim\u00e9e<\/a><\/span><\/p>\t\t\t\t\t\t<\/div>\n\t\t\t\t<\/div>\n\t\t\t\t<div class=\"elementor-element elementor-element-70b525d elementor-widget-divider--view-line elementor-widget elementor-widget-divider\" data-id=\"70b525d\" data-element_type=\"widget\" data-widget_type=\"divider.default\">\n\t\t\t\t<div class=\"elementor-widget-container\">\n\t\t\t\t\t<div class=\"elementor-divider\">\n\t\t\t<span class=\"elementor-divider-separator\">\n\t\t\t\t\t\t<\/span>\n\t\t<\/div>\n\t\t\t\t<\/div>\n\t\t\t\t<\/div>\n\t\t\t\t\t<\/div>\n\t\t<\/div>\n\t\t\t\t<div class=\"elementor-column elementor-col-25 elementor-top-column elementor-element elementor-element-1c97c4f\" data-id=\"1c97c4f\" data-element_type=\"column\">\n\t\t\t<div class=\"elementor-widget-wrap elementor-element-populated\">\n\t\t\t\t\t\t\t\t<div class=\"elementor-element elementor-element-b69e08d elementor-widget elementor-widget-image\" data-id=\"b69e08d\" data-element_type=\"widget\" data-widget_type=\"image.default\">\n\t\t\t\t<div class=\"elementor-widget-container\">\n\t\t\t\t\t\t\t\t\t\t\t\t\t\t\t\t<a href=\"https:\/\/www.iosonocirneco.com\/fi\/italianvinttikoira\/italiaanomme\/iosono-poeme\/\">\n\t\t\t\t\t\t\t<img loading=\"lazy\" decoding=\"async\" width=\"1024\" height=\"1024\" src=\"https:\/\/www.iosonocirneco.com\/fi\/wp-content\/uploads\/2026\/05\/pomipaa-nelio-1024x1024.jpg\" class=\"attachment-large size-large wp-image-15174\" alt=\"\" srcset=\"https:\/\/www.iosonocirneco.com\/fi\/wp-content\/uploads\/2026\/05\/pomipaa-nelio-1024x1024.jpg 1024w, https:\/\/www.iosonocirneco.com\/fi\/wp-content\/uploads\/2026\/05\/pomipaa-nelio-300x300.jpg 300w, https:\/\/www.iosonocirneco.com\/fi\/wp-content\/uploads\/2026\/05\/pomipaa-nelio-150x150.jpg 150w, https:\/\/www.iosonocirneco.com\/fi\/wp-content\/uploads\/2026\/05\/pomipaa-nelio-768x768.jpg 768w, https:\/\/www.iosonocirneco.com\/fi\/wp-content\/uploads\/2026\/05\/pomipaa-nelio-1536x1536.jpg 1536w, https:\/\/www.iosonocirneco.com\/fi\/wp-content\/uploads\/2026\/05\/pomipaa-nelio-2048x2048.jpg 2048w\" sizes=\"auto, (max-width: 1024px) 100vw, 1024px\" \/>\t\t\t\t\t\t\t\t<\/a>\n\t\t\t\t\t\t\t\t\t\t\t\t\t\t\t<\/div>\n\t\t\t\t<\/div>\n\t\t\t\t<div class=\"elementor-element elementor-element-1251bf8 elementor-widget elementor-widget-heading\" data-id=\"1251bf8\" data-element_type=\"widget\" data-widget_type=\"heading.default\">\n\t\t\t\t<div class=\"elementor-widget-container\">\n\t\t\t<h2 class=\"elementor-heading-title elementor-size-default\"><a href=\"https:\/\/www.iosonocirneco.com\/fi\/italianvinttikoira\/italiaanomme\/iosono-poeme\/\">Pomi<\/a><\/h2>\t\t<\/div>\n\t\t\t\t<\/div>\n\t\t\t\t<div class=\"elementor-element elementor-element-abab793 elementor-widget elementor-widget-text-editor\" data-id=\"abab793\" data-element_type=\"widget\" data-widget_type=\"text-editor.default\">\n\t\t\t\t<div class=\"elementor-widget-container\">\n\t\t\t\t\t\t\t<p style=\"text-align: center;\"><span style=\"color: #808080;\"><a style=\"color: #808080;\" href=\"https:\/\/www.iosonocirneco.com\/fi\/italianvinttikoira\/italiaanomme\/iosono-poeme\/\">Iosono Poeme<\/a><\/span><\/p>\t\t\t\t\t\t<\/div>\n\t\t\t\t<\/div>\n\t\t\t\t<div class=\"elementor-element elementor-element-4cfe4ae elementor-widget-divider--view-line elementor-widget elementor-widget-divider\" data-id=\"4cfe4ae\" data-element_type=\"widget\" data-widget_type=\"divider.default\">\n\t\t\t\t<div class=\"elementor-widget-container\">\n\t\t\t\t\t<div class=\"elementor-divider\">\n\t\t\t<span class=\"elementor-divider-separator\">\n\t\t\t\t\t\t<\/span>\n\t\t<\/div>\n\t\t\t\t<\/div>\n\t\t\t\t<\/div>\n\t\t\t\t\t<\/div>\n\t\t<\/div>\n\t\t\t\t<div class=\"elementor-column elementor-col-25 elementor-top-column elementor-element elementor-element-27a13f6\" data-id=\"27a13f6\" data-element_type=\"column\">\n\t\t\t<div class=\"elementor-widget-wrap elementor-element-populated\">\n\t\t\t\t\t\t\t\t<div class=\"elementor-element elementor-element-48a2091 elementor-widget elementor-widget-image\" data-id=\"48a2091\" data-element_type=\"widget\" data-widget_type=\"image.default\">\n\t\t\t\t<div class=\"elementor-widget-container\">\n\t\t\t\t\t\t\t\t\t\t\t\t\t\t\t\t<a href=\"https:\/\/www.iosonocirneco.com\/fi\/italianvinttikoira\/italiaanomme\/iosono-pantera-nera\/\">\n\t\t\t\t\t\t\t<img loading=\"lazy\" decoding=\"async\" width=\"1024\" height=\"1024\" src=\"https:\/\/www.iosonocirneco.com\/fi\/wp-content\/uploads\/2026\/05\/lailapaa1-1024x1024.jpg\" class=\"attachment-large size-large wp-image-15096\" alt=\"\" srcset=\"https:\/\/www.iosonocirneco.com\/fi\/wp-content\/uploads\/2026\/05\/lailapaa1-1024x1024.jpg 1024w, https:\/\/www.iosonocirneco.com\/fi\/wp-content\/uploads\/2026\/05\/lailapaa1-300x300.jpg 300w, https:\/\/www.iosonocirneco.com\/fi\/wp-content\/uploads\/2026\/05\/lailapaa1-150x150.jpg 150w, https:\/\/www.iosonocirneco.com\/fi\/wp-content\/uploads\/2026\/05\/lailapaa1-768x768.jpg 768w, https:\/\/www.iosonocirneco.com\/fi\/wp-content\/uploads\/2026\/05\/lailapaa1-1536x1536.jpg 1536w, https:\/\/www.iosonocirneco.com\/fi\/wp-content\/uploads\/2026\/05\/lailapaa1-2048x2048.jpg 2048w\" sizes=\"auto, (max-width: 1024px) 100vw, 1024px\" \/>\t\t\t\t\t\t\t\t<\/a>\n\t\t\t\t\t\t\t\t\t\t\t\t\t\t\t<\/div>\n\t\t\t\t<\/div>\n\t\t\t\t<div class=\"elementor-element elementor-element-4d8b941 elementor-widget elementor-widget-heading\" data-id=\"4d8b941\" data-element_type=\"widget\" data-widget_type=\"heading.default\">\n\t\t\t\t<div class=\"elementor-widget-container\">\n\t\t\t<h2 class=\"elementor-heading-title elementor-size-default\"><a href=\"https:\/\/www.iosonocirneco.com\/fi\/italianvinttikoira\/italiaanomme\/iosono-pantera-nera\/\">Laila<\/a><\/h2>\t\t<\/div>\n\t\t\t\t<\/div>\n\t\t\t\t<div class=\"elementor-element elementor-element-14d507d elementor-widget elementor-widget-text-editor\" data-id=\"14d507d\" data-element_type=\"widget\" data-widget_type=\"text-editor.default\">\n\t\t\t\t<div class=\"elementor-widget-container\">\n\t\t\t\t\t\t\t<p style=\"text-align: center;\"><span style=\"color: #808080;\"><a style=\"color: #808080;\" href=\"https:\/\/www.iosonocirneco.com\/fi\/italianvinttikoira\/italiaanomme\/iosono-pantera-nera\/\">Iosono Pantera Nera<\/a><\/span><\/p>\t\t\t\t\t\t<\/div>\n\t\t\t\t<\/div>\n\t\t\t\t<div class=\"elementor-element elementor-element-d326f93 elementor-widget-divider--view-line elementor-widget elementor-widget-divider\" data-id=\"d326f93\" data-element_type=\"widget\" data-widget_type=\"divider.default\">\n\t\t\t\t<div class=\"elementor-widget-container\">\n\t\t\t\t\t<div class=\"elementor-divider\">\n\t\t\t<span class=\"elementor-divider-separator\">\n\t\t\t\t\t\t<\/span>\n\t\t<\/div>\n\t\t\t\t<\/div>\n\t\t\t\t<\/div>\n\t\t\t\t\t<\/div>\n\t\t<\/div>\n\t\t\t\t<div class=\"elementor-column elementor-col-25 elementor-top-column elementor-element elementor-element-a72c05a\" data-id=\"a72c05a\" data-element_type=\"column\">\n\t\t\t<div class=\"elementor-widget-wrap elementor-element-populated\">\n\t\t\t\t\t\t\t\t<div class=\"elementor-element elementor-element-49eb5f8 elementor-widget elementor-widget-image\" data-id=\"49eb5f8\" data-element_type=\"widget\" data-widget_type=\"image.default\">\n\t\t\t\t<div class=\"elementor-widget-container\">\n\t\t\t\t\t\t\t\t\t\t\t\t\t\t\t<img loading=\"lazy\" decoding=\"async\" width=\"1024\" height=\"1024\" src=\"https:\/\/www.iosonocirneco.com\/fi\/wp-content\/uploads\/2026\/05\/pipsapaa-1024x1024.jpg\" class=\"attachment-large size-large wp-image-15098\" alt=\"\" srcset=\"https:\/\/www.iosonocirneco.com\/fi\/wp-content\/uploads\/2026\/05\/pipsapaa-1024x1024.jpg 1024w, https:\/\/www.iosonocirneco.com\/fi\/wp-content\/uploads\/2026\/05\/pipsapaa-300x300.jpg 300w, https:\/\/www.iosonocirneco.com\/fi\/wp-content\/uploads\/2026\/05\/pipsapaa-150x150.jpg 150w, https:\/\/www.iosonocirneco.com\/fi\/wp-content\/uploads\/2026\/05\/pipsapaa-768x768.jpg 768w, https:\/\/www.iosonocirneco.com\/fi\/wp-content\/uploads\/2026\/05\/pipsapaa.jpg 1220w\" sizes=\"auto, (max-width: 1024px) 100vw, 1024px\" \/>\t\t\t\t\t\t\t\t\t\t\t\t\t\t\t<\/div>\n\t\t\t\t<\/div>\n\t\t\t\t<div class=\"elementor-element elementor-element-58db9f5 elementor-widget elementor-widget-heading\" data-id=\"58db9f5\" data-element_type=\"widget\" data-widget_type=\"heading.default\">\n\t\t\t\t<div class=\"elementor-widget-container\">\n\t\t\t<h2 class=\"elementor-heading-title elementor-size-default\">Pipsa<\/h2>\t\t<\/div>\n\t\t\t\t<\/div>\n\t\t\t\t<div class=\"elementor-element elementor-element-d913dd7 elementor-widget elementor-widget-text-editor\" data-id=\"d913dd7\" data-element_type=\"widget\" data-widget_type=\"text-editor.default\">\n\t\t\t\t<div class=\"elementor-widget-container\">\n\t\t\t\t\t\t\t<p style=\"text-align: center;\"><span style=\"color: #808080;\">Volavelona Barbabelle<\/span><\/p>\t\t\t\t\t\t<\/div>\n\t\t\t\t<\/div>\n\t\t\t\t<div class=\"elementor-element elementor-element-290edc0 elementor-widget-divider--view-line elementor-widget elementor-widget-divider\" data-id=\"290edc0\" data-element_type=\"widget\" data-widget_type=\"divider.default\">\n\t\t\t\t<div class=\"elementor-widget-container\">\n\t\t\t\t\t<div class=\"elementor-divider\">\n\t\t\t<span class=\"elementor-divider-separator\">\n\t\t\t\t\t\t<\/span>\n\t\t<\/div>\n\t\t\t\t<\/div>\n\t\t\t\t<\/div>\n\t\t\t\t\t<\/div>\n\t\t<\/div>\n\t\t\t\t\t\t\t<\/div>\n\t\t<\/section>\n\t\t\t\t<section class=\"elementor-section elementor-top-section elementor-element elementor-element-2eb0465 elementor-section-boxed elementor-section-height-default elementor-section-height-default\" data-id=\"2eb0465\" data-element_type=\"section\">\n\t\t\t\t\t\t<div class=\"elementor-container elementor-column-gap-default\">\n\t\t\t\t\t<div class=\"elementor-column elementor-col-25 elementor-top-column elementor-element elementor-element-9b31c93\" data-id=\"9b31c93\" data-element_type=\"column\">\n\t\t\t<div class=\"elementor-widget-wrap elementor-element-populated\">\n\t\t\t\t\t\t\t\t<div class=\"elementor-element elementor-element-93f88d3 elementor-widget elementor-widget-image\" data-id=\"93f88d3\" data-element_type=\"widget\" data-widget_type=\"image.default\">\n\t\t\t\t<div class=\"elementor-widget-container\">\n\t\t\t\t\t\t\t\t\t\t\t\t\t\t\t<img loading=\"lazy\" decoding=\"async\" width=\"1024\" height=\"1024\" src=\"https:\/\/www.iosonocirneco.com\/fi\/wp-content\/uploads\/2026\/05\/sylvi6puolvnelio-1024x1024.jpg\" class=\"attachment-large size-large wp-image-15115\" alt=\"\" srcset=\"https:\/\/www.iosonocirneco.com\/fi\/wp-content\/uploads\/2026\/05\/sylvi6puolvnelio-1024x1024.jpg 1024w, https:\/\/www.iosonocirneco.com\/fi\/wp-content\/uploads\/2026\/05\/sylvi6puolvnelio-300x300.jpg 300w, https:\/\/www.iosonocirneco.com\/fi\/wp-content\/uploads\/2026\/05\/sylvi6puolvnelio-150x150.jpg 150w, https:\/\/www.iosonocirneco.com\/fi\/wp-content\/uploads\/2026\/05\/sylvi6puolvnelio-768x768.jpg 768w, https:\/\/www.iosonocirneco.com\/fi\/wp-content\/uploads\/2026\/05\/sylvi6puolvnelio-1536x1536.jpg 1536w, https:\/\/www.iosonocirneco.com\/fi\/wp-content\/uploads\/2026\/05\/sylvi6puolvnelio-2048x2048.jpg 2048w\" sizes=\"auto, (max-width: 1024px) 100vw, 1024px\" \/>\t\t\t\t\t\t\t\t\t\t\t\t\t\t\t<\/div>\n\t\t\t\t<\/div>\n\t\t\t\t<div class=\"elementor-element elementor-element-7eb3e52 elementor-widget elementor-widget-heading\" data-id=\"7eb3e52\" data-element_type=\"widget\" data-widget_type=\"heading.default\">\n\t\t\t\t<div class=\"elementor-widget-container\">\n\t\t\t<h2 class=\"elementor-heading-title elementor-size-default\">Sylvi<\/h2>\t\t<\/div>\n\t\t\t\t<\/div>\n\t\t\t\t<div class=\"elementor-element elementor-element-54e9aee elementor-widget elementor-widget-text-editor\" data-id=\"54e9aee\" data-element_type=\"widget\" data-widget_type=\"text-editor.default\">\n\t\t\t\t<div class=\"elementor-widget-container\">\n\t\t\t\t\t\t\t<p style=\"text-align: center;\"><span style=\"color: #808080;\">Iosono Mysteria<\/span><\/p>\t\t\t\t\t\t<\/div>\n\t\t\t\t<\/div>\n\t\t\t\t<div class=\"elementor-element elementor-element-46be1e4 elementor-widget-divider--view-line elementor-widget elementor-widget-divider\" data-id=\"46be1e4\" data-element_type=\"widget\" data-widget_type=\"divider.default\">\n\t\t\t\t<div class=\"elementor-widget-container\">\n\t\t\t\t\t<div class=\"elementor-divider\">\n\t\t\t<span class=\"elementor-divider-separator\">\n\t\t\t\t\t\t<\/span>\n\t\t<\/div>\n\t\t\t\t<\/div>\n\t\t\t\t<\/div>\n\t\t\t\t\t<\/div>\n\t\t<\/div>\n\t\t\t\t<div class=\"elementor-column elementor-col-25 elementor-top-column elementor-element elementor-element-6b105f5\" data-id=\"6b105f5\" data-element_type=\"column\">\n\t\t\t<div class=\"elementor-widget-wrap\">\n\t\t\t\t\t\t\t\t\t<\/div>\n\t\t<\/div>\n\t\t\t\t<div class=\"elementor-column elementor-col-25 elementor-top-column elementor-element elementor-element-36f436a\" data-id=\"36f436a\" data-element_type=\"column\">\n\t\t\t<div class=\"elementor-widget-wrap\">\n\t\t\t\t\t\t\t\t\t<\/div>\n\t\t<\/div>\n\t\t\t\t<div class=\"elementor-column elementor-col-25 elementor-top-column elementor-element elementor-element-c8929fe\" data-id=\"c8929fe\" data-element_type=\"column\">\n\t\t\t<div class=\"elementor-widget-wrap\">\n\t\t\t\t\t\t\t\t\t<\/div>\n\t\t<\/div>\n\t\t\t\t\t\t\t<\/div>\n\t\t<\/section>\n\t\t\t\t<section class=\"elementor-section elementor-top-section elementor-element elementor-element-7fd71d4 elementor-section-boxed elementor-section-height-default elementor-section-height-default\" data-id=\"7fd71d4\" data-element_type=\"section\">\n\t\t\t\t\t\t<div class=\"elementor-container elementor-column-gap-default\">\n\t\t\t\t\t<div class=\"elementor-column elementor-col-100 elementor-top-column elementor-element elementor-element-f905ed2\" data-id=\"f905ed2\" data-element_type=\"column\">\n\t\t\t<div class=\"elementor-widget-wrap elementor-element-populated\">\n\t\t\t\t\t\t\t\t<div class=\"elementor-element elementor-element-cc7abd4 elementor-widget elementor-widget-spacer\" data-id=\"cc7abd4\" data-element_type=\"widget\" data-widget_type=\"spacer.default\">\n\t\t\t\t<div class=\"elementor-widget-container\">\n\t\t\t\t\t<div class=\"elementor-spacer\">\n\t\t\t<div class=\"elementor-spacer-inner\"><\/div>\n\t\t<\/div>\n\t\t\t\t<\/div>\n\t\t\t\t<\/div>\n\t\t\t\t<div class=\"elementor-element elementor-element-d9232a7 elementor-view-default elementor-widget elementor-widget-icon\" data-id=\"d9232a7\" data-element_type=\"widget\" data-widget_type=\"icon.default\">\n\t\t\t\t<div class=\"elementor-widget-container\">\n\t\t\t\t\t<div class=\"elementor-icon-wrapper\">\n\t\t\t<div class=\"elementor-icon\">\n\t\t\t<i aria-hidden=\"true\" class=\"fas fa-phone\"><\/i>\t\t\t<\/div>\n\t\t<\/div>\n\t\t\t\t<\/div>\n\t\t\t\t<\/div>\n\t\t\t\t<div class=\"elementor-element elementor-element-78b2933 elementor-widget elementor-widget-heading\" data-id=\"78b2933\" data-element_type=\"widget\" data-widget_type=\"heading.default\">\n\t\t\t\t<div class=\"elementor-widget-container\">\n\t\t\t<h2 class=\"elementor-heading-title elementor-size-default\">Iosono etnankoirat ja italianvinttikoirat<\/h2>\t\t<\/div>\n\t\t\t\t<\/div>\n\t\t\t\t<div class=\"elementor-element elementor-element-534873c elementor-widget elementor-widget-text-editor\" data-id=\"534873c\" data-element_type=\"widget\" data-widget_type=\"text-editor.default\">\n\t\t\t\t<div class=\"elementor-widget-container\">\n\t\t\t\t\t\t\t<p style=\"text-align: center;\">Erja Luomanm\u00e4ki &amp; Inka Forss<br \/>Helsinki \/ Espoo<br \/>iosonocirneco@gmail.com<br \/>040 568 0179 (Erja)<br \/>040 165 7010 (Inka)<\/p>\t\t\t\t\t\t<\/div>\n\t\t\t\t<\/div>\n\t\t\t\t\t<\/div>\n\t\t<\/div>\n\t\t\t\t\t\t\t<\/div>\n\t\t<\/section>\n\t\t\t\t\t\t\t<\/div>\n\t\t","protected":false},"excerpt":{"rendered":"<p>Meid\u00e4n italianvinttikoiramme Ensimm\u00e4isen italianvinttikoiramme, Seelan (Necku C&#8217;est Cela), hankimme vuonna 1999. Seela oli luonteeltaan eritt\u00e4in avoin, iloinen ja kaikkia rakastava tapaus. Harrastimme sen kanssa n\u00e4yttelyit\u00e4 sek\u00e4 maastojuoksukilpailuja. Seelan poismenon j\u00e4lkeen meille muutti Seelan tyt\u00e4r Nala (Necku Iosono Verona) vuonna 2003. Nalan sisko Ida (Necku Iosono Vicenza) synnytti ensimm\u00e4isen Iosono-italianvinttikoirapentueen vuonna 2007, ja siit\u00e4 j\u00e4i kotiin&#8230;<\/p>\n","protected":false},"author":1,"featured_media":0,"parent":9,"menu_order":1,"comment_status":"closed","ping_status":"closed","template":"","meta":{"_kad_post_transparent":"","_kad_post_title":"","_kad_post_layout":"","_kad_post_sidebar_id":"","_kad_post_content_style":"","_kad_post_vertical_padding":"","_kad_post_feature":"","_kad_post_feature_position":"","_kad_post_header":false,"_kad_post_footer":false,"_kad_post_classname":"","footnotes":""},"class_list":["post-189","page","type-page","status-publish","hentry"],"_links":{"self":[{"href":"https:\/\/www.iosonocirneco.com\/fi\/wp-json\/wp\/v2\/pages\/189","targetHints":{"allow":["GET"]}}],"collection":[{"href":"https:\/\/www.iosonocirneco.com\/fi\/wp-json\/wp\/v2\/pages"}],"about":[{"href":"https:\/\/www.iosonocirneco.com\/fi\/wp-json\/wp\/v2\/types\/page"}],"author":[{"embeddable":true,"href":"https:\/\/www.iosonocirneco.com\/fi\/wp-json\/wp\/v2\/users\/1"}],"replies":[{"embeddable":true,"href":"https:\/\/www.iosonocirneco.com\/fi\/wp-json\/wp\/v2\/comments?post=189"}],"version-history":[{"count":103,"href":"https:\/\/www.iosonocirneco.com\/fi\/wp-json\/wp\/v2\/pages\/189\/revisions"}],"predecessor-version":[{"id":15177,"href":"https:\/\/www.iosonocirneco.com\/fi\/wp-json\/wp\/v2\/pages\/189\/revisions\/15177"}],"up":[{"embeddable":true,"href":"https:\/\/www.iosonocirneco.com\/fi\/wp-json\/wp\/v2\/pages\/9"}],"wp:attachment":[{"href":"https:\/\/www.iosonocirneco.com\/fi\/wp-json\/wp\/v2\/media?parent=189"}],"curies":[{"name":"wp","href":"https:\/\/api.w.org\/{rel}","templated":true}]}}