{"id":15075,"date":"2026-05-08T14:12:26","date_gmt":"2026-05-08T11:12:26","guid":{"rendered":"https:\/\/www.iosonocirneco.com\/fi\/?page_id=15075"},"modified":"2026-05-09T16:36:38","modified_gmt":"2026-05-09T13:36:38","slug":"hadranensis-zimana","status":"publish","type":"page","link":"https:\/\/www.iosonocirneco.com\/fi\/cirneco-dell-etna\/cirnecomme\/hadranensis-zimana\/","title":{"rendered":"Hadranensis Zimana"},"content":{"rendered":"\t\t<div data-elementor-type=\"wp-page\" data-elementor-id=\"15075\" class=\"elementor elementor-15075\">\n\t\t\t\t\t\t\t\t\t<section class=\"elementor-section elementor-top-section elementor-element elementor-element-e4e155e elementor-section-boxed elementor-section-height-default elementor-section-height-default\" data-id=\"e4e155e\" data-element_type=\"section\">\n\t\t\t\t\t\t<div class=\"elementor-container elementor-column-gap-default\">\n\t\t\t\t\t<div class=\"elementor-column elementor-col-100 elementor-top-column elementor-element elementor-element-31febcb\" data-id=\"31febcb\" data-element_type=\"column\">\n\t\t\t<div class=\"elementor-widget-wrap elementor-element-populated\">\n\t\t\t\t\t\t\t\t<div class=\"elementor-element elementor-element-777222b elementor-widget elementor-widget-heading\" data-id=\"777222b\" data-element_type=\"widget\" data-widget_type=\"heading.default\">\n\t\t\t\t<div class=\"elementor-widget-container\">\n\t\t\t<h1 class=\"elementor-heading-title elementor-size-default\">Hadranensis Zimana<\/h1>\t\t<\/div>\n\t\t\t\t<\/div>\n\t\t\t\t<div class=\"elementor-element elementor-element-bede5cc elementor-widget elementor-widget-image\" data-id=\"bede5cc\" data-element_type=\"widget\" data-widget_type=\"image.default\">\n\t\t\t\t<div class=\"elementor-widget-container\">\n\t\t\t\t\t\t\t\t\t\t\t\t\t\t\t<img loading=\"lazy\" decoding=\"async\" width=\"2048\" height=\"1520\" src=\"https:\/\/www.iosonocirneco.com\/fi\/wp-content\/uploads\/2026\/05\/samba9kk.jpg\" class=\"attachment-full size-full wp-image-15299\" alt=\"\" srcset=\"https:\/\/www.iosonocirneco.com\/fi\/wp-content\/uploads\/2026\/05\/samba9kk.jpg 2048w, https:\/\/www.iosonocirneco.com\/fi\/wp-content\/uploads\/2026\/05\/samba9kk-300x223.jpg 300w, https:\/\/www.iosonocirneco.com\/fi\/wp-content\/uploads\/2026\/05\/samba9kk-1024x760.jpg 1024w, https:\/\/www.iosonocirneco.com\/fi\/wp-content\/uploads\/2026\/05\/samba9kk-768x570.jpg 768w, https:\/\/www.iosonocirneco.com\/fi\/wp-content\/uploads\/2026\/05\/samba9kk-1536x1140.jpg 1536w\" sizes=\"auto, (max-width: 2048px) 100vw, 2048px\" \/>\t\t\t\t\t\t\t\t\t\t\t\t\t\t\t<\/div>\n\t\t\t\t<\/div>\n\t\t\t\t\t<\/div>\n\t\t<\/div>\n\t\t\t\t\t\t\t<\/div>\n\t\t<\/section>\n\t\t\t\t<section class=\"elementor-section elementor-top-section elementor-element elementor-element-654bb14 elementor-section-boxed elementor-section-height-default elementor-section-height-default\" data-id=\"654bb14\" data-element_type=\"section\">\n\t\t\t\t\t\t<div class=\"elementor-container elementor-column-gap-default\">\n\t\t\t\t\t<div class=\"elementor-column elementor-col-50 elementor-top-column elementor-element elementor-element-221b1bf\" data-id=\"221b1bf\" data-element_type=\"column\">\n\t\t\t<div class=\"elementor-widget-wrap elementor-element-populated\">\n\t\t\t\t\t\t\t\t<div class=\"elementor-element elementor-element-db704fd elementor-widget elementor-widget-image\" data-id=\"db704fd\" data-element_type=\"widget\" data-widget_type=\"image.default\">\n\t\t\t\t<div class=\"elementor-widget-container\">\n\t\t\t\t\t\t\t\t\t\t\t\t\t\t\t<img loading=\"lazy\" decoding=\"async\" width=\"1024\" height=\"1024\" src=\"https:\/\/www.iosonocirneco.com\/fi\/wp-content\/uploads\/2026\/05\/sambapaa-nelio2-1024x1024.jpg\" class=\"attachment-large size-large wp-image-15302\" alt=\"\" srcset=\"https:\/\/www.iosonocirneco.com\/fi\/wp-content\/uploads\/2026\/05\/sambapaa-nelio2-1024x1024.jpg 1024w, https:\/\/www.iosonocirneco.com\/fi\/wp-content\/uploads\/2026\/05\/sambapaa-nelio2-300x300.jpg 300w, https:\/\/www.iosonocirneco.com\/fi\/wp-content\/uploads\/2026\/05\/sambapaa-nelio2-150x150.jpg 150w, https:\/\/www.iosonocirneco.com\/fi\/wp-content\/uploads\/2026\/05\/sambapaa-nelio2-768x768.jpg 768w, https:\/\/www.iosonocirneco.com\/fi\/wp-content\/uploads\/2026\/05\/sambapaa-nelio2-1536x1536.jpg 1536w, https:\/\/www.iosonocirneco.com\/fi\/wp-content\/uploads\/2026\/05\/sambapaa-nelio2-2048x2048.jpg 2048w\" sizes=\"auto, (max-width: 1024px) 100vw, 1024px\" \/>\t\t\t\t\t\t\t\t\t\t\t\t\t\t\t<\/div>\n\t\t\t\t<\/div>\n\t\t\t\t\t<\/div>\n\t\t<\/div>\n\t\t\t\t<div class=\"elementor-column elementor-col-50 elementor-top-column elementor-element elementor-element-bb24a20\" data-id=\"bb24a20\" data-element_type=\"column\">\n\t\t\t<div class=\"elementor-widget-wrap elementor-element-populated\">\n\t\t\t\t\t\t\t\t<div class=\"elementor-element elementor-element-d1c121f elementor-widget elementor-widget-shortcode\" data-id=\"d1c121f\" data-element_type=\"widget\" data-widget_type=\"shortcode.default\">\n\t\t\t\t<div class=\"elementor-widget-container\">\n\t\t\t\t\t<div class=\"elementor-shortcode\">\n<table id=\"tablepress-20\" class=\"tablepress tablepress-id-20\">\n<thead>\n<tr class=\"row-1 odd\">\n\t<th class=\"column-1\">Kutsumanimi<\/th><th class=\"column-2\">Samba<\/th>\n<\/tr>\n<\/thead>\n<tbody class=\"row-hover\">\n<tr class=\"row-2 even\">\n\t<td class=\"column-1\">Virallinen nimi<\/td><td class=\"column-2\">Hadranensis Zimana<\/td>\n<\/tr>\n<tr class=\"row-3 odd\">\n\t<td class=\"column-1\">Sukupuoli<\/td><td class=\"column-2\">Narttu<\/td>\n<\/tr>\n<tr class=\"row-4 even\">\n\t<td class=\"column-1\">Syntym\u00e4aika<\/td><td class=\"column-2\">20.6.2025<\/td>\n<\/tr>\n<tr class=\"row-5 odd\">\n\t<td class=\"column-1\">Kasvattaja<\/td><td class=\"column-2\">Jane Moore, Domenico Tricomi Italia<\/td>\n<\/tr>\n<tr class=\"row-6 even\">\n\t<td class=\"column-1\">Omistaja<\/td><td class=\"column-2\">Emilia Luomanm\u00e4ki, Inka Forss<\/td>\n<\/tr>\n<tr class=\"row-7 odd\">\n\t<td class=\"column-1\">MyDogDNA<\/td><td class=\"column-2\">Ei kanna testattuja sairauksia, monimuotoisuus 38 %<\/td>\n<\/tr>\n<\/tbody>\n<\/table>\n<!-- #tablepress-20 from cache --><\/div>\n\t\t\t\t<\/div>\n\t\t\t\t<\/div>\n\t\t\t\t\t<\/div>\n\t\t<\/div>\n\t\t\t\t\t\t\t<\/div>\n\t\t<\/section>\n\t\t\t\t<section class=\"elementor-section elementor-top-section elementor-element elementor-element-655b0a6 elementor-section-boxed elementor-section-height-default elementor-section-height-default\" data-id=\"655b0a6\" data-element_type=\"section\">\n\t\t\t\t\t\t<div class=\"elementor-container elementor-column-gap-default\">\n\t\t\t\t\t<div class=\"elementor-column elementor-col-100 elementor-top-column elementor-element elementor-element-71617c8\" data-id=\"71617c8\" data-element_type=\"column\">\n\t\t\t<div class=\"elementor-widget-wrap elementor-element-populated\">\n\t\t\t\t\t\t\t\t<div class=\"elementor-element elementor-element-eec3357 elementor-widget elementor-widget-spacer\" data-id=\"eec3357\" data-element_type=\"widget\" data-widget_type=\"spacer.default\">\n\t\t\t\t<div class=\"elementor-widget-container\">\n\t\t\t\t\t<div class=\"elementor-spacer\">\n\t\t\t<div class=\"elementor-spacer-inner\"><\/div>\n\t\t<\/div>\n\t\t\t\t<\/div>\n\t\t\t\t<\/div>\n\t\t\t\t\t<\/div>\n\t\t<\/div>\n\t\t\t\t\t\t\t<\/div>\n\t\t<\/section>\n\t\t\t\t<section class=\"elementor-section elementor-top-section elementor-element elementor-element-0cf22fe elementor-section-boxed elementor-section-height-default elementor-section-height-default\" data-id=\"0cf22fe\" data-element_type=\"section\">\n\t\t\t\t\t\t<div class=\"elementor-container elementor-column-gap-default\">\n\t\t\t\t\t<div class=\"elementor-column elementor-col-50 elementor-top-column elementor-element elementor-element-704ae49\" data-id=\"704ae49\" data-element_type=\"column\">\n\t\t\t<div class=\"elementor-widget-wrap elementor-element-populated\">\n\t\t\t\t\t\t\t\t<div class=\"elementor-element elementor-element-9510174 elementor-align-center elementor-widget elementor-widget-button\" data-id=\"9510174\" data-element_type=\"widget\" data-widget_type=\"button.default\">\n\t\t\t\t<div class=\"elementor-widget-container\">\n\t\t\t\t\t<div class=\"elementor-button-wrapper\">\n\t\t\t<a href=\"https:\/\/jalostus.kennelliitto.fi\/frmKoira.aspx?RekNo=ER11513%2F26&#038;R=199\" target=\"_blank\" class=\"elementor-button-link elementor-button elementor-size-sm\" role=\"button\">\n\t\t\t\t\t\t<span class=\"elementor-button-content-wrapper\">\n\t\t\t\t\t\t<span class=\"elementor-button-text\">Samba jalostustietoj\u00e4rjestelm\u00e4ss\u00e4<\/span>\n\t\t<\/span>\n\t\t\t\t\t<\/a>\n\t\t<\/div>\n\t\t\t\t<\/div>\n\t\t\t\t<\/div>\n\t\t\t\t\t<\/div>\n\t\t<\/div>\n\t\t\t\t<div class=\"elementor-column elementor-col-50 elementor-top-column elementor-element elementor-element-6c51fec\" data-id=\"6c51fec\" data-element_type=\"column\">\n\t\t\t<div class=\"elementor-widget-wrap elementor-element-populated\">\n\t\t\t\t\t\t\t\t<div class=\"elementor-element elementor-element-ea70d31 elementor-align-center elementor-widget elementor-widget-button\" data-id=\"ea70d31\" data-element_type=\"widget\" data-widget_type=\"button.default\">\n\t\t\t\t<div class=\"elementor-widget-container\">\n\t\t\t\t\t<div class=\"elementor-button-wrapper\">\n\t\t\t<a href=\"https:\/\/cirneco.breedarchive.com\/animal\/view\/hadranensis-zimana-16e4f239-072e-4558-bcad-3fe7527a03e7\" target=\"_blank\" class=\"elementor-button-link elementor-button elementor-size-sm\" role=\"button\">\n\t\t\t\t\t\t<span class=\"elementor-button-content-wrapper\">\n\t\t\t\t\t\t<span class=\"elementor-button-text\">Samba Cirneco dell'Etna Breed Archivessa<\/span>\n\t\t<\/span>\n\t\t\t\t\t<\/a>\n\t\t<\/div>\n\t\t\t\t<\/div>\n\t\t\t\t<\/div>\n\t\t\t\t\t<\/div>\n\t\t<\/div>\n\t\t\t\t\t\t\t<\/div>\n\t\t<\/section>\n\t\t\t\t<section class=\"elementor-section elementor-top-section elementor-element elementor-element-1e55ca4 elementor-section-boxed elementor-section-height-default elementor-section-height-default\" data-id=\"1e55ca4\" data-element_type=\"section\">\n\t\t\t\t\t\t<div class=\"elementor-container elementor-column-gap-default\">\n\t\t\t\t\t<div class=\"elementor-column elementor-col-100 elementor-top-column elementor-element elementor-element-e6c68ce\" data-id=\"e6c68ce\" data-element_type=\"column\">\n\t\t\t<div class=\"elementor-widget-wrap elementor-element-populated\">\n\t\t\t\t\t\t\t\t<div class=\"elementor-element elementor-element-b53bb63 elementor-widget elementor-widget-spacer\" data-id=\"b53bb63\" data-element_type=\"widget\" data-widget_type=\"spacer.default\">\n\t\t\t\t<div class=\"elementor-widget-container\">\n\t\t\t\t\t<div class=\"elementor-spacer\">\n\t\t\t<div class=\"elementor-spacer-inner\"><\/div>\n\t\t<\/div>\n\t\t\t\t<\/div>\n\t\t\t\t<\/div>\n\t\t\t\t\t<\/div>\n\t\t<\/div>\n\t\t\t\t\t\t\t<\/div>\n\t\t<\/section>\n\t\t\t\t<section class=\"elementor-section elementor-top-section elementor-element elementor-element-e19b52d elementor-section-boxed elementor-section-height-default elementor-section-height-default\" data-id=\"e19b52d\" data-element_type=\"section\">\n\t\t\t\t\t\t<div class=\"elementor-container elementor-column-gap-default\">\n\t\t\t\t\t<div class=\"elementor-column elementor-col-100 elementor-top-column elementor-element elementor-element-68625c8\" data-id=\"68625c8\" data-element_type=\"column\">\n\t\t\t<div class=\"elementor-widget-wrap elementor-element-populated\">\n\t\t\t\t\t\t\t\t<div class=\"elementor-element elementor-element-bbf9bf9 elementor-widget elementor-widget-heading\" data-id=\"bbf9bf9\" data-element_type=\"widget\" data-widget_type=\"heading.default\">\n\t\t\t\t<div class=\"elementor-widget-container\">\n\t\t\t<h2 class=\"elementor-heading-title elementor-size-default\">Kuvia Sambasta<\/h2>\t\t<\/div>\n\t\t\t\t<\/div>\n\t\t\t\t\t<\/div>\n\t\t<\/div>\n\t\t\t\t\t\t\t<\/div>\n\t\t<\/section>\n\t\t\t\t<section class=\"elementor-section elementor-top-section elementor-element elementor-element-5d6b8f3 elementor-section-boxed elementor-section-height-default elementor-section-height-default\" data-id=\"5d6b8f3\" data-element_type=\"section\">\n\t\t\t\t\t\t<div class=\"elementor-container elementor-column-gap-default\">\n\t\t\t\t\t<div class=\"elementor-column elementor-col-100 elementor-top-column elementor-element elementor-element-1c17206\" data-id=\"1c17206\" data-element_type=\"column\">\n\t\t\t<div class=\"elementor-widget-wrap elementor-element-populated\">\n\t\t\t\t\t\t\t\t<div class=\"elementor-element elementor-element-d9f75b6 elementor-widget elementor-widget-shortcode\" data-id=\"d9f75b6\" data-element_type=\"widget\" data-widget_type=\"shortcode.default\">\n\t\t\t\t<div class=\"elementor-widget-container\">\n\t\t\t\t\t<div class=\"elementor-shortcode\"> <div  id=\"jtg-15080\" class=\"modula modula-gallery modula-columns\" data-config=\"{&quot;tabletHeight&quot;:800,&quot;mobileHeight&quot;:800,&quot;desktopHeight&quot;:800,&quot;enableTwitter&quot;:false,&quot;enableWhatsapp&quot;:false,&quot;enableFacebook&quot;:false,&quot;enablePinterest&quot;:false,&quot;enableLinkedin&quot;:false,&quot;enableEmail&quot;:false,&quot;randomFactor&quot;:0.5,&quot;type&quot;:&quot;grid&quot;,&quot;columns&quot;:12,&quot;gutter&quot;:1,&quot;mobileGutter&quot;:1,&quot;tabletGutter&quot;:1,&quot;desktopGutter&quot;:1,&quot;enableResponsive&quot;:true,&quot;tabletColumns&quot;:2,&quot;mobileColumns&quot;:1,&quot;lazyLoad&quot;:0,&quot;lightboxOpts&quot;:{&quot;animated&quot;:true,&quot;Thumbs&quot;:{&quot;type&quot;:&quot;modern&quot;,&quot;showOnStart&quot;:false},&quot;Toolbar&quot;:{&quot;display&quot;:{&quot;right&quot;:[&quot;close&quot;]},&quot;enabled&quot;:true},&quot;Carousel&quot;:{&quot;Panzoom&quot;:{&quot;touch&quot;:true},&quot;infinite&quot;:false},&quot;keyboard&quot;:{&quot;Escape&quot;:&quot;close&quot;,&quot;Delete&quot;:&quot;close&quot;,&quot;Backspace&quot;:&quot;close&quot;,&quot;PageUp&quot;:false,&quot;PageDown&quot;:false,&quot;ArrowUp&quot;:false,&quot;ArrowDown&quot;:false,&quot;ArrowRight&quot;:false,&quot;ArrowLeft&quot;:false},&quot;touch&quot;:false,&quot;backdropClick&quot;:false,&quot;l10n&quot;:{&quot;CLOSE&quot;:&quot;Close&quot;,&quot;NEXT&quot;:&quot;Next&quot;,&quot;PREV&quot;:&quot;Previous&quot;,&quot;Error&quot;:&quot;The requested content cannot be loaded. Please try again later.&quot;,&quot;PLAY_START&quot;:&quot;Start slideshow&quot;,&quot;PLAY_STOP&quot;:&quot;Pause slideshow&quot;,&quot;FULL_SCREEN&quot;:&quot;Full screen&quot;,&quot;THUMBS&quot;:&quot;Thumbnails&quot;,&quot;DOWNLOAD&quot;:&quot;Download&quot;,&quot;SHARE&quot;:&quot;Share&quot;,&quot;ZOOM&quot;:&quot;Zoom&quot;,&quot;EMAIL&quot;:&quot;Here is the link to the image : %%image_link%% and this is the link to the gallery : %%gallery_link%%&quot;,&quot;MODAL&quot;:&quot;You can close this modal content with the ESC key&quot;,&quot;ERROR&quot;:&quot;Something Went Wrong, Please Try Again Later&quot;,&quot;IMAGE_ERROR&quot;:&quot;Image Not Found&quot;,&quot;ELEMENT_NOT_FOUND&quot;:&quot;HTML Element Not Found&quot;,&quot;AJAX_NOT_FOUND&quot;:&quot;Error Loading AJAX : Not Found&quot;,&quot;AJAX_FORBIDDEN&quot;:&quot;Error Loading AJAX : Forbidden&quot;,&quot;IFRAME_ERROR&quot;:&quot;Error Loading Page&quot;,&quot;TOGGLE_ZOOM&quot;:&quot;Toggle zoom level&quot;,&quot;TOGGLE_THUMBS&quot;:&quot;Toggle thumbnails&quot;,&quot;TOGGLE_SLIDESHOW&quot;:&quot;Toggle slideshow&quot;,&quot;TOGGLE_FULLSCREEN&quot;:&quot;Toggle full-screen mode&quot;},&quot;Images&quot;:{&quot;Panzoom&quot;:{&quot;maxScale&quot;:2}},&quot;mainClass&quot;:&quot;modula-fancybox-container modula-lightbox-jtg-15080&quot;,&quot;Html&quot;:{&quot;videoAutoplay&quot;:0,&quot;videoTpl&quot;:&quot;&lt;video class=\\&quot;fancybox__html5video\\&quot; controls muted playsinline controlsList controlsList=\\&quot;nodownload\\&quot; poster=\\&quot;{{poster}}\\&quot; src=\\&quot;{{src}}\\&quot; type=\\&quot;{{format}}\\&quot; &gt;  Sorry, your browser doesn&#039;t support embedded videos, &lt;a href=\\&quot;{{src}}\\&quot;&gt; download &lt;\\\/a&gt; and watch with your favorite video player! &lt;\\\/video&gt;&quot;}},&quot;inView&quot;:false,&quot;email_subject&quot;:&quot;Check out this awesome image !!&quot;,&quot;email_message&quot;:&quot;Here is the link to the image : %%image_link%% and this is the link to the gallery : %%gallery_link%%&quot;,&quot;grid_type&quot;:&quot;4&quot;,&quot;rowHeight&quot;:250,&quot;lastRow&quot;:&quot;justify&quot;,&quot;lightbox&quot;:&quot;fancybox&quot;}\">\n\n\t<div class=\"modula-grid-sizer\"> <\/div>\n\t<div  class=\"modula-items grid-gallery\">\n\t\t<div class=\"modula-item\" >\n\t<div class=\"modula-item-content\">\n\t\t\n\t\t\t\t\t<a data-image-id=\"15076\" role=\"button\" data-elementor-open-lightbox=\"no\" tabindex=\"0\" rel=\"jtg-15080\" data-caption=\"\" aria-label=\"Open image in lightbox\" class=\"tile-inner modula-item-link\"><\/a>\n\t\t\n\t\t<img loading=\"lazy\" decoding=\"async\" class=\"pic wp-image-15076\"  data-valign=\"middle\" data-halign=\"center\" alt=\"\" data-full=\"https:\/\/www.iosonocirneco.com\/fi\/wp-content\/uploads\/2026\/05\/samba6kk.jpg\" title=\"samba6kk\" crop=\"\" width=\"1024\" height=\"886\" src=\"https:\/\/www.iosonocirneco.com\/fi\/wp-content\/uploads\/2026\/05\/samba6kk-1024x886.jpg\" data-src=\"https:\/\/www.iosonocirneco.com\/fi\/wp-content\/uploads\/2026\/05\/samba6kk-1024x886.jpg\" data-caption=\"\" srcset=\"https:\/\/www.iosonocirneco.com\/fi\/wp-content\/uploads\/2026\/05\/samba6kk-scaled.jpg 2560w, https:\/\/www.iosonocirneco.com\/fi\/wp-content\/uploads\/2026\/05\/samba6kk-300x260.jpg 300w, https:\/\/www.iosonocirneco.com\/fi\/wp-content\/uploads\/2026\/05\/samba6kk-scaled-1024x886.jpg 1024w, https:\/\/www.iosonocirneco.com\/fi\/wp-content\/uploads\/2026\/05\/samba6kk-768x665.jpg 768w, https:\/\/www.iosonocirneco.com\/fi\/wp-content\/uploads\/2026\/05\/samba6kk-1536x1329.jpg 1536w, https:\/\/www.iosonocirneco.com\/fi\/wp-content\/uploads\/2026\/05\/samba6kk-2048x1773.jpg 2048w\" sizes=\"auto, (max-width: 1024px) 100vw, 1024px\" \/>\n\t<\/div>\n\n<\/div><div class=\"modula-item\" >\n\t<div class=\"modula-item-content\">\n\t\t\n\t\t\t\t\t<a data-image-id=\"14195\" role=\"button\" data-elementor-open-lightbox=\"no\" tabindex=\"0\" rel=\"jtg-15080\" data-caption=\"\" aria-label=\"Open image in lightbox\" class=\"tile-inner modula-item-link\"><\/a>\n\t\t\n\t\t<img loading=\"lazy\" decoding=\"async\" class=\"pic wp-image-14195\"  data-valign=\"middle\" data-halign=\"center\" alt=\"\" data-full=\"https:\/\/www.iosonocirneco.com\/fi\/wp-content\/uploads\/2026\/05\/sambapaa2.jpg\" title=\"sambapaa2\" crop=\"\" width=\"1024\" height=\"1024\" src=\"https:\/\/www.iosonocirneco.com\/fi\/wp-content\/uploads\/2026\/05\/sambapaa2-1024x1024.jpg\" data-src=\"https:\/\/www.iosonocirneco.com\/fi\/wp-content\/uploads\/2026\/05\/sambapaa2-1024x1024.jpg\" data-caption=\"\" srcset=\"https:\/\/www.iosonocirneco.com\/fi\/wp-content\/uploads\/2026\/05\/sambapaa2-scaled.jpg 2560w, https:\/\/www.iosonocirneco.com\/fi\/wp-content\/uploads\/2026\/05\/sambapaa2-300x300.jpg 300w, https:\/\/www.iosonocirneco.com\/fi\/wp-content\/uploads\/2026\/05\/sambapaa2-scaled-1024x1024.jpg 1024w, https:\/\/www.iosonocirneco.com\/fi\/wp-content\/uploads\/2026\/05\/sambapaa2-150x150.jpg 150w, https:\/\/www.iosonocirneco.com\/fi\/wp-content\/uploads\/2026\/05\/sambapaa2-768x768.jpg 768w, https:\/\/www.iosonocirneco.com\/fi\/wp-content\/uploads\/2026\/05\/sambapaa2-1536x1536.jpg 1536w, https:\/\/www.iosonocirneco.com\/fi\/wp-content\/uploads\/2026\/05\/sambapaa2-2048x2048.jpg 2048w\" sizes=\"auto, (max-width: 1024px) 100vw, 1024px\" \/>\n\t<\/div>\n\n<\/div><div class=\"modula-item\" >\n\t<div class=\"modula-item-content\">\n\t\t\n\t\t\t\t\t<a data-image-id=\"15302\" role=\"button\" data-elementor-open-lightbox=\"no\" tabindex=\"0\" rel=\"jtg-15080\" data-caption=\"\" aria-label=\"Open image in lightbox\" class=\"tile-inner modula-item-link\"><\/a>\n\t\t\n\t\t<img loading=\"lazy\" decoding=\"async\" class=\"pic wp-image-15302\"  data-valign=\"middle\" data-halign=\"center\" alt=\"\" data-full=\"https:\/\/www.iosonocirneco.com\/fi\/wp-content\/uploads\/2026\/05\/sambapaa-nelio2.jpg\" title=\"sambapaa-nelio2\" crop=\"\" width=\"1024\" height=\"1024\" src=\"https:\/\/www.iosonocirneco.com\/fi\/wp-content\/uploads\/2026\/05\/sambapaa-nelio2-1024x1024.jpg\" data-src=\"https:\/\/www.iosonocirneco.com\/fi\/wp-content\/uploads\/2026\/05\/sambapaa-nelio2-1024x1024.jpg\" data-caption=\"\" srcset=\"https:\/\/www.iosonocirneco.com\/fi\/wp-content\/uploads\/2026\/05\/sambapaa-nelio2-scaled.jpg 2560w, https:\/\/www.iosonocirneco.com\/fi\/wp-content\/uploads\/2026\/05\/sambapaa-nelio2-300x300.jpg 300w, https:\/\/www.iosonocirneco.com\/fi\/wp-content\/uploads\/2026\/05\/sambapaa-nelio2-scaled-1024x1024.jpg 1024w, https:\/\/www.iosonocirneco.com\/fi\/wp-content\/uploads\/2026\/05\/sambapaa-nelio2-150x150.jpg 150w, https:\/\/www.iosonocirneco.com\/fi\/wp-content\/uploads\/2026\/05\/sambapaa-nelio2-768x768.jpg 768w, https:\/\/www.iosonocirneco.com\/fi\/wp-content\/uploads\/2026\/05\/sambapaa-nelio2-1536x1536.jpg 1536w, https:\/\/www.iosonocirneco.com\/fi\/wp-content\/uploads\/2026\/05\/sambapaa-nelio2-2048x2048.jpg 2048w\" sizes=\"auto, (max-width: 1024px) 100vw, 1024px\" \/>\n\t<\/div>\n\n<\/div><div class=\"modula-item\" >\n\t<div class=\"modula-item-content\">\n\t\t\n\t\t\t\t\t<a data-image-id=\"15299\" role=\"button\" data-elementor-open-lightbox=\"no\" tabindex=\"0\" rel=\"jtg-15080\" data-caption=\"\" aria-label=\"Open image in lightbox\" class=\"tile-inner modula-item-link\"><\/a>\n\t\t\n\t\t<img loading=\"lazy\" decoding=\"async\" class=\"pic wp-image-15299\"  data-valign=\"middle\" data-halign=\"center\" alt=\"\" data-full=\"https:\/\/www.iosonocirneco.com\/fi\/wp-content\/uploads\/2026\/05\/samba9kk.jpg\" title=\"samba9kk\" crop=\"\" width=\"1024\" height=\"760\" src=\"https:\/\/www.iosonocirneco.com\/fi\/wp-content\/uploads\/2026\/05\/samba9kk-1024x760.jpg\" data-src=\"https:\/\/www.iosonocirneco.com\/fi\/wp-content\/uploads\/2026\/05\/samba9kk-1024x760.jpg\" data-caption=\"\" srcset=\"https:\/\/www.iosonocirneco.com\/fi\/wp-content\/uploads\/2026\/05\/samba9kk.jpg 2048w, https:\/\/www.iosonocirneco.com\/fi\/wp-content\/uploads\/2026\/05\/samba9kk-300x223.jpg 300w, https:\/\/www.iosonocirneco.com\/fi\/wp-content\/uploads\/2026\/05\/samba9kk-1024x760.jpg 1024w, https:\/\/www.iosonocirneco.com\/fi\/wp-content\/uploads\/2026\/05\/samba9kk-768x570.jpg 768w, https:\/\/www.iosonocirneco.com\/fi\/wp-content\/uploads\/2026\/05\/samba9kk-1536x1140.jpg 1536w\" sizes=\"auto, (max-width: 1024px) 100vw, 1024px\" \/>\n\t<\/div>\n\n<\/div>\t\t\n\t<\/div>\n\n\t\n\t\n\t<script type=\"application\/ld+json\">\n\t{\n\t\t\"@context\": \"https:\/\/schema.org\",\n\t\t\"@type\"   : \"ImageGallery\",\n\t\t\"id\"      : \"https:\/\/www.iosonocirneco.com\/fi\/cirneco-dell-etna\/cirnecomme\/hadranensis-zimana\/#modula-gallery-15080\",\n\t\t\"url\"     : \"https:\/\/www.iosonocirneco.com\/fi\/cirneco-dell-etna\/cirnecomme\/hadranensis-zimana\/\"\n\t}\n\n\t<\/script>\n\n\t\n<\/div>\n <\/div>\n\t\t\t\t<\/div>\n\t\t\t\t<\/div>\n\t\t\t\t\t<\/div>\n\t\t<\/div>\n\t\t\t\t\t\t\t<\/div>\n\t\t<\/section>\n\t\t\t\t<section class=\"elementor-section elementor-top-section elementor-element elementor-element-1c899ad elementor-section-boxed elementor-section-height-default elementor-section-height-default\" data-id=\"1c899ad\" data-element_type=\"section\">\n\t\t\t\t\t\t<div class=\"elementor-container elementor-column-gap-default\">\n\t\t\t\t\t<div class=\"elementor-column elementor-col-100 elementor-top-column elementor-element elementor-element-70f6464\" data-id=\"70f6464\" data-element_type=\"column\">\n\t\t\t<div class=\"elementor-widget-wrap elementor-element-populated\">\n\t\t\t\t\t\t\t\t<div class=\"elementor-element elementor-element-a835ef2 elementor-widget elementor-widget-spacer\" data-id=\"a835ef2\" data-element_type=\"widget\" data-widget_type=\"spacer.default\">\n\t\t\t\t<div class=\"elementor-widget-container\">\n\t\t\t\t\t<div class=\"elementor-spacer\">\n\t\t\t<div class=\"elementor-spacer-inner\"><\/div>\n\t\t<\/div>\n\t\t\t\t<\/div>\n\t\t\t\t<\/div>\n\t\t\t\t<div class=\"elementor-element elementor-element-558567d elementor-align-center elementor-widget elementor-widget-button\" data-id=\"558567d\" data-element_type=\"widget\" data-widget_type=\"button.default\">\n\t\t\t\t<div class=\"elementor-widget-container\">\n\t\t\t\t\t<div class=\"elementor-button-wrapper\">\n\t\t\t<a href=\"https:\/\/www.iosonocirneco.com\/fi\/cirneco-dell-etna\/cirnecomme\/\" class=\"elementor-button-link elementor-button elementor-size-sm\" role=\"button\">\n\t\t\t\t\t\t<span class=\"elementor-button-content-wrapper\">\n\t\t\t\t\t\t<span class=\"elementor-button-text\">Takaisin etnankoiramme-sivulle<\/span>\n\t\t<\/span>\n\t\t\t\t\t<\/a>\n\t\t<\/div>\n\t\t\t\t<\/div>\n\t\t\t\t<\/div>\n\t\t\t\t\t<\/div>\n\t\t<\/div>\n\t\t\t\t\t\t\t<\/div>\n\t\t<\/section>\n\t\t\t\t\t\t\t<\/div>\n\t\t","protected":false},"excerpt":{"rendered":"<p>Hadranensis Zimana Samba jalostustietoj\u00e4rjestelm\u00e4ss\u00e4 Samba Cirneco dell&#8217;Etna Breed Archivessa Kuvia Sambasta Takaisin etnankoiramme-sivulle<\/p>\n","protected":false},"author":1,"featured_media":0,"parent":114,"menu_order":0,"comment_status":"closed","ping_status":"closed","template":"","meta":{"_kad_post_transparent":"","_kad_post_title":"","_kad_post_layout":"","_kad_post_sidebar_id":"","_kad_post_content_style":"","_kad_post_vertical_padding":"","_kad_post_feature":"","_kad_post_feature_position":"","_kad_post_header":false,"_kad_post_footer":false,"_kad_post_classname":"","footnotes":""},"class_list":["post-15075","page","type-page","status-publish","hentry"],"_links":{"self":[{"href":"https:\/\/www.iosonocirneco.com\/fi\/wp-json\/wp\/v2\/pages\/15075","targetHints":{"allow":["GET"]}}],"collection":[{"href":"https:\/\/www.iosonocirneco.com\/fi\/wp-json\/wp\/v2\/pages"}],"about":[{"href":"https:\/\/www.iosonocirneco.com\/fi\/wp-json\/wp\/v2\/types\/page"}],"author":[{"embeddable":true,"href":"https:\/\/www.iosonocirneco.com\/fi\/wp-json\/wp\/v2\/users\/1"}],"replies":[{"embeddable":true,"href":"https:\/\/www.iosonocirneco.com\/fi\/wp-json\/wp\/v2\/comments?post=15075"}],"version-history":[{"count":9,"href":"https:\/\/www.iosonocirneco.com\/fi\/wp-json\/wp\/v2\/pages\/15075\/revisions"}],"predecessor-version":[{"id":15305,"href":"https:\/\/www.iosonocirneco.com\/fi\/wp-json\/wp\/v2\/pages\/15075\/revisions\/15305"}],"up":[{"embeddable":true,"href":"https:\/\/www.iosonocirneco.com\/fi\/wp-json\/wp\/v2\/pages\/114"}],"wp:attachment":[{"href":"https:\/\/www.iosonocirneco.com\/fi\/wp-json\/wp\/v2\/media?parent=15075"}],"curies":[{"name":"wp","href":"https:\/\/api.w.org\/{rel}","templated":true}]}}